{"id":33407,"date":"2025-02-20T22:33:19","date_gmt":"2025-02-20T22:33:19","guid":{"rendered":"https:\/\/olemosaic.orbitalia.org\/producto\/llavero-de-madera-letra-i-mosaico\/"},"modified":"2025-07-25T20:00:51","modified_gmt":"2025-07-25T18:00:51","slug":"porta-chaves-de-madeira-letra-i-mosaico","status":"publish","type":"product","link":"https:\/\/olemosaic.orbitalia.org\/pt-pt\/produto\/porta-chaves-de-madeira-letra-i-mosaico\/","title":{"rendered":"Porta-chaves de madeira. Letra I. Mosaico."},"content":{"rendered":"<p>Este porta-chaves de madeira com a letra &#8220;I&#8221; \u00e9 uma aut\u00eantica homenagem \u00e0 rica tradi\u00e7\u00e3o art\u00edstica espanhola. Com um design vibrante, este porta-chaves n\u00e3o s\u00f3 \u00e9 funcional, como tamb\u00e9m uma pe\u00e7a decorativa que capta a ess\u00eancia do mosaico andaluz. Fabricado em madeira de alta qualidade, o seu acabamento suave garante durabilidade, enquanto as figuras geom\u00e9tricas em tons de azul, vermelho, amarelo e rosa lhe conferem um apelo visual inigual\u00e1vel. Este design apelativo real\u00e7a a cultura espanhola e recorda a riqueza da arte do mosaico presente em locais emblem\u00e1ticos como a Alhambra de Granada.<\/p>\n<p>A forma original da letra &#8220;I&#8221; acrescenta um toque personalizado, tornando-o um presente ideal ou uma recorda\u00e7\u00e3o especial para quem deseja levar consigo um pouco da diversidade cultural de Espanha. \u00c9 uma op\u00e7\u00e3o perfeita para turistas que procuram souvenirs \u00fanicos e representativos, bem como para lojas de presentes tur\u00edsticos que desejem oferecer artigos aut\u00eanticos e de qualidade. Na Ol\u00e9 Mosaic, como distribuidores de souvenirs por grosso, este porta-chaves de mosaico \u00e9 uma excelente adi\u00e7\u00e3o ao seu invent\u00e1rio, destacando a tradi\u00e7\u00e3o artesanal da nossa terra.<\/p>\n","protected":false},"excerpt":{"rendered":"<p>Porta-chaves de madeira com a forma da letra &#8220;I&#8221;, decorado com mosaicos coloridos que evocam a riqueza art\u00edstica de Espanha. Este original porta-chaves de madeira apresenta um design vibrante com figuras geom\u00e9tricas em tons de azul, vermelho, amarelo e rosa, que recordam a tradi\u00e7\u00e3o do mosaico andaluz. O seu acabamento suave e forma original tornam-no numa recorda\u00e7\u00e3o ideal para levar as suas chaves com estilo.<\/p>\n","protected":false},"featured_media":10759,"template":"","meta":{"_acf_changed":false},"product_brand":[],"product_cat":[611],"product_tag":[612],"class_list":{"0":"post-33407","1":"product","2":"type-product","3":"status-publish","4":"has-post-thumbnail","6":"product_cat-porta-chaves","7":"product_tag-cartas","8":"pa_motivo-letra-i","10":"first","11":"instock","12":"shipping-taxable","13":"product-type-simple"},"acf":[],"_links":{"self":[{"href":"https:\/\/olemosaic.orbitalia.org\/pt-pt\/wp-json\/wp\/v2\/product\/33407","targetHints":{"allow":["GET"]}}],"collection":[{"href":"https:\/\/olemosaic.orbitalia.org\/pt-pt\/wp-json\/wp\/v2\/product"}],"about":[{"href":"https:\/\/olemosaic.orbitalia.org\/pt-pt\/wp-json\/wp\/v2\/types\/product"}],"wp:featuredmedia":[{"embeddable":true,"href":"https:\/\/olemosaic.orbitalia.org\/pt-pt\/wp-json\/wp\/v2\/media\/10759"}],"wp:attachment":[{"href":"https:\/\/olemosaic.orbitalia.org\/pt-pt\/wp-json\/wp\/v2\/media?parent=33407"}],"wp:term":[{"taxonomy":"product_brand","embeddable":true,"href":"https:\/\/olemosaic.orbitalia.org\/pt-pt\/wp-json\/wp\/v2\/product_brand?post=33407"},{"taxonomy":"product_cat","embeddable":true,"href":"https:\/\/olemosaic.orbitalia.org\/pt-pt\/wp-json\/wp\/v2\/product_cat?post=33407"},{"taxonomy":"product_tag","embeddable":true,"href":"https:\/\/olemosaic.orbitalia.org\/pt-pt\/wp-json\/wp\/v2\/product_tag?post=33407"}],"curies":[{"name":"wp","href":"https:\/\/api.w.org\/{rel}","templated":true}]}}