{"id":33396,"date":"2025-02-20T23:33:19","date_gmt":"2025-02-20T22:33:19","guid":{"rendered":"https:\/\/olemosaic.orbitalia.org\/producto\/llavero-de-madera-letra-i-barcelona-2\/"},"modified":"2025-07-25T19:39:27","modified_gmt":"2025-07-25T17:39:27","slug":"porta-chaves-de-madeira-letra-i-barcelona-2","status":"publish","type":"product","link":"https:\/\/olemosaic.orbitalia.org\/pt-pt\/produto\/porta-chaves-de-madeira-letra-i-barcelona-2\/","title":{"rendered":"Porta-chaves de madeira. Letra I. Sagrada Fam\u00edlia. Barcelona."},"content":{"rendered":"<p>Este porta-chaves de madeira com a forma da letra &#8220;I&#8221; \u00e9 um artigo distintivo que captura a ess\u00eancia de Barcelona e da sua emblem\u00e1tica Sagrada Fam\u00edlia. Inspirado na obra-prima de Antoni Gaud\u00ed, este porta-chaves apresenta um design vibrante e detalhado que reproduz as majestosas torres da bas\u00edlica, decoradas com uma paleta de cores en\u00e9rgica que evoca o modernismo catal\u00e3o. Na parte inferior, um encantador drag\u00e3o acrescenta um toque de fantasia, recordando a mitologia e o simbolismo que rodeiam a cidade.<\/p>\n<p>Feito de madeira, esta recorda\u00e7\u00e3o n\u00e3o \u00e9 apenas leve e f\u00e1cil de transportar, mas tamb\u00e9m real\u00e7a o artesanato tradicional, tornando-a uma recorda\u00e7\u00e3o aut\u00eantica de uma das cidades mais visitadas de Espanha. A sua forma \u00fanica e o cuidado nos detalhes tornam-no ideal para quem deseja levar um peda\u00e7o de cultura e arte catal\u00e3 no seu dia a dia. Ao escolher este porta-chaves da Sagrada Fam\u00edlia, os turistas obt\u00eam mais do que um simples artigo; adquirem um peda\u00e7o da hist\u00f3ria de Barcelona que poder\u00e3o exibir com orgulho.<\/p>\n<p>Na Ol\u00e9 Mosaic, oferecemos este porta-chaves de madeira por grosso, perfeito para lojas de recorda\u00e7\u00f5es tur\u00edsticas que procuram produtos originais e de qualidade que reflitam a rica heran\u00e7a cultural de Espanha. Sem d\u00favida, \u00e9 uma excelente op\u00e7\u00e3o para quem procura souvenirs de Barcelona aut\u00eanticos e memor\u00e1veis.<\/p>\n","protected":false},"excerpt":{"rendered":"<p>Porta-chaves de madeira com forma da letra &#8220;I&#8221;, inspirado na ic\u00f3nica Sagrada Fam\u00edlia de Barcelona. Este porta-chaves apresenta um design colorido e detalhado, com ilustra\u00e7\u00f5es das torres da famosa bas\u00edlica e do drag\u00e3o, que representa a ess\u00eancia do modernismo catal\u00e3o. O material de madeira confere-lhe um toque distintivo e artesanal, tornando-o um souvenir perfeito para os amantes da cidade.<\/p>\n","protected":false},"featured_media":10494,"template":"","meta":{"_acf_changed":false},"product_brand":[],"product_cat":[611],"product_tag":[612],"class_list":{"0":"post-33396","1":"product","2":"type-product","3":"status-publish","4":"has-post-thumbnail","6":"product_cat-porta-chaves","7":"product_tag-cartas","8":"pa_ciudad-barcelona","9":"pa_motivo-letra-i","10":"pa_pais-espana","12":"first","13":"instock","14":"shipping-taxable","15":"product-type-simple"},"acf":[],"_links":{"self":[{"href":"https:\/\/olemosaic.orbitalia.org\/pt-pt\/wp-json\/wp\/v2\/product\/33396","targetHints":{"allow":["GET"]}}],"collection":[{"href":"https:\/\/olemosaic.orbitalia.org\/pt-pt\/wp-json\/wp\/v2\/product"}],"about":[{"href":"https:\/\/olemosaic.orbitalia.org\/pt-pt\/wp-json\/wp\/v2\/types\/product"}],"wp:featuredmedia":[{"embeddable":true,"href":"https:\/\/olemosaic.orbitalia.org\/pt-pt\/wp-json\/wp\/v2\/media\/10494"}],"wp:attachment":[{"href":"https:\/\/olemosaic.orbitalia.org\/pt-pt\/wp-json\/wp\/v2\/media?parent=33396"}],"wp:term":[{"taxonomy":"product_brand","embeddable":true,"href":"https:\/\/olemosaic.orbitalia.org\/pt-pt\/wp-json\/wp\/v2\/product_brand?post=33396"},{"taxonomy":"product_cat","embeddable":true,"href":"https:\/\/olemosaic.orbitalia.org\/pt-pt\/wp-json\/wp\/v2\/product_cat?post=33396"},{"taxonomy":"product_tag","embeddable":true,"href":"https:\/\/olemosaic.orbitalia.org\/pt-pt\/wp-json\/wp\/v2\/product_tag?post=33396"}],"curies":[{"name":"wp","href":"https:\/\/api.w.org\/{rel}","templated":true}]}}