{"id":33392,"date":"2025-02-20T23:33:19","date_gmt":"2025-02-20T22:33:19","guid":{"rendered":"https:\/\/olemosaic.orbitalia.org\/producto\/llavero-de-madera-gato-5\/"},"modified":"2025-07-25T18:51:37","modified_gmt":"2025-07-25T16:51:37","slug":"porta-chaves-de-madeira-gato-5","status":"publish","type":"product","link":"https:\/\/olemosaic.orbitalia.org\/pt-pt\/produto\/porta-chaves-de-madeira-gato-5\/","title":{"rendered":"Porta-chaves de madeira. Gato. Barcelona."},"content":{"rendered":"<p>Este porta-chaves de madeira com forma de gato \u00e9 uma pe\u00e7a encantadora que captura a ess\u00eancia do trencad\u00eds, uma t\u00e9cnica tradicional espanhola que utiliza fragmentos de cer\u00e2mica para criar mosaicos vibrantes. Com um design colorido que inclui detalhes em amarelo, azul, verde e vermelho, este porta-chaves evoca o rico patrim\u00f3nio cultural de Espanha e \u00e9 perfeito para quem deseja levar consigo um peda\u00e7o desta heran\u00e7a. O gato, representado numa pose brincalhona, destaca-se pela sua silhueta fluida e formas curvas, que atraem o olhar e despertam um sorriso. A t\u00e9cnica de pintura n\u00e3o s\u00f3 real\u00e7a os detalhes do gato, como tamb\u00e9m cria um efeito visual apelativo que o torna um acess\u00f3rio elegante e divertido. Este souvenir \u00e9 ideal para turistas que procuram uma representa\u00e7\u00e3o aut\u00eantica da cultura espanhola, e o seu design original torna-o uma recorda\u00e7\u00e3o perfeita dos momentos vividos em terras ib\u00e9ricas. Na Ol\u00e9 Mosaic, como distribuidores de souvenirs por grosso, oferecemos produtos aut\u00eanticos que celebram a tradi\u00e7\u00e3o e a criatividade de Espanha. Este porta-chaves de gato \u00e9 uma excelente op\u00e7\u00e3o para lojas de presentes tur\u00edsticos que procuram oferecer artigos \u00fanicos e representativos da rica cultura local.<\/p>\n","protected":false},"excerpt":{"rendered":"<p>Porta-chaves de madeira com forma de gato, inspirado na arte do trencad\u00eds. Este simp\u00e1tico porta-chaves apresenta um design colorido, com detalhes em amarelo, azul, verde e vermelho que evocam o rico patrim\u00f3nio cultural espanhol. A t\u00e9cnica de pintura utilizada real\u00e7a as formas curvas e a silhueta do gato, que parece estar a brincar. Ideal para quem deseja levar consigo um pedacinho da cultura espanhola de forma divertida e art\u00edstica.<\/p>\n","protected":false},"featured_media":10984,"template":"","meta":{"_acf_changed":false},"product_brand":[],"product_cat":[611],"product_tag":[516],"class_list":{"0":"post-33392","1":"product","2":"type-product","3":"status-publish","4":"has-post-thumbnail","6":"product_cat-porta-chaves","7":"product_tag-animais","8":"pa_motivo-gatos","10":"first","11":"instock","12":"shipping-taxable","13":"product-type-simple"},"acf":[],"_links":{"self":[{"href":"https:\/\/olemosaic.orbitalia.org\/pt-pt\/wp-json\/wp\/v2\/product\/33392","targetHints":{"allow":["GET"]}}],"collection":[{"href":"https:\/\/olemosaic.orbitalia.org\/pt-pt\/wp-json\/wp\/v2\/product"}],"about":[{"href":"https:\/\/olemosaic.orbitalia.org\/pt-pt\/wp-json\/wp\/v2\/types\/product"}],"wp:featuredmedia":[{"embeddable":true,"href":"https:\/\/olemosaic.orbitalia.org\/pt-pt\/wp-json\/wp\/v2\/media\/10984"}],"wp:attachment":[{"href":"https:\/\/olemosaic.orbitalia.org\/pt-pt\/wp-json\/wp\/v2\/media?parent=33392"}],"wp:term":[{"taxonomy":"product_brand","embeddable":true,"href":"https:\/\/olemosaic.orbitalia.org\/pt-pt\/wp-json\/wp\/v2\/product_brand?post=33392"},{"taxonomy":"product_cat","embeddable":true,"href":"https:\/\/olemosaic.orbitalia.org\/pt-pt\/wp-json\/wp\/v2\/product_cat?post=33392"},{"taxonomy":"product_tag","embeddable":true,"href":"https:\/\/olemosaic.orbitalia.org\/pt-pt\/wp-json\/wp\/v2\/product_tag?post=33392"}],"curies":[{"name":"wp","href":"https:\/\/api.w.org\/{rel}","templated":true}]}}