{"id":33391,"date":"2025-02-20T23:33:18","date_gmt":"2025-02-20T22:33:18","guid":{"rendered":"https:\/\/olemosaic.orbitalia.org\/producto\/llavero-de-madera-gato-4\/"},"modified":"2025-07-25T18:51:34","modified_gmt":"2025-07-25T16:51:34","slug":"porta-chaves-de-madeira-gato-4","status":"publish","type":"product","link":"https:\/\/olemosaic.orbitalia.org\/pt-pt\/produto\/porta-chaves-de-madeira-gato-4\/","title":{"rendered":"Porta-chaves de madeira. Gato. Trencad\u00eds."},"content":{"rendered":"<p>Este porta-chaves de madeira com forma de gato \u00e9 uma encantadora recorda\u00e7\u00e3o da magia art\u00edstica de Barcelona, inspirado no ic\u00f3nico estilo modernista de Antoni Gaud\u00ed. Elaborado com uma cuidada t\u00e9cnica de entalhe e pintado \u00e0 m\u00e3o, este porta-chaves destaca-se pelo seu design vibrante, que apresenta uma colorida mistura de mosaicos em tons vermelhos, verdes, azuis e amarelos, evocando as emblem\u00e1ticas obras de cer\u00e2mica que adornam a cidade. O fino contorno preto que real\u00e7a a sua figura acrescenta um toque elegante e distintivo, tornando-o um acess\u00f3rio estilizado e funcional para levar as suas chaves com gra\u00e7a.<\/p>\n<p>A liga\u00e7\u00e3o cultural deste porta-chaves com Barcelona \u00e9 profunda, pois representa a criatividade e a inova\u00e7\u00e3o que caracterizam o modernismo catal\u00e3o, um movimento que deixou uma marca indel\u00e9vel na arquitetura e na arte da cidade. Este souvenir n\u00e3o s\u00f3 \u00e9 um elegante complemento di\u00e1rio, como tamb\u00e9m uma pe\u00e7a que captura a ess\u00eancia da heran\u00e7a art\u00edstica da regi\u00e3o, perfeita para aqueles que desejam levar para casa um pedacinho de hist\u00f3ria e cultura.<\/p>\n<p>Na Ol\u00e9 Mosaic, somos distribuidores de souvenirs por grosso, e este porta-chaves de gato \u00e9 uma op\u00e7\u00e3o ideal para lojas de presentes tur\u00edsticos que procuram oferecer produtos aut\u00eanticos e representativos da tradi\u00e7\u00e3o espanhola. Com o seu design atraente e a sua liga\u00e7\u00e3o cultural, torna-se uma excelente recorda\u00e7\u00e3o para os turistas que desejam celebrar a sua visita a Barcelona.<\/p>\n","protected":false},"excerpt":{"rendered":"<p>Porta-chaves de madeira com forma de gato, inspirado no famoso estilo modernista de Gaud\u00ed. Este atraente acess\u00f3rio apresenta um design colorido, com mosaicos em tons vermelho, verde, azul e amarelo, que recordam as obras cer\u00e2micas do arquiteto catal\u00e3o. A sua elaborada t\u00e9cnica de entalhe e design artesanal, pintado \u00e0 m\u00e3o, destaca-se pelo seu fino contorno preto, conferindo um toque art\u00edstico ideal para recordar a ess\u00eancia de Barcelona. Perfeito para levar as chaves com um toque de estilo.<\/p>\n","protected":false},"featured_media":10983,"template":"","meta":{"_acf_changed":false},"product_brand":[],"product_cat":[611],"product_tag":[516],"class_list":{"0":"post-33391","1":"product","2":"type-product","3":"status-publish","4":"has-post-thumbnail","6":"product_cat-porta-chaves","7":"product_tag-animais","8":"pa_motivo-gatos","10":"first","11":"instock","12":"shipping-taxable","13":"product-type-simple"},"acf":[],"_links":{"self":[{"href":"https:\/\/olemosaic.orbitalia.org\/pt-pt\/wp-json\/wp\/v2\/product\/33391","targetHints":{"allow":["GET"]}}],"collection":[{"href":"https:\/\/olemosaic.orbitalia.org\/pt-pt\/wp-json\/wp\/v2\/product"}],"about":[{"href":"https:\/\/olemosaic.orbitalia.org\/pt-pt\/wp-json\/wp\/v2\/types\/product"}],"wp:featuredmedia":[{"embeddable":true,"href":"https:\/\/olemosaic.orbitalia.org\/pt-pt\/wp-json\/wp\/v2\/media\/10983"}],"wp:attachment":[{"href":"https:\/\/olemosaic.orbitalia.org\/pt-pt\/wp-json\/wp\/v2\/media?parent=33391"}],"wp:term":[{"taxonomy":"product_brand","embeddable":true,"href":"https:\/\/olemosaic.orbitalia.org\/pt-pt\/wp-json\/wp\/v2\/product_brand?post=33391"},{"taxonomy":"product_cat","embeddable":true,"href":"https:\/\/olemosaic.orbitalia.org\/pt-pt\/wp-json\/wp\/v2\/product_cat?post=33391"},{"taxonomy":"product_tag","embeddable":true,"href":"https:\/\/olemosaic.orbitalia.org\/pt-pt\/wp-json\/wp\/v2\/product_tag?post=33391"}],"curies":[{"name":"wp","href":"https:\/\/api.w.org\/{rel}","templated":true}]}}