{"id":33389,"date":"2025-02-20T23:33:18","date_gmt":"2025-02-20T22:33:18","guid":{"rendered":"https:\/\/olemosaic.orbitalia.org\/producto\/llavero-de-madera-gallo-lisboa\/"},"modified":"2025-07-25T19:37:39","modified_gmt":"2025-07-25T17:37:39","slug":"porta-chaves-de-madeira-galo-lisboa","status":"publish","type":"product","link":"https:\/\/olemosaic.orbitalia.org\/pt-pt\/produto\/porta-chaves-de-madeira-galo-lisboa\/","title":{"rendered":"Porta-chaves de madeira. Galo. Lisboa."},"content":{"rendered":"<p>Este porta-chaves de madeira com forma de galo \u00e9 um s\u00edmbolo ic\u00f3nico de Lisboa, que reflete a ess\u00eancia festiva e colorida da cultura portuguesa. Com um design pintado \u00e0 m\u00e3o, este colorido porta-chaves destaca-se pela sua elaborada decora\u00e7\u00e3o com vibrantes padr\u00f5es de pontos e cora\u00e7\u00f5es que acrescentam um toque de alegria e car\u00e1cter. A cabe\u00e7a do galo, de um vermelho intenso, contrasta maravilhosamente com a sua plumagem brilhante em tons azuis, amarelos e vermelhos, que evocam o ambiente quente e acolhedor da capital portuguesa.<\/p>\n<p>Em Portugal, o galo de Barcelos \u00e9 um emblema de boa sorte e prosperidade, e este porta-chaves captura essa liga\u00e7\u00e3o cultural, tornando-se um souvenir perfeito para quem deseje levar um peda\u00e7o de Lisboa para casa. O seu tamanho compacto torna-o ideal tanto para o uso di\u00e1rio como para guardar esses momentos especiais que a cidade oferece.<\/p>\n<p>Este porta-chaves n\u00e3o s\u00f3 combina funcionalidade e simbolismo, como tamb\u00e9m \u00e9 um presente representativo que serve como uma recorda\u00e7\u00e3o aut\u00eantica de Portugal. Na Ol\u00e9 Mosaic, somos especialistas na distribui\u00e7\u00e3o de souvenirs por grosso, oferecendo produtos \u00fanicos que celebram a heran\u00e7a cultural de cada regi\u00e3o. Um porta-chaves de galo de Lisboa como este \u00e9 uma excelente op\u00e7\u00e3o para as lojas de presentes tur\u00edsticos, que procuram produtos aut\u00eanticos e de gran apelo para os turistas.<\/p>\n","protected":false},"excerpt":{"rendered":"<p>Porta-chaves de madeira com forma de galo, um s\u00edmbolo emblem\u00e1tico de Lisboa. Este colorido porta-chaves, decorado com alegres padr\u00f5es de bolas e cora\u00e7\u00f5es, reflete o esp\u00edrito festivo da cultura portuguesa. O seu design artesanal, pintado \u00e0 m\u00e3o, destaca-se pela sua cabe\u00e7a vermelha e uma plumagem brilhante em tons azuis, amarelos e vermelhos. \u00c9 uma recorda\u00e7\u00e3o ideal que combina funcionalidade e simbolismo, o que o torna o presente perfeito para evocar a ess\u00eancia de Lisboa.<\/p>\n","protected":false},"featured_media":10786,"template":"","meta":{"_acf_changed":false},"product_brand":[],"product_cat":[611],"product_tag":[516],"class_list":{"0":"post-33389","1":"product","2":"type-product","3":"status-publish","4":"has-post-thumbnail","6":"product_cat-porta-chaves","7":"product_tag-animais","8":"pa_ciudad-lisboa","9":"pa_motivo-galos","10":"pa_pais-portugal","12":"first","13":"instock","14":"shipping-taxable","15":"product-type-simple"},"acf":[],"_links":{"self":[{"href":"https:\/\/olemosaic.orbitalia.org\/pt-pt\/wp-json\/wp\/v2\/product\/33389","targetHints":{"allow":["GET"]}}],"collection":[{"href":"https:\/\/olemosaic.orbitalia.org\/pt-pt\/wp-json\/wp\/v2\/product"}],"about":[{"href":"https:\/\/olemosaic.orbitalia.org\/pt-pt\/wp-json\/wp\/v2\/types\/product"}],"wp:featuredmedia":[{"embeddable":true,"href":"https:\/\/olemosaic.orbitalia.org\/pt-pt\/wp-json\/wp\/v2\/media\/10786"}],"wp:attachment":[{"href":"https:\/\/olemosaic.orbitalia.org\/pt-pt\/wp-json\/wp\/v2\/media?parent=33389"}],"wp:term":[{"taxonomy":"product_brand","embeddable":true,"href":"https:\/\/olemosaic.orbitalia.org\/pt-pt\/wp-json\/wp\/v2\/product_brand?post=33389"},{"taxonomy":"product_cat","embeddable":true,"href":"https:\/\/olemosaic.orbitalia.org\/pt-pt\/wp-json\/wp\/v2\/product_cat?post=33389"},{"taxonomy":"product_tag","embeddable":true,"href":"https:\/\/olemosaic.orbitalia.org\/pt-pt\/wp-json\/wp\/v2\/product_tag?post=33389"}],"curies":[{"name":"wp","href":"https:\/\/api.w.org\/{rel}","templated":true}]}}