{"id":33388,"date":"2025-02-20T23:33:18","date_gmt":"2025-02-20T22:33:18","guid":{"rendered":"https:\/\/olemosaic.orbitalia.org\/producto\/llavero-de-madera-gallo-3\/"},"modified":"2025-07-25T18:36:10","modified_gmt":"2025-07-25T16:36:10","slug":"porta-chaves-de-madeira-galo-3","status":"publish","type":"product","link":"https:\/\/olemosaic.orbitalia.org\/pt-pt\/produto\/porta-chaves-de-madeira-galo-3\/","title":{"rendered":"Porta-chaves de madeira. Galo. Portugal."},"content":{"rendered":"<p>Este porta-chaves de madeira com forma de galo \u00e9 uma encantadora recorda\u00e7\u00e3o que encapsula a ess\u00eancia do folclore portugu\u00eas. Com o seu design vibrante e colorido, o porta-chaves apresenta uma combina\u00e7\u00e3o de tons vermelho, azul e amarelo, complementados com detalhes em branco, que evocam os tradicionais azulejos que adornam a arquitetura de Portugal. A figura do galo, s\u00edmbolo ic\u00f3nico do pa\u00eds, \u00e9 famosa por representar a sorte e a prote\u00e7\u00e3o, o que o torna um amuleto popular.<\/p>\n<p>O acabamento de alta qualidade destaca-se pelos intrincados padr\u00f5es florais que decoram a superf\u00edcie do galo, tornando-o n\u00e3o apenas um acess\u00f3rio funcional para as chaves, mas tamb\u00e9m uma pe\u00e7a art\u00edstica que reflete a rica heran\u00e7a cultural de Portugal. Este porta-chaves \u00e9 ideal para quem procura uma recorda\u00e7\u00e3o aut\u00eantica e representativa da sua viagem, j\u00e1 que, para al\u00e9m da sua praticidade, se torna um objeto cheio de hist\u00f3ria e tradi\u00e7\u00e3o.<\/p>\n<p>Na Ol\u00e9 Mosaic, especializamo-nos na distribui\u00e7\u00e3o de recorda\u00e7\u00f5es por grosso, oferecendo produtos aut\u00eanticos que celebram a diversidade cultural de Espanha e Portugal. Este porta-chaves de galo \u00e9 uma excelente op\u00e7\u00e3o para lojas de presentes tur\u00edsticos que desejem oferecer aos seus clientes uma recorda\u00e7\u00e3o significativa de Portugal. Como grossistas de recorda\u00e7\u00f5es, garantimos a qualidade e a autenticidade em cada pe\u00e7a.<\/p>\n","protected":false},"excerpt":{"rendered":"<p>Porta-chaves de madeira com forma de galo, um s\u00edmbolo ic\u00f3nico da cultura portuguesa. Este encantador acess\u00f3rio apresenta um design vibrante com uma combina\u00e7\u00e3o de cores que inclui vermelho, azul, amarelo e detalhes em branco, inspirados nos tradicionais azulejos portugueses. O seu acabamento de alta qualidade destaca os intrincados motivos florais, oferecendo um toque art\u00edstico e folcl\u00f3rico. Ideal para levar uma recorda\u00e7\u00e3o de Portugal no dia a dia.<\/p>\n","protected":false},"featured_media":10955,"template":"","meta":{"_acf_changed":false},"product_brand":[],"product_cat":[611],"product_tag":[516],"class_list":{"0":"post-33388","1":"product","2":"type-product","3":"status-publish","4":"has-post-thumbnail","6":"product_cat-porta-chaves","7":"product_tag-animais","8":"pa_motivo-galos","10":"first","11":"instock","12":"shipping-taxable","13":"product-type-simple"},"acf":[],"_links":{"self":[{"href":"https:\/\/olemosaic.orbitalia.org\/pt-pt\/wp-json\/wp\/v2\/product\/33388","targetHints":{"allow":["GET"]}}],"collection":[{"href":"https:\/\/olemosaic.orbitalia.org\/pt-pt\/wp-json\/wp\/v2\/product"}],"about":[{"href":"https:\/\/olemosaic.orbitalia.org\/pt-pt\/wp-json\/wp\/v2\/types\/product"}],"wp:featuredmedia":[{"embeddable":true,"href":"https:\/\/olemosaic.orbitalia.org\/pt-pt\/wp-json\/wp\/v2\/media\/10955"}],"wp:attachment":[{"href":"https:\/\/olemosaic.orbitalia.org\/pt-pt\/wp-json\/wp\/v2\/media?parent=33388"}],"wp:term":[{"taxonomy":"product_brand","embeddable":true,"href":"https:\/\/olemosaic.orbitalia.org\/pt-pt\/wp-json\/wp\/v2\/product_brand?post=33388"},{"taxonomy":"product_cat","embeddable":true,"href":"https:\/\/olemosaic.orbitalia.org\/pt-pt\/wp-json\/wp\/v2\/product_cat?post=33388"},{"taxonomy":"product_tag","embeddable":true,"href":"https:\/\/olemosaic.orbitalia.org\/pt-pt\/wp-json\/wp\/v2\/product_tag?post=33388"}],"curies":[{"name":"wp","href":"https:\/\/api.w.org\/{rel}","templated":true}]}}