{"id":33387,"date":"2025-02-20T23:33:18","date_gmt":"2025-02-20T22:33:18","guid":{"rendered":"https:\/\/olemosaic.orbitalia.org\/producto\/llavero-de-madera-gallo-2\/"},"modified":"2025-07-25T20:07:57","modified_gmt":"2025-07-25T18:07:57","slug":"porta-chaves-de-madeira-galo-2","status":"publish","type":"product","link":"https:\/\/olemosaic.orbitalia.org\/pt-pt\/produto\/porta-chaves-de-madeira-galo-2\/","title":{"rendered":"Porta-chaves de madeira. Galo. Mosaico."},"content":{"rendered":"<p>Este porta-chaves de madeira com forma de galo \u00e9 um aut\u00eantico s\u00edmbolo do folclore portugu\u00eas, ideal para quem procura uma recorda\u00e7\u00e3o representativa de Portugal. Com um design vibrante, este encantador souvenir destaca-se pelas suas cores brilhantes e detalhes em mosaico que evocam a rica tradi\u00e7\u00e3o cultural do pa\u00eds. A figura do galo, emblem\u00e1tica na cultura portuguesa, \u00e9 reconhecida n\u00e3o s\u00f3 pela sua est\u00e9tica cativante, mas tamb\u00e9m pelo seu significado de boa sorte e esperan\u00e7a.<\/p>\n<p>Meticulosamente decorado, este porta-chaves apresenta uma elaborada combina\u00e7\u00e3o de azuis, vermelhos, amarelos e verdes que lhe confere um ar festivo e alegre. Cada detalhe do galo foi concebido para real\u00e7ar a sua forma distintiva, tornando-o um acess\u00f3rio n\u00e3o s\u00f3 funcional, mas tamb\u00e9m um aut\u00eantico objeto de arte que ressalta a criatividade e o patrim\u00f3nio cultural de Portugal.<\/p>\n<p>Este porta-chaves \u00e9 uma excelente op\u00e7\u00e3o para turistas que desejam levar um peda\u00e7o da cultura portuguesa, e \u00e9 uma adi\u00e7\u00e3o perfeita para qualquer loja de presentes tur\u00edsticos. Na Ol\u00e9 Mosaic, especializamo-nos na distribui\u00e7\u00e3o de souvenirs por grosso, assegurando que cada porta-chaves de galo que oferecemos seja uma excelente recorda\u00e7\u00e3o que celebra a autenticidade e a tradi\u00e7\u00e3o. Connosco, tem a oportunidade de oferecer um produto que combina arte, hist\u00f3ria e funcionalidade num \u00fanico artigo.<\/p>\n","protected":false},"excerpt":{"rendered":"<p>Porta-chaves de madeira com forma de galo, que representa o famoso s\u00edmbolo do folclore portugu\u00eas. Este encantador porta-chaves apresenta um design vibrante, com cores brilhantes e detalhes em mosaico que evocam a tradi\u00e7\u00e3o cultural de Portugal. A figura \u00e9 meticulosamente decorada e a sua forma distintiva torna-o uma recorda\u00e7\u00e3o atraente e funcional, ideal para levar um peda\u00e7o da cultura portuguesa para todo o lado.<\/p>\n","protected":false},"featured_media":10979,"template":"","meta":{"_acf_changed":false},"product_brand":[],"product_cat":[611],"product_tag":[516],"class_list":{"0":"post-33387","1":"product","2":"type-product","3":"status-publish","4":"has-post-thumbnail","6":"product_cat-porta-chaves","7":"product_tag-animais","8":"pa_motivo-galos","10":"first","11":"instock","12":"shipping-taxable","13":"product-type-simple"},"acf":[],"_links":{"self":[{"href":"https:\/\/olemosaic.orbitalia.org\/pt-pt\/wp-json\/wp\/v2\/product\/33387","targetHints":{"allow":["GET"]}}],"collection":[{"href":"https:\/\/olemosaic.orbitalia.org\/pt-pt\/wp-json\/wp\/v2\/product"}],"about":[{"href":"https:\/\/olemosaic.orbitalia.org\/pt-pt\/wp-json\/wp\/v2\/types\/product"}],"wp:featuredmedia":[{"embeddable":true,"href":"https:\/\/olemosaic.orbitalia.org\/pt-pt\/wp-json\/wp\/v2\/media\/10979"}],"wp:attachment":[{"href":"https:\/\/olemosaic.orbitalia.org\/pt-pt\/wp-json\/wp\/v2\/media?parent=33387"}],"wp:term":[{"taxonomy":"product_brand","embeddable":true,"href":"https:\/\/olemosaic.orbitalia.org\/pt-pt\/wp-json\/wp\/v2\/product_brand?post=33387"},{"taxonomy":"product_cat","embeddable":true,"href":"https:\/\/olemosaic.orbitalia.org\/pt-pt\/wp-json\/wp\/v2\/product_cat?post=33387"},{"taxonomy":"product_tag","embeddable":true,"href":"https:\/\/olemosaic.orbitalia.org\/pt-pt\/wp-json\/wp\/v2\/product_tag?post=33387"}],"curies":[{"name":"wp","href":"https:\/\/api.w.org\/{rel}","templated":true}]}}