{"id":33370,"date":"2025-02-20T23:33:17","date_gmt":"2025-02-20T22:33:17","guid":{"rendered":"https:\/\/olemosaic.orbitalia.org\/producto\/llavero-de-madera-flor-2\/"},"modified":"2025-07-25T18:43:49","modified_gmt":"2025-07-25T16:43:49","slug":"porta-chaves-de-madeira-flor-2","status":"publish","type":"product","link":"https:\/\/olemosaic.orbitalia.org\/pt-pt\/produto\/porta-chaves-de-madeira-flor-2\/","title":{"rendered":"Porta-chaves de madeira. Flor. Espanha."},"content":{"rendered":"<p>Este porta-chaves de madeira em forma de flor \u00e9 uma recorda\u00e7\u00e3o encantadora que captura a ess\u00eancia da arte e dos mosaicos t\u00edpicos de Espanha. O seu design vibrante incorpora uma deliciosa paleta de cores, incluindo vermelhos, azuis e cinzento claro, criando um efeito visual cativante que sem d\u00favida chamar\u00e1 a aten\u00e7\u00e3o. A forma de flor do porta-chaves simboliza a riqueza natural e cultural das diversas regi\u00f5es de Espanha, oferecendo uma recorda\u00e7\u00e3o que evoca a beleza e a arte do pa\u00eds.<\/p>\n<p>Cada detalhe do design foi meticulosamente elaborado, mostrando um acabamento polido que real\u00e7a as intrincadas ilustra\u00e7\u00f5es que adornam a flor. Este porta-chaves n\u00e3o \u00e9 apenas pr\u00e1tico para manter as suas chaves organizadas, mas tamb\u00e9m se torna um acess\u00f3rio alegre que pode levar consigo para todo o lado. Representa uma liga\u00e7\u00e3o cultural com a tradi\u00e7\u00e3o do mosaico, especialmente presente em regi\u00f5es como a Andaluzia e a Catalunha, onde os mosaicos decorativos adornam tanto a arquitetura como a arte popular.<\/p>\n<p>Na Ol\u00e9 Mosaic, dedicamo-nos a oferecer recorda\u00e7\u00f5es aut\u00eanticas e representativas, como este porta-chaves de madeira em forma de flor. \u00c9 uma excelente op\u00e7\u00e3o para lojas de presentes tur\u00edsticos que procuram produtos de qualidade que realcem a heran\u00e7a art\u00edstica de Espanha. Atrair\u00e1 turistas que procuram recorda\u00e7\u00f5es \u00fanicas e significativas da sua viagem, tornando este porta-chaves uma excelente adi\u00e7\u00e3o \u00e0 sua oferta de souvenirs.<\/p>\n","protected":false},"excerpt":{"rendered":"<p>Porta-chaves de madeira em forma de flor, decorado com um design vibrante inspirado na arte e nos mosaicos t\u00edpicos de Espanha. Este atraente porta-chaves apresenta uma combina\u00e7\u00e3o de cores que inclui vermelhos, azuis e cinzento claro, criando um efeito visual chamativo. Perfeito para recordar a ess\u00eancia cultural e art\u00edstica do pa\u00eds, este acess\u00f3rio destaca-se pelo seu acabamento detalhado e pelo seu design alegre, ideal para o levar sempre consigo.<\/p>\n","protected":false},"featured_media":10969,"template":"","meta":{"_acf_changed":false},"product_brand":[],"product_cat":[611],"product_tag":[],"class_list":{"0":"post-33370","1":"product","2":"type-product","3":"status-publish","4":"has-post-thumbnail","6":"product_cat-porta-chaves","7":"pa_motivo-flores","9":"first","10":"instock","11":"shipping-taxable","12":"product-type-simple"},"acf":[],"_links":{"self":[{"href":"https:\/\/olemosaic.orbitalia.org\/pt-pt\/wp-json\/wp\/v2\/product\/33370","targetHints":{"allow":["GET"]}}],"collection":[{"href":"https:\/\/olemosaic.orbitalia.org\/pt-pt\/wp-json\/wp\/v2\/product"}],"about":[{"href":"https:\/\/olemosaic.orbitalia.org\/pt-pt\/wp-json\/wp\/v2\/types\/product"}],"wp:featuredmedia":[{"embeddable":true,"href":"https:\/\/olemosaic.orbitalia.org\/pt-pt\/wp-json\/wp\/v2\/media\/10969"}],"wp:attachment":[{"href":"https:\/\/olemosaic.orbitalia.org\/pt-pt\/wp-json\/wp\/v2\/media?parent=33370"}],"wp:term":[{"taxonomy":"product_brand","embeddable":true,"href":"https:\/\/olemosaic.orbitalia.org\/pt-pt\/wp-json\/wp\/v2\/product_brand?post=33370"},{"taxonomy":"product_cat","embeddable":true,"href":"https:\/\/olemosaic.orbitalia.org\/pt-pt\/wp-json\/wp\/v2\/product_cat?post=33370"},{"taxonomy":"product_tag","embeddable":true,"href":"https:\/\/olemosaic.orbitalia.org\/pt-pt\/wp-json\/wp\/v2\/product_tag?post=33370"}],"curies":[{"name":"wp","href":"https:\/\/api.w.org\/{rel}","templated":true}]}}