{"id":33369,"date":"2025-02-20T22:33:17","date_gmt":"2025-02-20T22:33:17","guid":{"rendered":"https:\/\/olemosaic.orbitalia.org\/producto\/llavero-de-madera-flor\/"},"modified":"2025-07-25T20:25:56","modified_gmt":"2025-07-25T18:25:56","slug":"porta-chaves-de-madeira-flor","status":"publish","type":"product","link":"https:\/\/olemosaic.orbitalia.org\/pt-pt\/produto\/porta-chaves-de-madeira-flor\/","title":{"rendered":"Porta-chaves de madeira. Flor."},"content":{"rendered":"<p>Este porta-chaves de madeira em forma de flor \u00e9 uma aut\u00eantica homenagem \u00e0 arte de Gaud\u00ed e uma vibrante representa\u00e7\u00e3o da cultura barcelonesa. O seu design intrincado e colorido recorda os famosos mosaicos que adornam os monumentos da cidade, combinando eleg\u00e2ncia e criatividade. A flor apresenta um padr\u00e3o preto que se destaca com subtis detalhes em vermelho, azul, amarelo e verde, evocando a alegria e o esp\u00edrito inovador que caracterizam o modernismo catal\u00e3o. Este porta-chaves, leve e pr\u00e1tico, funciona tamb\u00e9m como uma pe\u00e7a decorativa que adiciona um toque art\u00edstico a qualquer conjunto de chaves.<\/p>\n<p>Como recorda\u00e7\u00e3o de Barcelona, este porta-chaves \u00e9 uma excelente op\u00e7\u00e3o para quem deseja levar um peda\u00e7o da rica heran\u00e7a cultural da cidade. A forma de flor simboliza a beleza e a natureza, refletindo a liga\u00e7\u00e3o de Gaud\u00ed com o ambiente natural e a sua habilidade para o incorporar na sua obra. Na Ol\u00e9 Mosaic, orgulhamo-nos de oferecer recorda\u00e7\u00f5es aut\u00eanticas que capturam a ess\u00eancia de cada regi\u00e3o. Este porta-chaves floral \u00e9 ideal para lojas de presentes tur\u00edsticos que desejem oferecer produtos \u00fanicos e representativos de Barcelona, destacando-se tanto pelo seu design como pela sua relev\u00e2ncia cultural. Como grossistas de porta-chaves, garantimos a qualidade e autenticidade em cada pe\u00e7a, convertendo este produto num presente memor\u00e1vel que os turistas apreciar\u00e3o.<\/p>\n","protected":false},"excerpt":{"rendered":"<p>Porta-chaves de madeira em forma de flor, desenhado com um vibrante mosaico de cores que evoca a arte de Gaud\u00ed. Este acess\u00f3rio destaca-se pelo seu intrincado design preto que forma um bonito padr\u00e3o, com detalhes em vermelho, azul, amarelo e verde. Ideal como recorda\u00e7\u00e3o de Barcelona, este porta-chaves \u00e9 leve e pr\u00e1tico, tornando-se uma pe\u00e7a decorativa que confere um toque art\u00edstico e colorido \u00e0s suas chaves.<\/p>\n","protected":false},"featured_media":10993,"template":"","meta":{"_acf_changed":false},"product_brand":[],"product_cat":[611],"product_tag":[],"class_list":{"0":"post-33369","1":"product","2":"type-product","3":"status-publish","4":"has-post-thumbnail","6":"product_cat-porta-chaves","7":"pa_motivo-flores","9":"first","10":"instock","11":"shipping-taxable","12":"product-type-simple"},"acf":[],"_links":{"self":[{"href":"https:\/\/olemosaic.orbitalia.org\/pt-pt\/wp-json\/wp\/v2\/product\/33369","targetHints":{"allow":["GET"]}}],"collection":[{"href":"https:\/\/olemosaic.orbitalia.org\/pt-pt\/wp-json\/wp\/v2\/product"}],"about":[{"href":"https:\/\/olemosaic.orbitalia.org\/pt-pt\/wp-json\/wp\/v2\/types\/product"}],"wp:featuredmedia":[{"embeddable":true,"href":"https:\/\/olemosaic.orbitalia.org\/pt-pt\/wp-json\/wp\/v2\/media\/10993"}],"wp:attachment":[{"href":"https:\/\/olemosaic.orbitalia.org\/pt-pt\/wp-json\/wp\/v2\/media?parent=33369"}],"wp:term":[{"taxonomy":"product_brand","embeddable":true,"href":"https:\/\/olemosaic.orbitalia.org\/pt-pt\/wp-json\/wp\/v2\/product_brand?post=33369"},{"taxonomy":"product_cat","embeddable":true,"href":"https:\/\/olemosaic.orbitalia.org\/pt-pt\/wp-json\/wp\/v2\/product_cat?post=33369"},{"taxonomy":"product_tag","embeddable":true,"href":"https:\/\/olemosaic.orbitalia.org\/pt-pt\/wp-json\/wp\/v2\/product_tag?post=33369"}],"curies":[{"name":"wp","href":"https:\/\/api.w.org\/{rel}","templated":true}]}}