{"id":33346,"date":"2025-02-20T22:33:17","date_gmt":"2025-02-20T22:33:17","guid":{"rendered":"https:\/\/olemosaic.orbitalia.org\/producto\/llavero-de-madera-elefante\/"},"modified":"2025-07-25T19:30:29","modified_gmt":"2025-07-25T17:30:29","slug":"porta-chaves-de-madeira-elefante","status":"publish","type":"product","link":"https:\/\/olemosaic.orbitalia.org\/pt-pt\/produto\/porta-chaves-de-madeira-elefante\/","title":{"rendered":"Porta-chaves de madeira. Elefante."},"content":{"rendered":"<p>Este porta-chaves de madeira em forma de elefante \u00e9 um reflexo aut\u00eantico da rica tradi\u00e7\u00e3o art\u00edstica espanhola, ideal para quem deseja levar um pedacinho de Espanha consigo. Com um design vibrante, este acess\u00f3rio atraente destaca-se pela sua decora\u00e7\u00e3o colorida, que incorpora padr\u00f5es florais e geom\u00e9tricos em tons de vermelho, amarelo, azul e cinzento. A forma cativante do elefante, s\u00edmbolo de boa sorte e for\u00e7a em diversas culturas, \u00e9 complementada pela sua constru\u00e7\u00e3o em madeira, o que n\u00e3o s\u00f3 assegura a sua durabilidade, mas tamb\u00e9m real\u00e7a a autenticidade do produto como um verdadeiro souvenir.<\/p>\n<p>As ilustra\u00e7\u00f5es ornamentadas evocam a arte popular espanhola, oferecendo uma liga\u00e7\u00e3o \u00edntima com o folclore e a cultura local. Este porta-chaves \u00e9 uma recorda\u00e7\u00e3o perfeita das ruas e mercados coloridos de Espanha, onde a arte e a tradi\u00e7\u00e3o se entrela\u00e7am em cada canto. A textura e o brilho da madeira, juntamente com o design intrincado, fazem deste porta-chaves uma excelente op\u00e7\u00e3o para os turistas que procuram souvenirs aut\u00eanticos e representativos da sua experi\u00eancia no pa\u00eds.<\/p>\n<p>Na Ol\u00e9 Mosaic, somos especialistas na distribui\u00e7\u00e3o de souvenirs por grosso, e este porta-chaves de elefante \u00e9 uma magn\u00edfica op\u00e7\u00e3o para lojas de presentes tur\u00edsticos que desejem oferecer produtos que celebrem a riqueza cultural espanhola. Combinando design e funcionalidade, este porta-chaves de madeira posiciona-se como um presente ideal que far\u00e1 as del\u00edcias de qualquer amante das artes e da cultura.<\/p>\n","protected":false},"excerpt":{"rendered":"<p>Porta-chaves de madeira em forma de elefante, adornado com motivos decorativos coloridos que evocam a arte tradicional espanhola. Este acess\u00f3rio atraente apresenta um design vibrante com padr\u00f5es florais e geom\u00e9tricos, destacando as cores vermelho, amarelo, azul e cinzento. Perfeito para recordar a sua visita \u00e0s ruas coloridas de Espanha, a sua constru\u00e7\u00e3o em madeira garante durabilidade, enquanto a sua forma distinta o torna um souvenir ic\u00f3nico.<\/p>\n","protected":false},"featured_media":10967,"template":"","meta":{"_acf_changed":false},"product_brand":[],"product_cat":[611],"product_tag":[516],"class_list":{"0":"post-33346","1":"product","2":"type-product","3":"status-publish","4":"has-post-thumbnail","6":"product_cat-porta-chaves","7":"product_tag-animais","8":"pa_motivo-elefantes","10":"first","11":"instock","12":"shipping-taxable","13":"product-type-simple"},"acf":[],"_links":{"self":[{"href":"https:\/\/olemosaic.orbitalia.org\/pt-pt\/wp-json\/wp\/v2\/product\/33346","targetHints":{"allow":["GET"]}}],"collection":[{"href":"https:\/\/olemosaic.orbitalia.org\/pt-pt\/wp-json\/wp\/v2\/product"}],"about":[{"href":"https:\/\/olemosaic.orbitalia.org\/pt-pt\/wp-json\/wp\/v2\/types\/product"}],"wp:featuredmedia":[{"embeddable":true,"href":"https:\/\/olemosaic.orbitalia.org\/pt-pt\/wp-json\/wp\/v2\/media\/10967"}],"wp:attachment":[{"href":"https:\/\/olemosaic.orbitalia.org\/pt-pt\/wp-json\/wp\/v2\/media?parent=33346"}],"wp:term":[{"taxonomy":"product_brand","embeddable":true,"href":"https:\/\/olemosaic.orbitalia.org\/pt-pt\/wp-json\/wp\/v2\/product_brand?post=33346"},{"taxonomy":"product_cat","embeddable":true,"href":"https:\/\/olemosaic.orbitalia.org\/pt-pt\/wp-json\/wp\/v2\/product_cat?post=33346"},{"taxonomy":"product_tag","embeddable":true,"href":"https:\/\/olemosaic.orbitalia.org\/pt-pt\/wp-json\/wp\/v2\/product_tag?post=33346"}],"curies":[{"name":"wp","href":"https:\/\/api.w.org\/{rel}","templated":true}]}}