{"id":33345,"date":"2025-02-20T23:33:17","date_gmt":"2025-02-20T22:33:17","guid":{"rendered":"https:\/\/olemosaic.orbitalia.org\/producto\/llavero-de-madera-dromedario-3\/"},"modified":"2025-07-25T19:31:25","modified_gmt":"2025-07-25T17:31:25","slug":"porta-chaves-de-madeira-dromedario-3","status":"publish","type":"product","link":"https:\/\/olemosaic.orbitalia.org\/pt-pt\/produto\/porta-chaves-de-madeira-dromedario-3\/","title":{"rendered":"Porta-chaves de madeira. Dromed\u00e1rio. Can\u00e1rias."},"content":{"rendered":"<p>Este porta-chaves de madeira em forma de dromed\u00e1rio \u00e9 uma representa\u00e7\u00e3o encantadora da vibrante arte do mosaico que caracteriza a regi\u00e3o espanhola. Pintado \u00e0 m\u00e3o com esmero, este porta-chaves apresenta uma silhueta estilizada do dromed\u00e1rio, adornada com uma explos\u00e3o de cores vivas, como vermelho, azul e amarelo, que refletem a rica heran\u00e7a art\u00edstica e cultural de Espanha. A textura cuidada da madeira confere autenticidade e calor \u00e0 pe\u00e7a, tornando-a um artigo n\u00e3o s\u00f3 funcional, mas tamb\u00e9m decorativo.<\/p>\n<p>O design do porta-chaves evoca imagens das tradi\u00e7\u00f5es dos mercados e feiras da regi\u00e3o, onde a arte do mosaico \u00e9 uma forma de express\u00e3o intemporal que real\u00e7a a criatividade e a hist\u00f3ria locais. Este dromed\u00e1rio torna-se assim um poderoso s\u00edmbolo cultural que nos liga \u00e0s paisagens e costumes de Espanha, fazendo deste porta-chaves uma recorda\u00e7\u00e3o perfeita para turistas e viajantes.<\/p>\n<p>Ideal como souvenir para quem procura uma recorda\u00e7\u00e3o aut\u00eantica e significativa, este porta-chaves de madeira \u00e9 uma op\u00e7\u00e3o de destaque para pontos de venda de presentes tur\u00edsticos. Na Ol\u00e9 Mosaic, especializamo-nos na distribui\u00e7\u00e3o de souvenirs de qualidade, e este porta-chaves representa a nossa dedica\u00e7\u00e3o ao artesanato e \u00e0 cultura local. Como grossistas de souvenirs, garantimos que cada detalhe importa e que cada pe\u00e7a \u00e9 um peda\u00e7o de hist\u00f3ria que os viajantes desejar\u00e3o levar consigo.<\/p>\n","protected":false},"excerpt":{"rendered":"<p>Porta-chaves de madeira em forma de dromed\u00e1rio, inspirado na vibrante arte do mosaico caracter\u00edstica da regi\u00e3o. Este porta-chaves apresenta um design artesanal, pintado \u00e0 m\u00e3o, com cores vivas como o vermelho, o azul e o amarelo, que complementam a silhueta estilizada do dromed\u00e1rio. Ideal como souvenir e detalhe decorativo, a sua forma \u00fanica reflete a riqueza cultural de Espanha, tornando-o um acess\u00f3rio atraente e funcional para os amantes do artesanato.<\/p>\n","protected":false},"featured_media":10992,"template":"","meta":{"_acf_changed":false},"product_brand":[],"product_cat":[611],"product_tag":[516],"class_list":{"0":"post-33345","1":"product","2":"type-product","3":"status-publish","4":"has-post-thumbnail","6":"product_cat-porta-chaves","7":"product_tag-animais","8":"pa_motivo-dromedarios","10":"first","11":"instock","12":"shipping-taxable","13":"product-type-simple"},"acf":[],"_links":{"self":[{"href":"https:\/\/olemosaic.orbitalia.org\/pt-pt\/wp-json\/wp\/v2\/product\/33345","targetHints":{"allow":["GET"]}}],"collection":[{"href":"https:\/\/olemosaic.orbitalia.org\/pt-pt\/wp-json\/wp\/v2\/product"}],"about":[{"href":"https:\/\/olemosaic.orbitalia.org\/pt-pt\/wp-json\/wp\/v2\/types\/product"}],"wp:featuredmedia":[{"embeddable":true,"href":"https:\/\/olemosaic.orbitalia.org\/pt-pt\/wp-json\/wp\/v2\/media\/10992"}],"wp:attachment":[{"href":"https:\/\/olemosaic.orbitalia.org\/pt-pt\/wp-json\/wp\/v2\/media?parent=33345"}],"wp:term":[{"taxonomy":"product_brand","embeddable":true,"href":"https:\/\/olemosaic.orbitalia.org\/pt-pt\/wp-json\/wp\/v2\/product_brand?post=33345"},{"taxonomy":"product_cat","embeddable":true,"href":"https:\/\/olemosaic.orbitalia.org\/pt-pt\/wp-json\/wp\/v2\/product_cat?post=33345"},{"taxonomy":"product_tag","embeddable":true,"href":"https:\/\/olemosaic.orbitalia.org\/pt-pt\/wp-json\/wp\/v2\/product_tag?post=33345"}],"curies":[{"name":"wp","href":"https:\/\/api.w.org\/{rel}","templated":true}]}}