{"id":33343,"date":"2025-02-20T23:33:16","date_gmt":"2025-02-20T22:33:16","guid":{"rendered":"https:\/\/olemosaic.orbitalia.org\/producto\/llavero-de-madera-delfin-3\/"},"modified":"2025-07-25T18:58:24","modified_gmt":"2025-07-25T16:58:24","slug":"porta-chaves-de-madeira-golfinho-3","status":"publish","type":"product","link":"https:\/\/olemosaic.orbitalia.org\/pt-pt\/produto\/porta-chaves-de-madeira-golfinho-3\/","title":{"rendered":"Porta-chaves de madeira. Golfinho. Estilo mediterr\u00e2neo."},"content":{"rendered":"<p>Este porta-chaves de madeira em forma de golfinho \u00e9 uma pe\u00e7a \u00fanica que capta a ess\u00eancia do Mediterr\u00e2neo. Desenhado com um vibrante mosaico multicolorido, evoca a beleza do oceano com uma gama de tonalidades intensas, como vermelhos, amarelos, azuis e verdes, que representam a alegria e o dinamismo da vida marinha. O seu acabamento liso e o cuidado artesanal destacam a sua alta qualidade, transformando cada porta-chaves n\u00e3o apenas num acess\u00f3rio funcional, mas tamb\u00e9m num objeto decorativo aut\u00eantico. As delicadas escamas do golfinho ilustram a destreza dos artes\u00e3os, transformando esta recorda\u00e7\u00e3o num s\u00edmbolo da arte cl\u00e1ssica adaptada a um design contempor\u00e2neo.<\/p>\n<p>Este porta-chaves \u00e9 perfeito para recordar as costas e a cultura do Mediterr\u00e2neo, sendo uma op\u00e7\u00e3o ideal para turistas que desejem levar um peda\u00e7o da sua experi\u00eancia. O seu design atraente e alegre torna-o um presente original e significativo, ideal para quem valoriza as recorda\u00e7\u00f5es aut\u00eanticas das suas viagens. Na Ol\u00e9 Mosaic, especializamo-nos na distribui\u00e7\u00e3o de souvenirs por grosso, oferecendo produtos que se destacam pela sua qualidade e representatividade. Este porta-chaves de golfinho \u00e9 uma excelente escolha para lojas de presentes tur\u00edsticos, pois combina arte, funcionalidade e um sentido de perten\u00e7a ao patrim\u00f3nio cultural mediterr\u00e2nico.<\/p>\n","protected":false},"excerpt":{"rendered":"<p>Porta-chaves de madeira em forma de golfinho, desenhado com um vibrante mosaico multicolorido que evoca a beleza do oceano. Este porta-chaves destaca-se pela sua elabora\u00e7\u00e3o artesanal, com um acabamento liso e detalhes que representam escamas em tons de vermelho, amarelo, azul e verde. Perfeito para recordar as costas mediterr\u00e2nicas, cada pe\u00e7a combina arte cl\u00e1ssica e funcionalidade, ideal como recorda\u00e7\u00e3o de ver\u00e3o ou presente original.<\/p>\n","protected":false},"featured_media":10628,"template":"","meta":{"_acf_changed":false},"product_brand":[],"product_cat":[611],"product_tag":[516],"class_list":{"0":"post-33343","1":"product","2":"type-product","3":"status-publish","4":"has-post-thumbnail","6":"product_cat-porta-chaves","7":"product_tag-animais","8":"pa_motivo-golfinhos","10":"first","11":"instock","12":"shipping-taxable","13":"product-type-simple"},"acf":[],"_links":{"self":[{"href":"https:\/\/olemosaic.orbitalia.org\/pt-pt\/wp-json\/wp\/v2\/product\/33343","targetHints":{"allow":["GET"]}}],"collection":[{"href":"https:\/\/olemosaic.orbitalia.org\/pt-pt\/wp-json\/wp\/v2\/product"}],"about":[{"href":"https:\/\/olemosaic.orbitalia.org\/pt-pt\/wp-json\/wp\/v2\/types\/product"}],"wp:featuredmedia":[{"embeddable":true,"href":"https:\/\/olemosaic.orbitalia.org\/pt-pt\/wp-json\/wp\/v2\/media\/10628"}],"wp:attachment":[{"href":"https:\/\/olemosaic.orbitalia.org\/pt-pt\/wp-json\/wp\/v2\/media?parent=33343"}],"wp:term":[{"taxonomy":"product_brand","embeddable":true,"href":"https:\/\/olemosaic.orbitalia.org\/pt-pt\/wp-json\/wp\/v2\/product_brand?post=33343"},{"taxonomy":"product_cat","embeddable":true,"href":"https:\/\/olemosaic.orbitalia.org\/pt-pt\/wp-json\/wp\/v2\/product_cat?post=33343"},{"taxonomy":"product_tag","embeddable":true,"href":"https:\/\/olemosaic.orbitalia.org\/pt-pt\/wp-json\/wp\/v2\/product_tag?post=33343"}],"curies":[{"name":"wp","href":"https:\/\/api.w.org\/{rel}","templated":true}]}}