{"id":33341,"date":"2025-02-20T23:33:16","date_gmt":"2025-02-20T22:33:16","guid":{"rendered":"https:\/\/olemosaic.orbitalia.org\/producto\/llavero-de-madera-camino-de-santiago-3\/"},"modified":"2025-07-25T19:55:58","modified_gmt":"2025-07-25T17:55:58","slug":"porta-chaves-de-madeira-caminho-de-santiago-3","status":"publish","type":"product","link":"https:\/\/olemosaic.orbitalia.org\/pt-pt\/produto\/porta-chaves-de-madeira-caminho-de-santiago-3\/","title":{"rendered":"Porta-chaves de madeira. Caminho de Santiago. Cruz do peregrino."},"content":{"rendered":"<p>Este porta-chaves de madeira com forma de concha \u00e9 uma recorda\u00e7\u00e3o vibrante e emblem\u00e1tica do Caminho de Santiago, uma das rotas de peregrina\u00e7\u00e3o mais famosas e importantes da Europa. O seu design destaca-se por uma elegante combina\u00e7\u00e3o de cores amarelo, laranja e vermelho, que evocam as paisagens vibrantes que os peregrinos descobrem durante o caminho. No centro, a cruz do peregrino, s\u00edmbolo da rota, apresenta-se de forma estilizada, acrescentando um toque de profundidade visual e espiritual ao objeto. Fabricado em madeira, este porta-chaves garante durabilidade e resist\u00eancia, tornando-se um acess\u00f3rio ideal para as suas chaves, mochila ou mala, assegurando que leva sempre consigo uma parte desta hist\u00f3rica travessia.<\/p>\n<p>Al\u00e9m da sua funcionalidade, este porta-chaves \u00e9 uma pe\u00e7a art\u00edstica que real\u00e7a qualquer cole\u00e7\u00e3o de recorda\u00e7\u00f5es, aludindo \u00e0 rica cultura do Caminho de Santiago e \u00e0 sua liga\u00e7\u00e3o com a hist\u00f3ria e a tradi\u00e7\u00e3o de Espanha. Cada concha simboliza a viagem, a introspe\u00e7\u00e3o e a aventura, sendo um presente perfeito para quem percorreu as rotas ou simplesmente deseja recordar o seu encanto. Na Ol\u00e9 Mosaic, oferecemos este porta-chaves de forma acess\u00edvel e aut\u00eantica, ideal para lojas de presentes tur\u00edsticos que procuram artigos representativos e cheios de significado. Com o nosso foco na distribui\u00e7\u00e3o de souvenirs por grosso, garantimos a qualidade e originalidade de cada pe\u00e7a do Caminho de Santiago.<\/p>\n","protected":false},"excerpt":{"rendered":"<p>Porta-chaves de madeira com forma de concha, inspirado no Caminho de Santiago. Este atraente porta-chaves apresenta um design vibrante, com uma combina\u00e7\u00e3o de cores amarelo, laranja e vermelho que real\u00e7a a cruz do peregrino no centro. A sua estrutura de madeira garante durabilidade, enquanto os detalhes estilizados conferem um toque art\u00edstico. Perfeito para recordar o emblem\u00e1tico caminho e acrescentar um toque decorativo \u00e0s suas chaves ou mochila.<\/p>\n","protected":false},"featured_media":10802,"template":"","meta":{"_acf_changed":false},"product_brand":[],"product_cat":[611],"product_tag":[],"class_list":{"0":"post-33341","1":"product","2":"type-product","3":"status-publish","4":"has-post-thumbnail","6":"product_cat-porta-chaves","7":"pa_ciudad-santiago","8":"pa_pais-espana","10":"first","11":"instock","12":"shipping-taxable","13":"product-type-simple"},"acf":[],"_links":{"self":[{"href":"https:\/\/olemosaic.orbitalia.org\/pt-pt\/wp-json\/wp\/v2\/product\/33341","targetHints":{"allow":["GET"]}}],"collection":[{"href":"https:\/\/olemosaic.orbitalia.org\/pt-pt\/wp-json\/wp\/v2\/product"}],"about":[{"href":"https:\/\/olemosaic.orbitalia.org\/pt-pt\/wp-json\/wp\/v2\/types\/product"}],"wp:featuredmedia":[{"embeddable":true,"href":"https:\/\/olemosaic.orbitalia.org\/pt-pt\/wp-json\/wp\/v2\/media\/10802"}],"wp:attachment":[{"href":"https:\/\/olemosaic.orbitalia.org\/pt-pt\/wp-json\/wp\/v2\/media?parent=33341"}],"wp:term":[{"taxonomy":"product_brand","embeddable":true,"href":"https:\/\/olemosaic.orbitalia.org\/pt-pt\/wp-json\/wp\/v2\/product_brand?post=33341"},{"taxonomy":"product_cat","embeddable":true,"href":"https:\/\/olemosaic.orbitalia.org\/pt-pt\/wp-json\/wp\/v2\/product_cat?post=33341"},{"taxonomy":"product_tag","embeddable":true,"href":"https:\/\/olemosaic.orbitalia.org\/pt-pt\/wp-json\/wp\/v2\/product_tag?post=33341"}],"curies":[{"name":"wp","href":"https:\/\/api.w.org\/{rel}","templated":true}]}}