{"id":33337,"date":"2025-02-20T23:33:15","date_gmt":"2025-02-20T22:33:15","guid":{"rendered":"https:\/\/olemosaic.orbitalia.org\/producto\/llavero-de-madera-salamandra-2\/"},"modified":"2025-07-25T19:59:08","modified_gmt":"2025-07-25T17:59:08","slug":"porta-chaves-de-madeira-salamandra-2","status":"publish","type":"product","link":"https:\/\/olemosaic.orbitalia.org\/pt-pt\/produto\/porta-chaves-de-madeira-salamandra-2\/","title":{"rendered":"Porta-chaves de madeira. Salamandra. Espanha."},"content":{"rendered":"<p>Este porta-chaves de madeira, decorado com uma salamandra colorida, \u00e9 um aut\u00eantico s\u00edmbolo do folclore espanhol, ideal para quem procura uma recorda\u00e7\u00e3o representativa da sua visita. Elaborado em madeira, este porta-chaves destaca-se pelo seu design vibrante que combina tons de azul, verde e vermelho em fascinantes padr\u00f5es geom\u00e9tricos. A salamandra, representada de forma encantadora e art\u00edstica, n\u00e3o \u00e9 apenas um elemento distintivo da fauna local, mas tamb\u00e9m um s\u00edmbolo de transforma\u00e7\u00e3o e regenera\u00e7\u00e3o em muitas culturas.<\/p>\n<p>O cuidado no fabrico deste porta-chaves reflete-se em cada detalhe do seu design colorido, que capta a ess\u00eancia da arte popular espanhola, tornando-o um souvenir perfeito para turistas e amantes do artesanato. O seu tamanho compacto torna-o pr\u00e1tico e port\u00e1til, ideal para levar numa mochila ou na mala, mantendo as chaves organizadas enquanto se desfruta de uma pe\u00e7a da rica tradi\u00e7\u00e3o espanhola.<\/p>\n<p>Na Ol\u00e9 Mosaic, orgulhamo-nos de oferecer souvenirs aut\u00eanticos que refletem a cultura e a arte local. Este porta-chaves de salamandra \u00e9 uma excelente op\u00e7\u00e3o para lojas de presentes tur\u00edsticos que procuram produtos \u00fanicos e de alta qualidade. Como distribuidor de souvenirs por grosso, garantimos que cada pe\u00e7a seja uma recorda\u00e7\u00e3o memor\u00e1vel que celebra a identidade cultural de Espanha, tornando-o o presente perfeito para quem deseja levar consigo um peda\u00e7o da sua experi\u00eancia.<\/p>\n","protected":false},"excerpt":{"rendered":"<p>Porta-chaves de madeira decorado com uma colorida salamandra, um s\u00edmbolo ic\u00f3nico da cultura espanhola. Este chamativo porta-chaves, fabricado em madeira, destaca-se pelo seu design detalhado e apresenta uma variada paleta de cores vibrantes, como azuis, verdes e vermelhos, dispostos em tons geom\u00e9tricos. O motivo da salamandra, representado com um estilo encantador e art\u00edstico, capta a ess\u00eancia do folclore local, tornando-o um souvenir perfeito para os amantes do artesanato espanhol.<\/p>\n","protected":false},"featured_media":10712,"template":"","meta":{"_acf_changed":false},"product_brand":[],"product_cat":[611],"product_tag":[516],"class_list":{"0":"post-33337","1":"product","2":"type-product","3":"status-publish","4":"has-post-thumbnail","6":"product_cat-porta-chaves","7":"product_tag-animais","8":"pa_motivo-salamandras","10":"first","11":"instock","12":"shipping-taxable","13":"product-type-simple"},"acf":[],"_links":{"self":[{"href":"https:\/\/olemosaic.orbitalia.org\/pt-pt\/wp-json\/wp\/v2\/product\/33337","targetHints":{"allow":["GET"]}}],"collection":[{"href":"https:\/\/olemosaic.orbitalia.org\/pt-pt\/wp-json\/wp\/v2\/product"}],"about":[{"href":"https:\/\/olemosaic.orbitalia.org\/pt-pt\/wp-json\/wp\/v2\/types\/product"}],"wp:featuredmedia":[{"embeddable":true,"href":"https:\/\/olemosaic.orbitalia.org\/pt-pt\/wp-json\/wp\/v2\/media\/10712"}],"wp:attachment":[{"href":"https:\/\/olemosaic.orbitalia.org\/pt-pt\/wp-json\/wp\/v2\/media?parent=33337"}],"wp:term":[{"taxonomy":"product_brand","embeddable":true,"href":"https:\/\/olemosaic.orbitalia.org\/pt-pt\/wp-json\/wp\/v2\/product_brand?post=33337"},{"taxonomy":"product_cat","embeddable":true,"href":"https:\/\/olemosaic.orbitalia.org\/pt-pt\/wp-json\/wp\/v2\/product_cat?post=33337"},{"taxonomy":"product_tag","embeddable":true,"href":"https:\/\/olemosaic.orbitalia.org\/pt-pt\/wp-json\/wp\/v2\/product_tag?post=33337"}],"curies":[{"name":"wp","href":"https:\/\/api.w.org\/{rel}","templated":true}]}}