{"id":33325,"date":"2025-02-20T23:33:15","date_gmt":"2025-02-20T22:33:15","guid":{"rendered":"https:\/\/olemosaic.orbitalia.org\/producto\/llavero-de-madera-panoramica-barcelona-2\/"},"modified":"2025-07-25T20:35:14","modified_gmt":"2025-07-25T18:35:14","slug":"porta-chaves-de-madeira-panoramica-barcelona-2","status":"publish","type":"product","link":"https:\/\/olemosaic.orbitalia.org\/pt-pt\/produto\/porta-chaves-de-madeira-panoramica-barcelona-2\/","title":{"rendered":"Porta-chaves de madeira. Panor\u00e2mica. Sagrada Fam\u00edlia. Barcelona."},"content":{"rendered":"<p>Este porta-chaves de madeira com uma vibrante panor\u00e2mica de Barcelona \u00e9 um acess\u00f3rio imprescind\u00edvel para quem deseja levar consigo um pedacinho da maravilhosa cidade condal. O seu design caricatural captura a ess\u00eancia de Barcelona, apresentando uma representa\u00e7\u00e3o art\u00edstica dos seus monumentos emblem\u00e1ticos, como a majestosa Sagrada Fam\u00edlia, juntamente com outros \u00edcones arquitet\u00f3nicos reconhec\u00edveis que fazem desta cidade um destino t\u00e3o singular. Pintado \u00e0 m\u00e3o, este porta-chaves destaca-se pelas suas cores brilhantes e pelo seu tra\u00e7o art\u00edstico, que conferem um ar festivo e alegre, ideal para recordar momentos especiais vividos na cidade.<\/p>\n<p>Os detalhes florais que rodeiam a imagem n\u00e3o s\u00f3 adicionam um toque est\u00e9tico, como tamb\u00e9m refletem o car\u00e1ter vibrante da cultura catal\u00e3. Este porta-chaves n\u00e3o \u00e9 apenas um objeto utilit\u00e1rio, mas torna-se tamb\u00e9m um aut\u00eantico souvenir de Barcelona, perfeito para quem deseja recordar a sua visita ou levar um presente especial aos seus entes queridos. Na Ol\u00e9 Mosaic, como grossistas de souvenirs, oferecemos este porta-chaves de madeira como uma excelente op\u00e7\u00e3o para lojas de presentes tur\u00edsticos, garantindo autenticidade e qualidade em cada pe\u00e7a. Sem d\u00favida, \u00e9 uma recorda\u00e7\u00e3o significativa que captura a beleza e o encanto de Barcelona, ideal para qualquer turista que deseje levar um peda\u00e7o da cidade.<\/p>\n","protected":false},"excerpt":{"rendered":"<p>Porta-chaves de madeira com uma vibrante panor\u00e2mica de Barcelona que captura a ess\u00eancia da cidade num design colorido e caricatural. Este porta-chaves apresenta uma representa\u00e7\u00e3o de monumentos emblem\u00e1ticos, como a Sagrada Fam\u00edlia, e outros elementos arquitet\u00f3nicos reconhec\u00edveis, rodeados de detalhes florais. Pintado com estilo artesanal, destaca-se pelo uso de cores brilhantes e um tra\u00e7o art\u00edstico que o tornam uma recorda\u00e7\u00e3o \u00fanica e atraente da Cidade Condal.<\/p>\n","protected":false},"featured_media":10444,"template":"","meta":{"_acf_changed":false},"product_brand":[],"product_cat":[611],"product_tag":[],"class_list":{"0":"post-33325","1":"product","2":"type-product","3":"status-publish","4":"has-post-thumbnail","6":"product_cat-porta-chaves","7":"pa_ciudad-barcelona","8":"pa_motivo-panoramas","9":"pa_pais-espana","11":"first","12":"instock","13":"shipping-taxable","14":"product-type-simple"},"acf":[],"_links":{"self":[{"href":"https:\/\/olemosaic.orbitalia.org\/pt-pt\/wp-json\/wp\/v2\/product\/33325","targetHints":{"allow":["GET"]}}],"collection":[{"href":"https:\/\/olemosaic.orbitalia.org\/pt-pt\/wp-json\/wp\/v2\/product"}],"about":[{"href":"https:\/\/olemosaic.orbitalia.org\/pt-pt\/wp-json\/wp\/v2\/types\/product"}],"wp:featuredmedia":[{"embeddable":true,"href":"https:\/\/olemosaic.orbitalia.org\/pt-pt\/wp-json\/wp\/v2\/media\/10444"}],"wp:attachment":[{"href":"https:\/\/olemosaic.orbitalia.org\/pt-pt\/wp-json\/wp\/v2\/media?parent=33325"}],"wp:term":[{"taxonomy":"product_brand","embeddable":true,"href":"https:\/\/olemosaic.orbitalia.org\/pt-pt\/wp-json\/wp\/v2\/product_brand?post=33325"},{"taxonomy":"product_cat","embeddable":true,"href":"https:\/\/olemosaic.orbitalia.org\/pt-pt\/wp-json\/wp\/v2\/product_cat?post=33325"},{"taxonomy":"product_tag","embeddable":true,"href":"https:\/\/olemosaic.orbitalia.org\/pt-pt\/wp-json\/wp\/v2\/product_tag?post=33325"}],"curies":[{"name":"wp","href":"https:\/\/api.w.org\/{rel}","templated":true}]}}