{"id":33323,"date":"2025-02-20T23:33:15","date_gmt":"2025-02-20T22:33:15","guid":{"rendered":"https:\/\/olemosaic.orbitalia.org\/producto\/llavero-de-madera-panoramica-barcelona\/"},"modified":"2025-07-25T19:09:10","modified_gmt":"2025-07-25T17:09:10","slug":"porta-chaves-de-madeira-panoramica-barcelona","status":"publish","type":"product","link":"https:\/\/olemosaic.orbitalia.org\/pt-pt\/produto\/porta-chaves-de-madeira-panoramica-barcelona\/","title":{"rendered":"Porta-chaves de madeira. Panor\u00e2mica. Barcelona."},"content":{"rendered":"<p>Este porta-chaves de madeira, com uma colorida panor\u00e2mica de Barcelona, \u00e9 uma recorda\u00e7\u00e3o \u00fanica que encapsula a ess\u00eancia vibrante da cidade condal. Desenhado com um estilo art\u00edstico encantador, apresenta uma representa\u00e7\u00e3o de monumentos emblem\u00e1ticos como a majestosa Sagrada Fam\u00edlia e a Casa Batll\u00f3, rodeados de mosaicos de tons brilhantes que evocam a obra-prima de Gaud\u00ed. A pe\u00e7a, decorada com um sol radiante, tamb\u00e9m leva o nome &#8220;Barcelona&#8221; impresso em letras alegres, adicionando um toque festivo \u00e0 sua apresenta\u00e7\u00e3o.<\/p>\n<p>Confecionado com madeira de alta qualidade, este porta-chaves n\u00e3o s\u00f3 \u00e9 funcional, como tamb\u00e9m \u00e9 um aut\u00eantico souvenir que reflete a rica cultura e arquitetura de Barcelona. Ideal para turistas e visitantes, torna-se um item imprescind\u00edvel para levar um pedacinho da cidade para qualquer lugar. Este porta-chaves, al\u00e9m disso, representa a profunda liga\u00e7\u00e3o que os visitantes t\u00eam com os monumentos da cidade, sendo por isso uma excelente op\u00e7\u00e3o para quem procura uma recorda\u00e7\u00e3o significativa.<\/p>\n<p>Na Ol\u00e9 Mosaic, somos distribuidores de souvenirs aut\u00eanticos e oferecemos porta-chaves de madeira de Barcelona, entre outros produtos representativos que destacam a cultura local. Este porta-chaves \u00e9 perfeito para lojas de presentes tur\u00edsticos que desejem oferecer produtos de qualidade, focados no patrim\u00f3nio cultural e no artesanato.<\/p>\n","protected":false},"excerpt":{"rendered":"<p>Porta-chaves de madeira com uma colorida panor\u00e2mica de Barcelona que captura a ess\u00eancia da cidade. Este design vibrante apresenta monumentos emblem\u00e1ticos como a Sagrada Fam\u00edlia e a Casa Batll\u00f3, rodeados de mosaicos coloridos. A pe\u00e7a est\u00e1 decorada com um sol radiante e o nome &#8220;Barcelona&#8221; impresso com letras alegres, tornando-o uma recorda\u00e7\u00e3o perfeita da cidade. Ideal para levar um pedacinho de Barcelona para onde quer que v\u00e1.<\/p>\n","protected":false},"featured_media":10443,"template":"","meta":{"_acf_changed":false},"product_brand":[],"product_cat":[611],"product_tag":[],"class_list":{"0":"post-33323","1":"product","2":"type-product","3":"status-publish","4":"has-post-thumbnail","6":"product_cat-porta-chaves","7":"pa_ciudad-barcelona","8":"pa_motivo-panoramas","9":"pa_pais-espana","11":"first","12":"instock","13":"shipping-taxable","14":"product-type-simple"},"acf":[],"_links":{"self":[{"href":"https:\/\/olemosaic.orbitalia.org\/pt-pt\/wp-json\/wp\/v2\/product\/33323","targetHints":{"allow":["GET"]}}],"collection":[{"href":"https:\/\/olemosaic.orbitalia.org\/pt-pt\/wp-json\/wp\/v2\/product"}],"about":[{"href":"https:\/\/olemosaic.orbitalia.org\/pt-pt\/wp-json\/wp\/v2\/types\/product"}],"wp:featuredmedia":[{"embeddable":true,"href":"https:\/\/olemosaic.orbitalia.org\/pt-pt\/wp-json\/wp\/v2\/media\/10443"}],"wp:attachment":[{"href":"https:\/\/olemosaic.orbitalia.org\/pt-pt\/wp-json\/wp\/v2\/media?parent=33323"}],"wp:term":[{"taxonomy":"product_brand","embeddable":true,"href":"https:\/\/olemosaic.orbitalia.org\/pt-pt\/wp-json\/wp\/v2\/product_brand?post=33323"},{"taxonomy":"product_cat","embeddable":true,"href":"https:\/\/olemosaic.orbitalia.org\/pt-pt\/wp-json\/wp\/v2\/product_cat?post=33323"},{"taxonomy":"product_tag","embeddable":true,"href":"https:\/\/olemosaic.orbitalia.org\/pt-pt\/wp-json\/wp\/v2\/product_tag?post=33323"}],"curies":[{"name":"wp","href":"https:\/\/api.w.org\/{rel}","templated":true}]}}