{"id":33322,"date":"2025-02-20T23:33:14","date_gmt":"2025-02-20T22:33:14","guid":{"rendered":"https:\/\/olemosaic.orbitalia.org\/producto\/llavero-de-madera-panoramica-madrid\/"},"modified":"2025-07-25T20:11:18","modified_gmt":"2025-07-25T18:11:18","slug":"porta-chaves-de-madeira-panoramica-madrid","status":"publish","type":"product","link":"https:\/\/olemosaic.orbitalia.org\/pt-pt\/produto\/porta-chaves-de-madeira-panoramica-madrid\/","title":{"rendered":"Porta-chaves de madeira. Panor\u00e2mica. Madrid."},"content":{"rendered":"<p>Este porta-chaves de madeira com a panor\u00e2mica de Madrid \u00e9 uma aut\u00eantica recorda\u00e7\u00e3o que encapsula a ess\u00eancia vibrante da capital espanhola. Fabricado com madeira de alta qualidade, apresenta uma impress\u00e3o vibrante que destaca os monumentos mais emblem\u00e1ticos da cidade, como a ic\u00f3nica Puerta del Sol e a hist\u00f3rica Plaza Mayor. O seu design, emoldurado por um fundo azul brilhante que evoca o c\u00e9u madrileno, cria um contraste atraente com os detalhes arquitet\u00f3nicos meticulosamente ilustrados. As letras que formam a palavra &#8220;MADRID&#8221; s\u00e3o elaboradas numa variedade de tons vivos, adicionando um toque alegre e din\u00e2mico que atrai a aten\u00e7\u00e3o.<\/p>\n<p>Este porta-chaves n\u00e3o \u00e9 apenas um acess\u00f3rio pr\u00e1tico para manter as suas chaves organizadas, mas tamb\u00e9m uma recorda\u00e7\u00e3o significativa que celebra a riqueza cultural e a hist\u00f3ria de Madrid. Ideal para quem procura levar um peda\u00e7o da cidade consigo, \u00e9 o souvenir perfeito, pois oferece uma representa\u00e7\u00e3o colorida dos s\u00edmbolos mais queridos da metr\u00f3pole.<\/p>\n<p>Na Ol\u00e9 Mosaic, especializamo-nos na distribui\u00e7\u00e3o de souvenirs por grosso, garantindo que cada produto, como este porta-chaves com a panor\u00e2mica de Madrid, seja uma op\u00e7\u00e3o excecional para as lojas de presentes tur\u00edsticos que desejam oferecer artigos aut\u00eanticos e representativos. Um presente encantador e significativo que ressoar\u00e1 entre os visitantes e deixar\u00e1 uma marca duradoura da sua experi\u00eancia na capital espanhola.<\/p>\n","protected":false},"excerpt":{"rendered":"<p>Porta-chaves de madeira com uma colorida panor\u00e2mica de Madrid, onde se destacam monumentos emblem\u00e1ticos como a Puerta del Sol e a Plaza Mayor. Este porta-chaves, desenhado com uma t\u00e9cnica de impress\u00e3o vibrante, apresenta um fundo azul que evoca o c\u00e9u madrileno, enquanto as letras de &#8220;MADRID&#8221;, em tons vivos, adicionam um toque alegre. Um souvenir ideal para levar sempre consigo um peda\u00e7o da capital espanhola.<\/p>\n","protected":false},"featured_media":10799,"template":"","meta":{"_acf_changed":false},"product_brand":[],"product_cat":[611],"product_tag":[],"class_list":{"0":"post-33322","1":"product","2":"type-product","3":"status-publish","4":"has-post-thumbnail","6":"product_cat-porta-chaves","7":"pa_ciudad-madrid","8":"pa_motivo-panoramas","9":"pa_pais-espana","11":"first","12":"instock","13":"shipping-taxable","14":"product-type-simple"},"acf":[],"_links":{"self":[{"href":"https:\/\/olemosaic.orbitalia.org\/pt-pt\/wp-json\/wp\/v2\/product\/33322","targetHints":{"allow":["GET"]}}],"collection":[{"href":"https:\/\/olemosaic.orbitalia.org\/pt-pt\/wp-json\/wp\/v2\/product"}],"about":[{"href":"https:\/\/olemosaic.orbitalia.org\/pt-pt\/wp-json\/wp\/v2\/types\/product"}],"wp:featuredmedia":[{"embeddable":true,"href":"https:\/\/olemosaic.orbitalia.org\/pt-pt\/wp-json\/wp\/v2\/media\/10799"}],"wp:attachment":[{"href":"https:\/\/olemosaic.orbitalia.org\/pt-pt\/wp-json\/wp\/v2\/media?parent=33322"}],"wp:term":[{"taxonomy":"product_brand","embeddable":true,"href":"https:\/\/olemosaic.orbitalia.org\/pt-pt\/wp-json\/wp\/v2\/product_brand?post=33322"},{"taxonomy":"product_cat","embeddable":true,"href":"https:\/\/olemosaic.orbitalia.org\/pt-pt\/wp-json\/wp\/v2\/product_cat?post=33322"},{"taxonomy":"product_tag","embeddable":true,"href":"https:\/\/olemosaic.orbitalia.org\/pt-pt\/wp-json\/wp\/v2\/product_tag?post=33322"}],"curies":[{"name":"wp","href":"https:\/\/api.w.org\/{rel}","templated":true}]}}