{"id":33306,"date":"2025-02-20T23:33:14","date_gmt":"2025-02-20T22:33:14","guid":{"rendered":"https:\/\/olemosaic.orbitalia.org\/producto\/llavero-de-madera-letra-s-valencia\/"},"modified":"2025-07-25T18:44:06","modified_gmt":"2025-07-25T16:44:06","slug":"porta-chaves-de-madeira-letra-s-valencia","status":"publish","type":"product","link":"https:\/\/olemosaic.orbitalia.org\/pt-pt\/produto\/porta-chaves-de-madeira-letra-s-valencia\/","title":{"rendered":"Porta-chaves de madeira. Letra S. Val\u00eancia."},"content":{"rendered":"<p>Este porta-chaves de madeira com a letra &#8220;S&#8221; \u00e9 uma recorda\u00e7\u00e3o distintiva de Val\u00eancia que combina funcionalidade e arte num design cativante. Com uma forma estilizada, este porta-chaves n\u00e3o serve apenas para segurar as chaves, mas \u00e9 uma representa\u00e7\u00e3o colorida da emblem\u00e1tica arquitetura da Cidade das Artes e das Ci\u00eancias. O seu acabamento em tons vibrantes de azul e vermelho, inspirado no famoso mosaico valenciano, capta a aten\u00e7\u00e3o instantaneamente e evoca a alegria desta vibrante cidade mediterr\u00e2nica.<\/p>\n<p>Cada porta-chaves \u00e9 pintado \u00e0 m\u00e3o, o que garante que cada pe\u00e7a seja \u00fanica e reflita a dedica\u00e7\u00e3o dos artes\u00e3os locais. Nele, podem apreciar-se representa\u00e7\u00f5es estilizadas dos ic\u00f3nicos edif\u00edcios de Val\u00eancia, adornando a letra &#8220;S&#8221; com detalhes que relembram a magia arquitet\u00f3nica da regi\u00e3o. Esta liga\u00e7\u00e3o cultural real\u00e7a o seu valor como recorda\u00e7\u00e3o representativa, permitindo aos turistas levar um peda\u00e7o de Val\u00eancia sempre consigo.<\/p>\n<p>Ideal para quem procura recorda\u00e7\u00f5es de qualidade, este porta-chaves \u00e9 uma excelente escolha para lojas de presentes tur\u00edsticos. Na Ol\u00e9 Mosaic, como distribuidores de recorda\u00e7\u00f5es por grosso, oferecemos produtos aut\u00eanticos que celebram a rica heran\u00e7a cultural de Espanha. Este porta-chaves de Val\u00eancia \u00e9 perfeito para capturar momentos e recorda\u00e7\u00f5es de uma das cidades mais emblem\u00e1ticas do pa\u00eds.<\/p>\n","protected":false},"excerpt":{"rendered":"<p>Porta-chaves de madeira com a letra &#8220;S&#8221;, que representa a cidade de Val\u00eancia. Este original porta-chaves apresenta um design colorido com detalhes que evocam a arquitetura da Cidade das Artes e das Ci\u00eancias, complementado por um vibrante mosaico em tons de azul e vermelho. A t\u00e9cnica de design artesanal, pintado \u00e0 m\u00e3o, confere-lhe um toque \u00fanico, e a sua forma estilizada oferece uma pe\u00e7a funcional e decorativa. Ideal para levar um peda\u00e7o de Val\u00eancia sempre consigo.<\/p>\n","protected":false},"featured_media":10877,"template":"","meta":{"_acf_changed":false},"product_brand":[],"product_cat":[611],"product_tag":[612],"class_list":{"0":"post-33306","1":"product","2":"type-product","3":"status-publish","4":"has-post-thumbnail","6":"product_cat-porta-chaves","7":"product_tag-cartas","8":"pa_ciudad-valencia","9":"pa_motivo-letra-s","10":"pa_pais-espana","12":"first","13":"instock","14":"shipping-taxable","15":"product-type-simple"},"acf":[],"_links":{"self":[{"href":"https:\/\/olemosaic.orbitalia.org\/pt-pt\/wp-json\/wp\/v2\/product\/33306","targetHints":{"allow":["GET"]}}],"collection":[{"href":"https:\/\/olemosaic.orbitalia.org\/pt-pt\/wp-json\/wp\/v2\/product"}],"about":[{"href":"https:\/\/olemosaic.orbitalia.org\/pt-pt\/wp-json\/wp\/v2\/types\/product"}],"wp:featuredmedia":[{"embeddable":true,"href":"https:\/\/olemosaic.orbitalia.org\/pt-pt\/wp-json\/wp\/v2\/media\/10877"}],"wp:attachment":[{"href":"https:\/\/olemosaic.orbitalia.org\/pt-pt\/wp-json\/wp\/v2\/media?parent=33306"}],"wp:term":[{"taxonomy":"product_brand","embeddable":true,"href":"https:\/\/olemosaic.orbitalia.org\/pt-pt\/wp-json\/wp\/v2\/product_brand?post=33306"},{"taxonomy":"product_cat","embeddable":true,"href":"https:\/\/olemosaic.orbitalia.org\/pt-pt\/wp-json\/wp\/v2\/product_cat?post=33306"},{"taxonomy":"product_tag","embeddable":true,"href":"https:\/\/olemosaic.orbitalia.org\/pt-pt\/wp-json\/wp\/v2\/product_tag?post=33306"}],"curies":[{"name":"wp","href":"https:\/\/api.w.org\/{rel}","templated":true}]}}