{"id":33304,"date":"2025-02-20T23:33:13","date_gmt":"2025-02-20T22:33:13","guid":{"rendered":"https:\/\/olemosaic.orbitalia.org\/producto\/llavero-de-madera-letra-p-madrid\/"},"modified":"2025-07-25T18:47:10","modified_gmt":"2025-07-25T16:47:10","slug":"porta-chaves-de-madeira-letra-p-madrid","status":"publish","type":"product","link":"https:\/\/olemosaic.orbitalia.org\/pt-pt\/produto\/porta-chaves-de-madeira-letra-p-madrid\/","title":{"rendered":"Porta-chaves de madeira. Letra P. Madrid."},"content":{"rendered":"<p>Este porta-chaves de madeira com a letra &#8220;P&#8221; \u00e9 uma recorda\u00e7\u00e3o ic\u00f3nica que captura a ess\u00eancia de Madrid, a vibrante capital de Espanha. Desenhado com um acabamento pintado \u00e0 m\u00e3o, apresenta uma ilustra\u00e7\u00e3o colorida da famosa Puerta del Sol, um ponto nevr\u00e1lgico que simboliza o cora\u00e7\u00e3o da cidade. Os detalhes em mosaico evocam a arte local, transformando o porta-chaves numa pe\u00e7a \u00fanica que reflete a riqueza cultural da regi\u00e3o. Os tons vibrantes de azul e vermelho n\u00e3o s\u00f3 conferem um apelo visual, como tamb\u00e9m prestam homenagem \u00e0s tradi\u00e7\u00f5es madrilenas, tornando este artigo uma recorda\u00e7\u00e3o aut\u00eantica. Al\u00e9m disso, o log\u00f3tipo do Metro de Madrid, que se destaca na parte superior, enfatiza a liga\u00e7\u00e3o desta lembran\u00e7a com o transporte p\u00fablico da cidade, um elemento essencial na vida quotidiana dos madrilenos. Este porta-chaves de madeira n\u00e3o \u00e9 apenas pr\u00e1tico, mas tamb\u00e9m um excelente presente ou complemento para turistas que procuram levar um peda\u00e7o da capital espanhola. Na Ol\u00e9 Mosaic, como grossista de recorda\u00e7\u00f5es aut\u00eanticas por grosso, oferecemos este porta-chaves como uma op\u00e7\u00e3o atraente para lojas de presentes tur\u00edsticos que desejem oferecer produtos que realcem a cultura e a identidade de Madrid.<\/p>\n","protected":false},"excerpt":{"rendered":"<p>Porta-chaves de madeira com a letra &#8220;P&#8221;, que representa Madrid. Este porta-chaves apresenta um design colorido, design artesanal, pintado \u00e0 m\u00e3o, que ilustra a famosa Puerta del Sol e algumas tradi\u00e7\u00f5es madrilenas, com detalhes de mosaico que evocam a arte local. Destacam-se cores vibrantes como o azul e o vermelho, al\u00e9m do log\u00f3tipo do metro de Madrid. Um souvenir original e pr\u00e1tico para recordar a ess\u00eancia da capital espanhola.<\/p>\n","protected":false},"featured_media":10848,"template":"","meta":{"_acf_changed":false},"product_brand":[],"product_cat":[611],"product_tag":[612],"class_list":{"0":"post-33304","1":"product","2":"type-product","3":"status-publish","4":"has-post-thumbnail","6":"product_cat-porta-chaves","7":"product_tag-cartas","8":"pa_ciudad-madrid","9":"pa_motivo-letra-p","10":"pa_pais-espana","12":"first","13":"instock","14":"shipping-taxable","15":"product-type-simple"},"acf":[],"_links":{"self":[{"href":"https:\/\/olemosaic.orbitalia.org\/pt-pt\/wp-json\/wp\/v2\/product\/33304","targetHints":{"allow":["GET"]}}],"collection":[{"href":"https:\/\/olemosaic.orbitalia.org\/pt-pt\/wp-json\/wp\/v2\/product"}],"about":[{"href":"https:\/\/olemosaic.orbitalia.org\/pt-pt\/wp-json\/wp\/v2\/types\/product"}],"wp:featuredmedia":[{"embeddable":true,"href":"https:\/\/olemosaic.orbitalia.org\/pt-pt\/wp-json\/wp\/v2\/media\/10848"}],"wp:attachment":[{"href":"https:\/\/olemosaic.orbitalia.org\/pt-pt\/wp-json\/wp\/v2\/media?parent=33304"}],"wp:term":[{"taxonomy":"product_brand","embeddable":true,"href":"https:\/\/olemosaic.orbitalia.org\/pt-pt\/wp-json\/wp\/v2\/product_brand?post=33304"},{"taxonomy":"product_cat","embeddable":true,"href":"https:\/\/olemosaic.orbitalia.org\/pt-pt\/wp-json\/wp\/v2\/product_cat?post=33304"},{"taxonomy":"product_tag","embeddable":true,"href":"https:\/\/olemosaic.orbitalia.org\/pt-pt\/wp-json\/wp\/v2\/product_tag?post=33304"}],"curies":[{"name":"wp","href":"https:\/\/api.w.org\/{rel}","templated":true}]}}