{"id":33264,"date":"2025-02-20T23:33:12","date_gmt":"2025-02-20T22:33:12","guid":{"rendered":"https:\/\/olemosaic.orbitalia.org\/producto\/llavero-de-madera-letra-b\/"},"modified":"2025-07-25T18:36:50","modified_gmt":"2025-07-25T16:36:50","slug":"porta-chaves-de-madeira-letra-b","status":"publish","type":"product","link":"https:\/\/olemosaic.orbitalia.org\/pt-pt\/produto\/porta-chaves-de-madeira-letra-b\/","title":{"rendered":"Porta-chaves de madeira. Letra B."},"content":{"rendered":"<p>Este porta-chaves de madeira com a letra &#8220;B&#8221; \u00e9 um souvenir vibrante e aut\u00eantico que encapsula a ess\u00eancia do artesanato espanhol. Desenhado sobre uma base branca que real\u00e7a uma encantadora decora\u00e7\u00e3o de mosaico, este porta-chaves \u00e9 adornado com um padr\u00e3o colorido que integra elementos em vermelho, amarelo, verde e azul, evocando a rica tradi\u00e7\u00e3o da cer\u00e2mica t\u00edpica de Espanha, com reminisc\u00eancias das obras de artistas como Antoni Gaud\u00ed. O seu acabamento elegante e leve n\u00e3o s\u00f3 confere um toque visual cativante, como tamb\u00e9m o torna um acess\u00f3rio pr\u00e1tico e funcional para personalizar as suas chaves.<\/p>\n<p>O porta-chaves com a letra &#8220;B&#8221; apresenta-se como o presente perfeito para turistas que procuram levar um pedacinho da cultura espanhola, destacando a sua unicidade e valor como souvenir. A cada olhar, este porta-chaves torna-se uma recorda\u00e7\u00e3o dos momentos vividos nas coloridas ruas de Espanha, onde a tradi\u00e7\u00e3o e a arte se entrela\u00e7am. Na Ol\u00e9 Mosaic, orgulhamo-nos de oferecer uma variedade de souvenirs por grosso que celebram a heran\u00e7a cultural e art\u00edstica da regi\u00e3o. Este porta-chaves \u00e9 uma op\u00e7\u00e3o ideal para lojas de presentes tur\u00edsticos que procuram oferecer produtos aut\u00eanticos e cheios de significado cultural, representando na perfei\u00e7\u00e3o o esp\u00edrito da arte em miniatura que caracteriza os nossos souvenirs de madeira.<\/p>\n","protected":false},"excerpt":{"rendered":"<p>Porta-chaves de madeira com a letra B, decorado com um vibrante design de mosaico. Este atrativo porta-chaves apresenta uma base branca com elementos coloridos em vermelho, amarelo, verde e azul, criando um padr\u00e3o cativante que recorda a cer\u00e2mica t\u00edpica da regi\u00e3o. O seu acabamento elegante e leve torna-o uma recorda\u00e7\u00e3o pr\u00e1tica de Espanha, ideal para personalizar as suas chaves ou como um presente especial.<\/p>\n","protected":false},"featured_media":10921,"template":"","meta":{"_acf_changed":false},"product_brand":[],"product_cat":[611],"product_tag":[612],"class_list":{"0":"post-33264","1":"product","2":"type-product","3":"status-publish","4":"has-post-thumbnail","6":"product_cat-porta-chaves","7":"product_tag-cartas","8":"pa_motivo-letra-b","10":"first","11":"instock","12":"shipping-taxable","13":"product-type-simple"},"acf":[],"_links":{"self":[{"href":"https:\/\/olemosaic.orbitalia.org\/pt-pt\/wp-json\/wp\/v2\/product\/33264","targetHints":{"allow":["GET"]}}],"collection":[{"href":"https:\/\/olemosaic.orbitalia.org\/pt-pt\/wp-json\/wp\/v2\/product"}],"about":[{"href":"https:\/\/olemosaic.orbitalia.org\/pt-pt\/wp-json\/wp\/v2\/types\/product"}],"wp:featuredmedia":[{"embeddable":true,"href":"https:\/\/olemosaic.orbitalia.org\/pt-pt\/wp-json\/wp\/v2\/media\/10921"}],"wp:attachment":[{"href":"https:\/\/olemosaic.orbitalia.org\/pt-pt\/wp-json\/wp\/v2\/media?parent=33264"}],"wp:term":[{"taxonomy":"product_brand","embeddable":true,"href":"https:\/\/olemosaic.orbitalia.org\/pt-pt\/wp-json\/wp\/v2\/product_brand?post=33264"},{"taxonomy":"product_cat","embeddable":true,"href":"https:\/\/olemosaic.orbitalia.org\/pt-pt\/wp-json\/wp\/v2\/product_cat?post=33264"},{"taxonomy":"product_tag","embeddable":true,"href":"https:\/\/olemosaic.orbitalia.org\/pt-pt\/wp-json\/wp\/v2\/product_tag?post=33264"}],"curies":[{"name":"wp","href":"https:\/\/api.w.org\/{rel}","templated":true}]}}