{"id":33261,"date":"2025-02-20T23:33:12","date_gmt":"2025-02-20T22:33:12","guid":{"rendered":"https:\/\/olemosaic.orbitalia.org\/producto\/llavero-de-madera-bailaora\/"},"modified":"2025-07-25T19:42:56","modified_gmt":"2025-07-25T17:42:56","slug":"porta-chaves-de-madeira-bailarina","status":"publish","type":"product","link":"https:\/\/olemosaic.orbitalia.org\/pt-pt\/produto\/porta-chaves-de-madeira-bailarina\/","title":{"rendered":"Porta-chaves de madeira. Bailarina."},"content":{"rendered":"<p>Este porta-chaves de madeira com a ilustra\u00e7\u00e3o de uma bailarina de flamenco \u00e9 um aut\u00eantico s\u00edmbolo da cultura andaluza. Confecionado com esmero e pintado \u00e0 m\u00e3o, este colorido souvenir representa uma bailarina vestida com um vibrante vestido vermelho adornado com bolinhas brancas, que evocam a alegria e o ritmo do flamenco. A sua express\u00e3o cativante e a eleg\u00e2ncia da sua pose, enquanto segura um leque decorativo, capturam a ess\u00eancia desta apaixonante tradi\u00e7\u00e3o espanhola. O design do porta-chaves n\u00e3o s\u00f3 destaca os detalhes art\u00edsticos, como os folhos volumosos do vestido e a rosa no cabelo, mas tamb\u00e9m reflete a energia e o entusiasmo que caracteriza as atua\u00e7\u00f5es flamencas. Este porta-chaves \u00e9 uma excelente recorda\u00e7\u00e3o de Espanha, ideal para turistas que desejam levar um pedacinho da cultura andaluza. Na Ol\u00e9 Mosaic orgulhamo-nos de oferecer souvenirs aut\u00eanticos que real\u00e7am o melhor da heran\u00e7a espanhola, e este porta-chaves de bailarina \u00e9 uma representa\u00e7\u00e3o perfeita disso. Como grossistas de recorda\u00e7\u00f5es, garantimos a autenticidade e qualidade de cada pe\u00e7a, tornando-o uma op\u00e7\u00e3o ideal para lojas de presentes tur\u00edsticos que procuram produtos \u00fanicos e representativos.<\/p>\n","protected":false},"excerpt":{"rendered":"<p>Porta-chaves de madeira com a ilustra\u00e7\u00e3o de uma bailarina de flamenco, que captura la ess\u00eancia da cultura andaluza. Este colorido porta-chaves, de design artesanal e pintado \u00e0 m\u00e3o, representa a bailarina com um vibrante vestido vermelho com bolinhas brancas, enquanto segura um leque decorativo. Os detalhes do seu traje e a express\u00e3o do seu rosto evocam a gra\u00e7a e a energia do flamenco, tornando-o uma excelente recorda\u00e7\u00e3o de Espanha.<\/p>\n","protected":false},"featured_media":10789,"template":"","meta":{"_acf_changed":false},"product_brand":[],"product_cat":[611],"product_tag":[],"class_list":{"0":"post-33261","1":"product","2":"type-product","3":"status-publish","4":"has-post-thumbnail","6":"product_cat-porta-chaves","7":"pa_motivo-dancarinos","9":"first","10":"instock","11":"shipping-taxable","12":"product-type-simple"},"acf":[],"_links":{"self":[{"href":"https:\/\/olemosaic.orbitalia.org\/pt-pt\/wp-json\/wp\/v2\/product\/33261","targetHints":{"allow":["GET"]}}],"collection":[{"href":"https:\/\/olemosaic.orbitalia.org\/pt-pt\/wp-json\/wp\/v2\/product"}],"about":[{"href":"https:\/\/olemosaic.orbitalia.org\/pt-pt\/wp-json\/wp\/v2\/types\/product"}],"wp:featuredmedia":[{"embeddable":true,"href":"https:\/\/olemosaic.orbitalia.org\/pt-pt\/wp-json\/wp\/v2\/media\/10789"}],"wp:attachment":[{"href":"https:\/\/olemosaic.orbitalia.org\/pt-pt\/wp-json\/wp\/v2\/media?parent=33261"}],"wp:term":[{"taxonomy":"product_brand","embeddable":true,"href":"https:\/\/olemosaic.orbitalia.org\/pt-pt\/wp-json\/wp\/v2\/product_brand?post=33261"},{"taxonomy":"product_cat","embeddable":true,"href":"https:\/\/olemosaic.orbitalia.org\/pt-pt\/wp-json\/wp\/v2\/product_cat?post=33261"},{"taxonomy":"product_tag","embeddable":true,"href":"https:\/\/olemosaic.orbitalia.org\/pt-pt\/wp-json\/wp\/v2\/product_tag?post=33261"}],"curies":[{"name":"wp","href":"https:\/\/api.w.org\/{rel}","templated":true}]}}