{"id":33245,"date":"2025-02-20T23:33:12","date_gmt":"2025-02-20T22:33:12","guid":{"rendered":"https:\/\/olemosaic.orbitalia.org\/producto\/llavero-de-madera-letra-x\/"},"modified":"2025-07-25T19:58:08","modified_gmt":"2025-07-25T17:58:08","slug":"porta-chaves-de-madeira-letra-x","status":"publish","type":"product","link":"https:\/\/olemosaic.orbitalia.org\/pt-pt\/produto\/porta-chaves-de-madeira-letra-x\/","title":{"rendered":"Porta-chaves de madeira. Letra X."},"content":{"rendered":"<p>Este porta-chaves de madeira com a forma da letra X celebra o inconfund\u00edvel estilo art\u00edstico de Gaud\u00ed, representando a ess\u00eancia de Barcelona. O seu design vibrante destaca-se por um mosaico atraente, onde as cores vermelho, amarelo, azul e verde se combinam harmoniosamente, evocando as cer\u00e2micas coloridas emblem\u00e1ticas das obras do reconhecido arquiteto catal\u00e3o. O acabamento detalhado inclui motivos intrincados que acrescentam um toque moderno e distintivo, tornando este porta-chaves uma aut\u00eantica recorda\u00e7\u00e3o de Barcelona.<\/p>\n<p>O porta-chaves n\u00e3o \u00e9 apenas um acess\u00f3rio funcional para manter as chaves organizadas, mas tamb\u00e9m \u00e9 uma lembran\u00e7a tang\u00edvel da criatividade e do engenho que caracterizam a arquitetura e a arte da cidade. A letra X, s\u00edmbolo de modernidade e dinamismo, \u00e9 um presente ideal tanto para turistas que procuram levar um pedacinho da Catalunha como para aqueles que desejam comemorar a sua visita.<\/p>\n<p>Na Ol\u00e9 Mosaic, orgulhamo-nos de ser distribuidores de recorda\u00e7\u00f5es de qualidade, oferecendo artigos que representam a rica heran\u00e7a cultural de Espanha. Este porta-chaves de madeira n\u00e3o s\u00f3 o ligar\u00e1 \u00e0 beleza de Barcelona, como tamb\u00e9m \u00e9 uma excelente op\u00e7\u00e3o para lojas de presentes tur\u00edsticos que procuram produtos aut\u00eanticos e de grande valor cultural. Como grossistas de recorda\u00e7\u00f5es, garantimos que cada pe\u00e7a \u00e9 desenhada com meticulosidade e autenticidade, perfeita para aqueles que desejam recordar a sua viagem de uma forma especial.<\/p>\n","protected":false},"excerpt":{"rendered":"<p>Porta-chaves de madeira com a forma da letra X, desenhado com um atraente mosaico de cores. Este produto apresenta um acabamento detalhado, com motivos de cores vibrantes em vermelho, amarelo, azul e verde, que evocam o estilo art\u00edstico t\u00edpico das obras de Gaud\u00ed em Barcelona. A combina\u00e7\u00e3o de linhas pretas e elementos decorativos confere-lhe um toque moderno e distintivo, perfeito para levar consigo um pedacinho da criatividade catal\u00e3.<\/p>\n","protected":false},"featured_media":10943,"template":"","meta":{"_acf_changed":false},"product_brand":[],"product_cat":[611],"product_tag":[612],"class_list":{"0":"post-33245","1":"product","2":"type-product","3":"status-publish","4":"has-post-thumbnail","6":"product_cat-porta-chaves","7":"product_tag-cartas","8":"pa_motivo-letra-x","10":"first","11":"instock","12":"shipping-taxable","13":"product-type-simple"},"acf":[],"_links":{"self":[{"href":"https:\/\/olemosaic.orbitalia.org\/pt-pt\/wp-json\/wp\/v2\/product\/33245","targetHints":{"allow":["GET"]}}],"collection":[{"href":"https:\/\/olemosaic.orbitalia.org\/pt-pt\/wp-json\/wp\/v2\/product"}],"about":[{"href":"https:\/\/olemosaic.orbitalia.org\/pt-pt\/wp-json\/wp\/v2\/types\/product"}],"wp:featuredmedia":[{"embeddable":true,"href":"https:\/\/olemosaic.orbitalia.org\/pt-pt\/wp-json\/wp\/v2\/media\/10943"}],"wp:attachment":[{"href":"https:\/\/olemosaic.orbitalia.org\/pt-pt\/wp-json\/wp\/v2\/media?parent=33245"}],"wp:term":[{"taxonomy":"product_brand","embeddable":true,"href":"https:\/\/olemosaic.orbitalia.org\/pt-pt\/wp-json\/wp\/v2\/product_brand?post=33245"},{"taxonomy":"product_cat","embeddable":true,"href":"https:\/\/olemosaic.orbitalia.org\/pt-pt\/wp-json\/wp\/v2\/product_cat?post=33245"},{"taxonomy":"product_tag","embeddable":true,"href":"https:\/\/olemosaic.orbitalia.org\/pt-pt\/wp-json\/wp\/v2\/product_tag?post=33245"}],"curies":[{"name":"wp","href":"https:\/\/api.w.org\/{rel}","templated":true}]}}