{"id":33243,"date":"2025-02-20T23:33:11","date_gmt":"2025-02-20T22:33:11","guid":{"rendered":"https:\/\/olemosaic.orbitalia.org\/producto\/llavero-de-madera-letra-y-madrid\/"},"modified":"2025-07-25T19:31:56","modified_gmt":"2025-07-25T17:31:56","slug":"porta-chaves-de-madeira-letra-y-madrid","status":"publish","type":"product","link":"https:\/\/olemosaic.orbitalia.org\/pt-pt\/produto\/porta-chaves-de-madeira-letra-y-madrid\/","title":{"rendered":"Porta-chaves de madeira. Letra Y. Madrid."},"content":{"rendered":"<p>Este porta-chaves de madeira com a forma da letra &#8220;Y&#8221; \u00e9 um souvenir elegante e colorido que representa a vibrante cultura madrilena. Cada porta-chaves \u00e9 pintado \u00e0 m\u00e3o, exibindo uma iconografia rica e variada que inclui elementos emblem\u00e1ticos como o famoso rel\u00f3gio da Puerta del Sol e refer\u00eancias ao metro de Madrid. O design caracteriza-se pelas suas cores vivas e detalhes art\u00edsticos, que captam a ess\u00eancia e o dinamismo da cidade.<\/p>\n<p>Numa face do porta-chaves, o rel\u00f3gio destaca-se com a sua fachada cl\u00e1ssica, enquanto na outra aparece uma figura vestida com trajes tradicionais, evocando o folclore madrileno. Este porta-chaves n\u00e3o \u00e9 apenas uma excelente op\u00e7\u00e3o para organizar as suas chaves, mas tamb\u00e9m serve como uma recorda\u00e7\u00e3o pr\u00e1tica da sua visita \u00e0 capital espanhola. A sua forma \u00fanica e o seu design atraente tornam-no uma lembran\u00e7a ideal para quem deseja levar um pedacinho de Madrid.<\/p>\n<p>A Ol\u00e9 Mosaic orgulha-se de oferecer souvenirs aut\u00eanticos como este porta-chaves de madeira, perfeito para lojas de presentes tur\u00edsticos que procuram produtos de qualidade e relev\u00e2ncia cultural. Ao incorporar este porta-chaves na sua oferta, n\u00e3o s\u00f3 enriquecer\u00e1 a sua sele\u00e7\u00e3o de souvenirs de Madrid, como tamb\u00e9m atrair\u00e1 turistas que procuram recorda\u00e7\u00f5es verdadeiramente representativas da sua experi\u00eancia na cidade.<\/p>\n","protected":false},"excerpt":{"rendered":"<p>Porta-chaves de madeira com la letra &#8220;Y&#8221;, que representa a iconografia madrilena. Este atraente porta-chaves inclui um design vibrante e artesanal, pintado \u00e0 m\u00e3o, com elementos caracter\u00edsticos como o famoso rel\u00f3gio da Puerta del Sol e refer\u00eancias ao metro de Madrid. O seu colorido e estilo distintivo enaltecem a cultura madrilena, enquanto a sua forma \u00fanica o torna uma recorda\u00e7\u00e3o pr\u00e1tica e decorativa, ideal para levar um pedacinho de Madrid consigo.<\/p>\n","protected":false},"featured_media":10857,"template":"","meta":{"_acf_changed":false},"product_brand":[],"product_cat":[611],"product_tag":[612],"class_list":{"0":"post-33243","1":"product","2":"type-product","3":"status-publish","4":"has-post-thumbnail","6":"product_cat-porta-chaves","7":"product_tag-cartas","8":"pa_ciudad-madrid","9":"pa_motivo-letra-y","10":"pa_pais-espana","12":"first","13":"instock","14":"shipping-taxable","15":"product-type-simple"},"acf":[],"_links":{"self":[{"href":"https:\/\/olemosaic.orbitalia.org\/pt-pt\/wp-json\/wp\/v2\/product\/33243","targetHints":{"allow":["GET"]}}],"collection":[{"href":"https:\/\/olemosaic.orbitalia.org\/pt-pt\/wp-json\/wp\/v2\/product"}],"about":[{"href":"https:\/\/olemosaic.orbitalia.org\/pt-pt\/wp-json\/wp\/v2\/types\/product"}],"wp:featuredmedia":[{"embeddable":true,"href":"https:\/\/olemosaic.orbitalia.org\/pt-pt\/wp-json\/wp\/v2\/media\/10857"}],"wp:attachment":[{"href":"https:\/\/olemosaic.orbitalia.org\/pt-pt\/wp-json\/wp\/v2\/media?parent=33243"}],"wp:term":[{"taxonomy":"product_brand","embeddable":true,"href":"https:\/\/olemosaic.orbitalia.org\/pt-pt\/wp-json\/wp\/v2\/product_brand?post=33243"},{"taxonomy":"product_cat","embeddable":true,"href":"https:\/\/olemosaic.orbitalia.org\/pt-pt\/wp-json\/wp\/v2\/product_cat?post=33243"},{"taxonomy":"product_tag","embeddable":true,"href":"https:\/\/olemosaic.orbitalia.org\/pt-pt\/wp-json\/wp\/v2\/product_tag?post=33243"}],"curies":[{"name":"wp","href":"https:\/\/api.w.org\/{rel}","templated":true}]}}