{"id":33229,"date":"2025-02-20T23:33:11","date_gmt":"2025-02-20T22:33:11","guid":{"rendered":"https:\/\/olemosaic.orbitalia.org\/producto\/llavero-de-madera-sardina-lisboa\/"},"modified":"2025-07-25T20:12:51","modified_gmt":"2025-07-25T18:12:51","slug":"porta-chaves-de-madeira-sardinha-lisboa","status":"publish","type":"product","link":"https:\/\/olemosaic.orbitalia.org\/pt-pt\/produto\/porta-chaves-de-madeira-sardinha-lisboa\/","title":{"rendered":"Porta-chaves de madeira. Sardinha. Lisboa."},"content":{"rendered":"<p>Este porta-chaves de madeira com forma de sardinha \u00e9 um verdadeiro s\u00edmbolo do folclore lisboeta, uma recorda\u00e7\u00e3o vibrante que captura a ess\u00eancia da gastronomia local e da cultura portuguesa. Com o seu design cheio de cor em tons amarelos, laranjas, vermelhos e azuis, este porta-chaves destaca-se pelos seus padr\u00f5es ondulados que evocam a textura das escamas de uma sardinha, um alimento emblem\u00e1tico da dieta lisboeta. A pe\u00e7a \u00e9 elaborada em madeira de alta qualidade, o que lhe confere um acabamento artesanal e distintivo que a torna \u00fanica.<\/p>\n<p>Unido a um anel met\u00e1lico resistente, este porta-chaves n\u00e3o s\u00f3 \u00e9 funcional para segurar as chaves, como tamb\u00e9m \u00e9 perfeito para adornar a mala, adicionando um toque de alegria e autenticidade ao dia a dia. Este porta-chaves de sardinha \u00e9 uma representa\u00e7\u00e3o ideal de Lisboa, uma cidade que se orgulha da sua rica heran\u00e7a mar\u00edtima e gastron\u00f3mica.<\/p>\n<p>Na Ol\u00e9 Mosaic, como distribuidores de recorda\u00e7\u00f5es por grosso, oferecemos produtos que refletem a cultura e a tradi\u00e7\u00e3o de cada regi\u00e3o. Este porta-chaves de sardinha de Lisboa \u00e9 uma excelente op\u00e7\u00e3o para lojas de presentes tur\u00edsticos que procuram oferecer artigos singulares e representativos. Com o seu design atraente e o seu significado cultural, este porta-chaves \u00e9 a recorda\u00e7\u00e3o perfeita para quem procura levar um pedacinho de Lisboa para casa.<\/p>\n","protected":false},"excerpt":{"rendered":"<p>Porta-chaves de madeira com forma de sardinha, inspirado no colorido folclore de Lisboa. Este atraente porta-chaves apresenta um design vibrante em tons amarelos, laranjas, vermelhos e azuis, com padr\u00f5es ondulados que evocam as escamas. A sardinha, s\u00edmbolo da gastronomia local, est\u00e1 unida a uma argola met\u00e1lica resistente, ideal para segurar as suas chaves ou decorar a sua mala. Uma recorda\u00e7\u00e3o perfeita da rica cultura lisboeta.<\/p>\n","protected":false},"featured_media":10715,"template":"","meta":{"_acf_changed":false},"product_brand":[],"product_cat":[611],"product_tag":[516],"class_list":{"0":"post-33229","1":"product","2":"type-product","3":"status-publish","4":"has-post-thumbnail","6":"product_cat-porta-chaves","7":"product_tag-animais","8":"pa_ciudad-lisboa","9":"pa_motivo-sardinhas","10":"pa_pais-portugal","12":"first","13":"instock","14":"shipping-taxable","15":"product-type-simple"},"acf":[],"_links":{"self":[{"href":"https:\/\/olemosaic.orbitalia.org\/pt-pt\/wp-json\/wp\/v2\/product\/33229","targetHints":{"allow":["GET"]}}],"collection":[{"href":"https:\/\/olemosaic.orbitalia.org\/pt-pt\/wp-json\/wp\/v2\/product"}],"about":[{"href":"https:\/\/olemosaic.orbitalia.org\/pt-pt\/wp-json\/wp\/v2\/types\/product"}],"wp:featuredmedia":[{"embeddable":true,"href":"https:\/\/olemosaic.orbitalia.org\/pt-pt\/wp-json\/wp\/v2\/media\/10715"}],"wp:attachment":[{"href":"https:\/\/olemosaic.orbitalia.org\/pt-pt\/wp-json\/wp\/v2\/media?parent=33229"}],"wp:term":[{"taxonomy":"product_brand","embeddable":true,"href":"https:\/\/olemosaic.orbitalia.org\/pt-pt\/wp-json\/wp\/v2\/product_brand?post=33229"},{"taxonomy":"product_cat","embeddable":true,"href":"https:\/\/olemosaic.orbitalia.org\/pt-pt\/wp-json\/wp\/v2\/product_cat?post=33229"},{"taxonomy":"product_tag","embeddable":true,"href":"https:\/\/olemosaic.orbitalia.org\/pt-pt\/wp-json\/wp\/v2\/product_tag?post=33229"}],"curies":[{"name":"wp","href":"https:\/\/api.w.org\/{rel}","templated":true}]}}