{"id":33228,"date":"2025-02-20T22:33:11","date_gmt":"2025-02-20T22:33:11","guid":{"rendered":"https:\/\/olemosaic.orbitalia.org\/producto\/llavero-de-madera-salamandra-mosaico\/"},"modified":"2025-07-25T19:25:52","modified_gmt":"2025-07-25T17:25:52","slug":"porta-chaves-de-madeira-salamandra-mosaico","status":"publish","type":"product","link":"https:\/\/olemosaic.orbitalia.org\/pt-pt\/produto\/porta-chaves-de-madeira-salamandra-mosaico\/","title":{"rendered":"Porta-chaves de madeira. Salamandra. Mosaico."},"content":{"rendered":"<p>Este porta-chaves de madeira com forma de salamandra \u00e9 uma aut\u00eantica recorda\u00e7\u00e3o que encapsula a rica tradi\u00e7\u00e3o cultural espanhola. O seu vibrante design destaca-se pelo colorido mosaico, que combina tons quentes e frios, evocando a requintada cer\u00e2mica tradicional de diversas regi\u00f5es de Espanha. Cada porta-chaves apresenta intrincados motivos florais e geom\u00e9tricos, que n\u00e3o s\u00f3 o embelezam, como tamb\u00e9m refletem a habilidade artesanal transmitida de gera\u00e7\u00e3o em gera\u00e7\u00e3o. Com um acabamento em madeira robusto, este porta-chaves n\u00e3o s\u00f3 \u00e9 esteticamente atraente, como tamb\u00e9m promete durabilidade e resist\u00eancia, tornando-o um pr\u00e1tico acess\u00f3rio di\u00e1rio.<\/p>\n<p>A salamandra, s\u00edmbolo de transforma\u00e7\u00e3o e adapta\u00e7\u00e3o na cultura mediterr\u00e2nica, adiciona uma profunda componente simb\u00f3lica a este produto. Este porta-chaves \u00e9 mais do que um simples objeto; \u00e9 um v\u00ednculo tang\u00edvel com a heran\u00e7a cultural espanhola, ideal para turistas e colecionadores que procuram levar um pedacinho da arte e do folclore espanhol. Na Ol\u00e9 Mosaic dedicamo-nos a oferecer recorda\u00e7\u00f5es aut\u00eanticas por grosso, e este porta-chaves de salamandra \u00e9 uma escolha excecional para lojas de presentes tur\u00edsticos. O seu apelo visual e a sua liga\u00e7\u00e3o cultural asseguram que se tornar\u00e1 um favorito entre quem valoriza as recorda\u00e7\u00f5es com design \u00fanico e significado profundo.<\/p>\n","protected":false},"excerpt":{"rendered":"<p>Porta-chaves de madeira com forma de salamandra, decorado com um vibrante mosaico de cores. Este design \u00fanico apresenta motivos florais e geom\u00e9tricos que evocam o estilo art\u00edstico da cer\u00e2mica tradicional espanhola. A combina\u00e7\u00e3o de tons quentes e frios real\u00e7a o seu apelo visual, e o seu acabamento em madeira garante durabilidade. Uma recorda\u00e7\u00e3o ideal para recordar a cultura e a arte de Espanha, perfeito para os aficionados do folclore.<\/p>\n","protected":false},"featured_media":10777,"template":"","meta":{"_acf_changed":false},"product_brand":[],"product_cat":[611],"product_tag":[516],"class_list":{"0":"post-33228","1":"product","2":"type-product","3":"status-publish","4":"has-post-thumbnail","6":"product_cat-porta-chaves","7":"product_tag-animais","8":"pa_motivo-salamandras","10":"first","11":"instock","12":"shipping-taxable","13":"product-type-simple"},"acf":[],"_links":{"self":[{"href":"https:\/\/olemosaic.orbitalia.org\/pt-pt\/wp-json\/wp\/v2\/product\/33228","targetHints":{"allow":["GET"]}}],"collection":[{"href":"https:\/\/olemosaic.orbitalia.org\/pt-pt\/wp-json\/wp\/v2\/product"}],"about":[{"href":"https:\/\/olemosaic.orbitalia.org\/pt-pt\/wp-json\/wp\/v2\/types\/product"}],"wp:featuredmedia":[{"embeddable":true,"href":"https:\/\/olemosaic.orbitalia.org\/pt-pt\/wp-json\/wp\/v2\/media\/10777"}],"wp:attachment":[{"href":"https:\/\/olemosaic.orbitalia.org\/pt-pt\/wp-json\/wp\/v2\/media?parent=33228"}],"wp:term":[{"taxonomy":"product_brand","embeddable":true,"href":"https:\/\/olemosaic.orbitalia.org\/pt-pt\/wp-json\/wp\/v2\/product_brand?post=33228"},{"taxonomy":"product_cat","embeddable":true,"href":"https:\/\/olemosaic.orbitalia.org\/pt-pt\/wp-json\/wp\/v2\/product_cat?post=33228"},{"taxonomy":"product_tag","embeddable":true,"href":"https:\/\/olemosaic.orbitalia.org\/pt-pt\/wp-json\/wp\/v2\/product_tag?post=33228"}],"curies":[{"name":"wp","href":"https:\/\/api.w.org\/{rel}","templated":true}]}}