{"id":33227,"date":"2025-02-20T22:33:10","date_gmt":"2025-02-20T22:33:10","guid":{"rendered":"https:\/\/olemosaic.orbitalia.org\/producto\/llavero-de-madera-letra-z-barcelona\/"},"modified":"2025-07-25T20:01:46","modified_gmt":"2025-07-25T18:01:46","slug":"porta-chaves-de-madeira-letra-z-barcelona","status":"publish","type":"product","link":"https:\/\/olemosaic.orbitalia.org\/pt-pt\/produto\/porta-chaves-de-madeira-letra-z-barcelona\/","title":{"rendered":"Porta-chaves de madeira. Letra Z. Barcelona."},"content":{"rendered":"<p>Este porta-chaves de madeira com forma de letra Z \u00e9 uma aut\u00eantica homenagem \u00e0 vibrante cidade de Barcelona. Cada detalhe foi cuidadosamente desenhado para capturar a ess\u00eancia desta ic\u00f3nica urbe. Destaca-se pela sua colorida e pitoresca ilustra\u00e7\u00e3o, onde predominam os vivos tons vermelhos e verdes, complementados com toques de azul, que evocam a criatividade e a alegria que caracterizam a cidade. Na parte superior, est\u00e3o representadas as impressionantes torres da Sagrada Fam\u00edlia, uma das obras mais emblem\u00e1ticas de Antoni Gaud\u00ed, rodeadas de outros elementos distintivos da capital catal\u00e3, que refor\u00e7am o seu v\u00ednculo cultural com Barcelona.<\/p>\n<p>Esta recorda\u00e7\u00e3o n\u00e3o s\u00f3 \u00e9 funcional, como tamb\u00e9m \u00e9 uma lembran\u00e7a tang\u00edvel das maravilhas arquitet\u00f3nicas e da rica hist\u00f3ria da cidade. Ideal para turistas que desejam levar um peda\u00e7o de Barcelona consigo, este porta-chaves representa a autenticidade e o estilo \u00fanico da regi\u00e3o. Na Ol\u00e9 Mosaic, orgulhamo-nos de oferecer recorda\u00e7\u00f5es que refletem a cultura local, e este porta-chaves de madeira \u00e9 uma op\u00e7\u00e3o perfeita para lojas de presentes tur\u00edsticos que procuram produtos atraentes e representativos. Como grossistas de artigos t\u00edpicos, garantimos a qualidade e originalidade em cada um dos nossos produtos, tornando-os op\u00e7\u00f5es ideais para quem procura recorda\u00e7\u00f5es de Barcelona que sejam tanto esteticamente agrad\u00e1veis como culturalmente significativas.<\/p>\n","protected":false},"excerpt":{"rendered":"<p>Porta-chaves de madeira com forma da letra Z, decorado com ilustra\u00e7\u00f5es coloridas da emblem\u00e1tica Sagrada Fam\u00edlia e outros elementos distintivos de Barcelona. Este porta-chaves destaca-se pelo seu design vibrante e pitoresco, onde predominam os tons vermelhos e verdes, complementados com detalhes em azul. Uma recorda\u00e7\u00e3o original que captura a ess\u00eancia da cidade e \u00e9 perfeita para quem deseja levar um peda\u00e7o de Barcelona.<\/p>\n","protected":false},"featured_media":10537,"template":"","meta":{"_acf_changed":false},"product_brand":[],"product_cat":[611],"product_tag":[612],"class_list":{"0":"post-33227","1":"product","2":"type-product","3":"status-publish","4":"has-post-thumbnail","6":"product_cat-porta-chaves","7":"product_tag-cartas","8":"pa_ciudad-barcelona","9":"pa_motivo-letra-z","10":"pa_pais-espana","12":"first","13":"instock","14":"shipping-taxable","15":"product-type-simple"},"acf":[],"_links":{"self":[{"href":"https:\/\/olemosaic.orbitalia.org\/pt-pt\/wp-json\/wp\/v2\/product\/33227","targetHints":{"allow":["GET"]}}],"collection":[{"href":"https:\/\/olemosaic.orbitalia.org\/pt-pt\/wp-json\/wp\/v2\/product"}],"about":[{"href":"https:\/\/olemosaic.orbitalia.org\/pt-pt\/wp-json\/wp\/v2\/types\/product"}],"wp:featuredmedia":[{"embeddable":true,"href":"https:\/\/olemosaic.orbitalia.org\/pt-pt\/wp-json\/wp\/v2\/media\/10537"}],"wp:attachment":[{"href":"https:\/\/olemosaic.orbitalia.org\/pt-pt\/wp-json\/wp\/v2\/media?parent=33227"}],"wp:term":[{"taxonomy":"product_brand","embeddable":true,"href":"https:\/\/olemosaic.orbitalia.org\/pt-pt\/wp-json\/wp\/v2\/product_brand?post=33227"},{"taxonomy":"product_cat","embeddable":true,"href":"https:\/\/olemosaic.orbitalia.org\/pt-pt\/wp-json\/wp\/v2\/product_cat?post=33227"},{"taxonomy":"product_tag","embeddable":true,"href":"https:\/\/olemosaic.orbitalia.org\/pt-pt\/wp-json\/wp\/v2\/product_tag?post=33227"}],"curies":[{"name":"wp","href":"https:\/\/api.w.org\/{rel}","templated":true}]}}