{"id":33210,"date":"2025-02-20T22:33:10","date_gmt":"2025-02-20T22:33:10","guid":{"rendered":"https:\/\/olemosaic.orbitalia.org\/producto\/llavero-de-madera-letra-u-mosaico\/"},"modified":"2025-07-25T19:42:30","modified_gmt":"2025-07-25T17:42:30","slug":"porta-chaves-de-madeira-letra-u-mosaico","status":"publish","type":"product","link":"https:\/\/olemosaic.orbitalia.org\/pt-pt\/produto\/porta-chaves-de-madeira-letra-u-mosaico\/","title":{"rendered":"Porta-chaves de madeira. Letra U. Mosaico."},"content":{"rendered":"<p>Este porta-chaves de madeira com forma da letra U \u00e9 uma pe\u00e7a vibrante que captura a ess\u00eancia da rica tradi\u00e7\u00e3o art\u00edstica espanhola. O seu design \u00fanico apresenta um colorido mosaico de tons amarelos, azuis, vermelhos e verdes, evocando os famosos azulejos que adornam muitos monumentos e pra\u00e7as do pa\u00eds, como os da Alhambra em Granada ou o Parque G\u00fcell em Barcelona. Cada fragmento do mosaico est\u00e1 meticulosamente representado, criando um efeito visual chamativo que, al\u00e9m de ser atraente, simboliza a beleza e a diversidade cultural da na\u00e7\u00e3o.<\/p>\n<p>Fabricado em madeira leve, este porta-chaves combina funcionalidade com um estilo distintivo, ideal para manter as chaves organizadas ao mesmo tempo que se adiciona um toque de arte ao dia a dia. O seu design em forma da letra U torna-o um presente personaliz\u00e1vel e significativo, perfeito para recordar momentos especiais ou para partilhar com entes queridos.<\/p>\n<p>Como um aut\u00eantico souvenir, este porta-chaves de mosaico representa a criatividade e a heran\u00e7a art\u00edstica de Espanha, tornando-o uma excelente op\u00e7\u00e3o para turistas que procuram recorda\u00e7\u00f5es representativas. Na Ol\u00e9 Mosaic, especialistas na distribui\u00e7\u00e3o de souvenirs por grosso, garantimos a qualidade e autenticidade de cada pe\u00e7a, assegurando que as lojas de presentes tur\u00edsticos encontrem neste porta-chaves um produto atraente e relevante para os seus clientes.<\/p>\n","protected":false},"excerpt":{"rendered":"<p>Porta-chaves de madeira com forma da letra U, desenhado com um vibrante mosaico de cores. Este atraente acess\u00f3rio apresenta um acabamento detalhado em tons amarelos, azuis, vermelhos e verdes, que evoca a rica tradi\u00e7\u00e3o art\u00edstica espanhola. O seu design \u00fanico, inspirado nos mosaicos tradicionais, torna-o um souvenir perfeito para recordar momentos especiais ou para oferecer. Leve e funcional, \u00e9 ideal para manter as tuas chaves organizadas com estilo.<\/p>\n","protected":false},"featured_media":10771,"template":"","meta":{"_acf_changed":false},"product_brand":[],"product_cat":[611],"product_tag":[612],"class_list":{"0":"post-33210","1":"product","2":"type-product","3":"status-publish","4":"has-post-thumbnail","6":"product_cat-porta-chaves","7":"product_tag-cartas","8":"pa_motivo-letra-u","10":"first","11":"instock","12":"shipping-taxable","13":"product-type-simple"},"acf":[],"_links":{"self":[{"href":"https:\/\/olemosaic.orbitalia.org\/pt-pt\/wp-json\/wp\/v2\/product\/33210","targetHints":{"allow":["GET"]}}],"collection":[{"href":"https:\/\/olemosaic.orbitalia.org\/pt-pt\/wp-json\/wp\/v2\/product"}],"about":[{"href":"https:\/\/olemosaic.orbitalia.org\/pt-pt\/wp-json\/wp\/v2\/types\/product"}],"wp:featuredmedia":[{"embeddable":true,"href":"https:\/\/olemosaic.orbitalia.org\/pt-pt\/wp-json\/wp\/v2\/media\/10771"}],"wp:attachment":[{"href":"https:\/\/olemosaic.orbitalia.org\/pt-pt\/wp-json\/wp\/v2\/media?parent=33210"}],"wp:term":[{"taxonomy":"product_brand","embeddable":true,"href":"https:\/\/olemosaic.orbitalia.org\/pt-pt\/wp-json\/wp\/v2\/product_brand?post=33210"},{"taxonomy":"product_cat","embeddable":true,"href":"https:\/\/olemosaic.orbitalia.org\/pt-pt\/wp-json\/wp\/v2\/product_cat?post=33210"},{"taxonomy":"product_tag","embeddable":true,"href":"https:\/\/olemosaic.orbitalia.org\/pt-pt\/wp-json\/wp\/v2\/product_tag?post=33210"}],"curies":[{"name":"wp","href":"https:\/\/api.w.org\/{rel}","templated":true}]}}