{"id":33206,"date":"2025-02-20T23:33:09","date_gmt":"2025-02-20T22:33:09","guid":{"rendered":"https:\/\/olemosaic.orbitalia.org\/producto\/llavero-de-madera-letra-q-mosaico\/"},"modified":"2025-07-25T18:42:47","modified_gmt":"2025-07-25T16:42:47","slug":"porta-chaves-de-madeira-letra-q-mosaico","status":"publish","type":"product","link":"https:\/\/olemosaic.orbitalia.org\/pt-pt\/produto\/porta-chaves-de-madeira-letra-q-mosaico\/","title":{"rendered":"Porta-chaves de madeira. Letra Q. Mosaico."},"content":{"rendered":"<p>Este porta-chaves de madeira com forma de letra Q \u00e9 uma amostra requintada da rica heran\u00e7a cultural espanhola, inspirado nos famosos mosaicos que adornam diversos cantos do pa\u00eds. O seu design vibrante apresenta uma combina\u00e7\u00e3o de fragmentos em vermelho, azul, amarelo e verde que imitam a t\u00e9cnica do trencad\u00eds, caracter\u00edstica da obra do arquiteto Antoni Gaud\u00ed, e confere um toque art\u00edstico e moderno a um acess\u00f3rio quotidiano. Fabricado em madeira de alta qualidade, este porta-chaves n\u00e3o s\u00f3 \u00e9 leve e pr\u00e1tico, como o seu acabamento liso real\u00e7a cada cor, tornando cada letra um aut\u00eantico deleite visual.<\/p>\n<p>Como recorda\u00e7\u00e3o representativa, este porta-chaves adiciona um toque especial a qualquer conjunto de chaves, mantendo-as organizadas enquanto evoca a ess\u00eancia e o calor da cultura espanhola. O seu design muito especial torna-o a recorda\u00e7\u00e3o perfeita para os turistas que desejam levar para casa um pedacinho da tradi\u00e7\u00e3o art\u00edstica do pa\u00eds. Na Ol\u00e9 Mosaic, como grossista de souvenirs, oferecemos produtos que capturam a autenticidade e a beleza da heran\u00e7a cultural espanhola. Este porta-chaves de mosaico \u00e9 uma excelente op\u00e7\u00e3o para as lojas de presentes tur\u00edsticos que procuram oferecer artigos \u00fanicos e significativos aos seus clientes.<\/p>\n","protected":false},"excerpt":{"rendered":"<p>Porta-chaves de madeira com forma da letra Q, inspirado no famoso mosaico da cultura espanhola. Este atraente porta-chaves apresenta um design colorido com fragmentos em vermelho, azul, amarelo e verde, imitando a t\u00e9cnica do trencad\u00eds. O seu acabamento liso e a sua estrutura leve tornam-no um acess\u00f3rio pr\u00e1tico e moderno, perfeito para manter as chaves organizadas ao mesmo tempo que adicionas um toque art\u00edstico ao teu dia a dia.<\/p>\n","protected":false},"featured_media":10767,"template":"","meta":{"_acf_changed":false},"product_brand":[],"product_cat":[611],"product_tag":[612],"class_list":{"0":"post-33206","1":"product","2":"type-product","3":"status-publish","4":"has-post-thumbnail","6":"product_cat-porta-chaves","7":"product_tag-cartas","8":"pa_motivo-letra-q","10":"first","11":"instock","12":"shipping-taxable","13":"product-type-simple"},"acf":[],"_links":{"self":[{"href":"https:\/\/olemosaic.orbitalia.org\/pt-pt\/wp-json\/wp\/v2\/product\/33206","targetHints":{"allow":["GET"]}}],"collection":[{"href":"https:\/\/olemosaic.orbitalia.org\/pt-pt\/wp-json\/wp\/v2\/product"}],"about":[{"href":"https:\/\/olemosaic.orbitalia.org\/pt-pt\/wp-json\/wp\/v2\/types\/product"}],"wp:featuredmedia":[{"embeddable":true,"href":"https:\/\/olemosaic.orbitalia.org\/pt-pt\/wp-json\/wp\/v2\/media\/10767"}],"wp:attachment":[{"href":"https:\/\/olemosaic.orbitalia.org\/pt-pt\/wp-json\/wp\/v2\/media?parent=33206"}],"wp:term":[{"taxonomy":"product_brand","embeddable":true,"href":"https:\/\/olemosaic.orbitalia.org\/pt-pt\/wp-json\/wp\/v2\/product_brand?post=33206"},{"taxonomy":"product_cat","embeddable":true,"href":"https:\/\/olemosaic.orbitalia.org\/pt-pt\/wp-json\/wp\/v2\/product_cat?post=33206"},{"taxonomy":"product_tag","embeddable":true,"href":"https:\/\/olemosaic.orbitalia.org\/pt-pt\/wp-json\/wp\/v2\/product_tag?post=33206"}],"curies":[{"name":"wp","href":"https:\/\/api.w.org\/{rel}","templated":true}]}}