{"id":33198,"date":"2025-02-20T22:33:09","date_gmt":"2025-02-20T22:33:09","guid":{"rendered":"https:\/\/olemosaic.orbitalia.org\/producto\/llavero-de-madera-letra-y-barcelona\/"},"modified":"2025-07-25T18:41:36","modified_gmt":"2025-07-25T16:41:36","slug":"porta-chaves-de-madeira-letra-y-barcelona","status":"publish","type":"product","link":"https:\/\/olemosaic.orbitalia.org\/pt-pt\/produto\/porta-chaves-de-madeira-letra-y-barcelona\/","title":{"rendered":"Porta-chaves de madeira. Letra Y. Barcelona."},"content":{"rendered":"<p>Este porta-chaves de madeira com a forma de &#8220;Y&#8221; \u00e9 uma encantadora recorda\u00e7\u00e3o desenhada para captar a vibrante ess\u00eancia de Barcelona. Inspirado nos c\u00e9lebres mosaicos que adornam a cidade, este acess\u00f3rio atraente representa a ic\u00f3nica Sagrada Fam\u00edlia, destacando-se numa explos\u00e3o de cores que incluem tons vermelhos, amarelos e verdes. Os detalhes art\u00edsticos, que recordam os vitrais, geram um efeito visual cativante que presta homenagem ao inconfund\u00edvel estilo modernista de Antoni Gaud\u00ed.<\/p>\n<p>Fabricado em madeira de alta qualidade, o porta-chaves combina funcionalidade e estilo, tornando-se um objeto imprescind\u00edvel para quem procura levar um peda\u00e7o de Barcelona consigo. A delicada representa\u00e7\u00e3o da Sagrada Fam\u00edlia n\u00e3o s\u00f3 real\u00e7a a monumentalidade desta obra arquitet\u00f3nica, como tamb\u00e9m reflete a rica heran\u00e7a cultural da cidade, fazendo deste porta-chaves uma recorda\u00e7\u00e3o aut\u00eantica e significativa de uma das cidades mais emblem\u00e1ticas de Espanha.<\/p>\n<p>Na Ol\u00e9 Mosaic, oferecemos uma variedade de recorda\u00e7\u00f5es de Barcelona que se destacam pela sua autenticidade e design inspirado na cultura local. Este porta-chaves de madeira \u00e9 uma excelente op\u00e7\u00e3o para lojas de presentes tur\u00edsticos que procuram produtos distintivos e memor\u00e1veis. Como grossistas de porta-chaves, garantimos a qualidade e originalidade de cada pe\u00e7a, ideal para aqueles turistas que desejam levar uma recorda\u00e7\u00e3o \u00fanica da sua visita \u00e0 capital catal\u00e3.<\/p>\n","protected":false},"excerpt":{"rendered":"<p>Porta-chaves de madeira com a forma da letra &#8220;Y&#8221;, inspirado nos vibrantes mosaicos de Barcelona. Este atraente porta-chaves destaca-se pelo seu design colorido, que representa a ic\u00f3nica Sagrada Fam\u00edlia em tons vermelhos, amarelos e verdes, evocando a ess\u00eancia da arte modernista de Gaud\u00ed. Os detalhes, com um estilo semelhante ao dos vitrais, conferem-lhe um toque art\u00edstico, tornando-o uma recorda\u00e7\u00e3o perfeita para os amantes de Barcelona. Um acess\u00f3rio ideal que combina funcionalidade e estilo.<\/p>\n","protected":false},"featured_media":10510,"template":"","meta":{"_acf_changed":false},"product_brand":[],"product_cat":[611],"product_tag":[612],"class_list":{"0":"post-33198","1":"product","2":"type-product","3":"status-publish","4":"has-post-thumbnail","6":"product_cat-porta-chaves","7":"product_tag-cartas","8":"pa_ciudad-barcelona","9":"pa_motivo-letra-y","10":"pa_pais-espana","12":"first","13":"instock","14":"shipping-taxable","15":"product-type-simple"},"acf":[],"_links":{"self":[{"href":"https:\/\/olemosaic.orbitalia.org\/pt-pt\/wp-json\/wp\/v2\/product\/33198","targetHints":{"allow":["GET"]}}],"collection":[{"href":"https:\/\/olemosaic.orbitalia.org\/pt-pt\/wp-json\/wp\/v2\/product"}],"about":[{"href":"https:\/\/olemosaic.orbitalia.org\/pt-pt\/wp-json\/wp\/v2\/types\/product"}],"wp:featuredmedia":[{"embeddable":true,"href":"https:\/\/olemosaic.orbitalia.org\/pt-pt\/wp-json\/wp\/v2\/media\/10510"}],"wp:attachment":[{"href":"https:\/\/olemosaic.orbitalia.org\/pt-pt\/wp-json\/wp\/v2\/media?parent=33198"}],"wp:term":[{"taxonomy":"product_brand","embeddable":true,"href":"https:\/\/olemosaic.orbitalia.org\/pt-pt\/wp-json\/wp\/v2\/product_brand?post=33198"},{"taxonomy":"product_cat","embeddable":true,"href":"https:\/\/olemosaic.orbitalia.org\/pt-pt\/wp-json\/wp\/v2\/product_cat?post=33198"},{"taxonomy":"product_tag","embeddable":true,"href":"https:\/\/olemosaic.orbitalia.org\/pt-pt\/wp-json\/wp\/v2\/product_tag?post=33198"}],"curies":[{"name":"wp","href":"https:\/\/api.w.org\/{rel}","templated":true}]}}