{"id":33197,"date":"2025-02-20T23:33:09","date_gmt":"2025-02-20T22:33:09","guid":{"rendered":"https:\/\/olemosaic.orbitalia.org\/producto\/llavero-de-madera-letra-x-valencia\/"},"modified":"2025-07-25T18:46:51","modified_gmt":"2025-07-25T16:46:51","slug":"porta-chaves-de-madeira-letra-x-valencia","status":"publish","type":"product","link":"https:\/\/olemosaic.orbitalia.org\/pt-pt\/produto\/porta-chaves-de-madeira-letra-x-valencia\/","title":{"rendered":"Porta-chaves de madeira. Letra X. Val\u00eancia."},"content":{"rendered":"<p>Este porta-chaves de madeira com a forma da letra &#8220;X&#8221; \u00e9 uma recorda\u00e7\u00e3o exclusiva que capta a ess\u00eancia de Val\u00eancia, fundindo arte e simbolismo numa pe\u00e7a \u00fanica. Este acess\u00f3rio chamativo apresenta um design vibrante que combina elementos arquitet\u00f3nicos emblem\u00e1ticos da cidade, como a impressionante Cidade das Artes e das Ci\u00eancias e a hist\u00f3rica Lota da Seda, tudo representado com um cativante estilo de mosaico. A base de madeira confere um toque de autenticidade e calor a este porta-chaves, tornando-o uma lembran\u00e7a tang\u00edvel das maravilhas valencianas.<\/p>\n<p>Os detalhes art\u00edsticos do porta-chaves real\u00e7am os tons azuis, amarelos e vermelhos, evocando a luminosidade da paisagem urbana de Val\u00eancia. Este design n\u00e3o \u00e9 apenas visualmente atraente, mas tamb\u00e9m oferece uma liga\u00e7\u00e3o cultural profunda, refletindo a rica hist\u00f3ria e a modernidade din\u00e2mica da cidade. Ideal como recorda\u00e7\u00e3o, este porta-chaves \u00e9 uma excelente op\u00e7\u00e3o para turistas que procuram uma representa\u00e7\u00e3o aut\u00eantica de Val\u00eancia para levar consigo.<\/p>\n<p>Na Ol\u00e9 Mosaic, somos distribuidores de recorda\u00e7\u00f5es por grosso e orgulhamo-nos de oferecer produtos \u00fanicos que celebram a diversidade cultural de Espanha. Este porta-chaves de Val\u00eancia \u00e9 um presente ideal para lojas de recorda\u00e7\u00f5es tur\u00edsticas que desejam oferecer artigos aut\u00eanticos e atraentes, fundindo arte e funcionalidade num \u00fanico produto, procurado tanto por turistas como por locais.<\/p>\n","protected":false},"excerpt":{"rendered":"<p>Porta-chaves de madeira com a forma da letra &#8220;X&#8221;, inspirado em Val\u00eancia. Este acess\u00f3rio original apresenta um design colorido que combina elementos arquitet\u00f3nicos emblem\u00e1ticos da cidade, como a Cidade das Artes e das Ci\u00eancias e a Lota da Seda, com um vibrante estilo de mosaico. A base de madeira confere um toque de autenticidade, enquanto a impress\u00e3o art\u00edstica real\u00e7a os detalhes em tons azuis, amarelos e vermelhos, captando a ess\u00eancia cultural de Val\u00eancia.<\/p>\n","protected":false},"featured_media":10882,"template":"","meta":{"_acf_changed":false},"product_brand":[],"product_cat":[611],"product_tag":[612],"class_list":{"0":"post-33197","1":"product","2":"type-product","3":"status-publish","4":"has-post-thumbnail","6":"product_cat-porta-chaves","7":"product_tag-cartas","8":"pa_ciudad-valencia","9":"pa_motivo-letra-x","10":"pa_pais-espana","12":"first","13":"instock","14":"shipping-taxable","15":"product-type-simple"},"acf":[],"_links":{"self":[{"href":"https:\/\/olemosaic.orbitalia.org\/pt-pt\/wp-json\/wp\/v2\/product\/33197","targetHints":{"allow":["GET"]}}],"collection":[{"href":"https:\/\/olemosaic.orbitalia.org\/pt-pt\/wp-json\/wp\/v2\/product"}],"about":[{"href":"https:\/\/olemosaic.orbitalia.org\/pt-pt\/wp-json\/wp\/v2\/types\/product"}],"wp:featuredmedia":[{"embeddable":true,"href":"https:\/\/olemosaic.orbitalia.org\/pt-pt\/wp-json\/wp\/v2\/media\/10882"}],"wp:attachment":[{"href":"https:\/\/olemosaic.orbitalia.org\/pt-pt\/wp-json\/wp\/v2\/media?parent=33197"}],"wp:term":[{"taxonomy":"product_brand","embeddable":true,"href":"https:\/\/olemosaic.orbitalia.org\/pt-pt\/wp-json\/wp\/v2\/product_brand?post=33197"},{"taxonomy":"product_cat","embeddable":true,"href":"https:\/\/olemosaic.orbitalia.org\/pt-pt\/wp-json\/wp\/v2\/product_cat?post=33197"},{"taxonomy":"product_tag","embeddable":true,"href":"https:\/\/olemosaic.orbitalia.org\/pt-pt\/wp-json\/wp\/v2\/product_tag?post=33197"}],"curies":[{"name":"wp","href":"https:\/\/api.w.org\/{rel}","templated":true}]}}