{"id":33160,"date":"2025-02-20T23:33:09","date_gmt":"2025-02-20T22:33:09","guid":{"rendered":"https:\/\/olemosaic.orbitalia.org\/producto\/llavero-de-madera-letra-x-sevilla\/"},"modified":"2025-07-25T19:19:51","modified_gmt":"2025-07-25T17:19:51","slug":"porta-chaves-de-madeira-letra-x-sevilha","status":"publish","type":"product","link":"https:\/\/olemosaic.orbitalia.org\/pt-pt\/produto\/porta-chaves-de-madeira-letra-x-sevilha\/","title":{"rendered":"Porta-chaves de madeira. Letra X. Sevilha."},"content":{"rendered":"<p>Este porta-chaves de madeira com a forma da letra &#8220;X&#8221; \u00e9 uma recorda\u00e7\u00e3o elegante que capta a ess\u00eancia de Sevilha, uma das cidades mais emblem\u00e1ticas de Espanha. Concebido e pintado \u00e0 m\u00e3o, este porta-chaves apresenta uma colorida representa\u00e7\u00e3o da famosa Giralda, rodeada de um vibrante ambiente andaluz que inclui detalhes de mosaico em tons azuis e amarelos. A letra &#8220;X&#8221; torna-se uma tela art\u00edstica, destacando a rica cultura e o folclore sevilhano. Com elementos arquitet\u00f3nicos e paisag\u00edsticos que evocam a hist\u00f3ria da cidade, este acess\u00f3rio n\u00e3o \u00e9 apenas funcional, mas tamb\u00e9m serve como um lembrete tang\u00edvel do esplendor sevilhano.<\/p>\n<p>A aten\u00e7\u00e3o ao detalhe \u00e9 evidente em cada tra\u00e7o, onde as cores vibrantes se combinam para oferecer um design que real\u00e7a a alegria e o encanto da Andaluzia. Como parte da cultura local, este porta-chaves simboliza o calor e a hospitalidade dos sevilhanos, tornando-se um excelente presente ou recorda\u00e7\u00e3o para quem deseja levar um peda\u00e7o desta bela cidade consigo. Na Ol\u00e9 Mosaic, somos distribuidores de recorda\u00e7\u00f5es por grosso que celebram a autenticidade e o sabor cultural de cada regi\u00e3o. Este porta-chaves de Sevilha \u00e9 a escolha perfeita para lojas de presentes tur\u00edsticos que procuram artigos \u00fanicos e memor\u00e1veis que captam a ess\u00eancia do lugar.<\/p>\n","protected":false},"excerpt":{"rendered":"<p>Porta-chaves de madeira com a forma de &#8220;X&#8221;, inspirado na beleza de Sevilha. Este elegante porta-chaves apresenta um design artesanal, pintado \u00e0 m\u00e3o, que mostra a emblem\u00e1tica Giralda e um colorido ambiente andaluz, com detalhes de mosaico em vibrantes tons azuis e amarelos. Perfeito para levar uma recorda\u00e7\u00e3o de Sevilha para qualquer lugar, este acess\u00f3rio combina funcionalidade e arte numa pe\u00e7a \u00fanica. Ideal como recorda\u00e7\u00e3o ou presente.<\/p>\n","protected":false},"featured_media":10908,"template":"","meta":{"_acf_changed":false},"product_brand":[],"product_cat":[611],"product_tag":[612],"class_list":{"0":"post-33160","1":"product","2":"type-product","3":"status-publish","4":"has-post-thumbnail","6":"product_cat-porta-chaves","7":"product_tag-cartas","8":"pa_ciudad-sevilla","9":"pa_motivo-letra-x","10":"pa_pais-espana","12":"first","13":"instock","14":"shipping-taxable","15":"product-type-simple"},"acf":[],"_links":{"self":[{"href":"https:\/\/olemosaic.orbitalia.org\/pt-pt\/wp-json\/wp\/v2\/product\/33160","targetHints":{"allow":["GET"]}}],"collection":[{"href":"https:\/\/olemosaic.orbitalia.org\/pt-pt\/wp-json\/wp\/v2\/product"}],"about":[{"href":"https:\/\/olemosaic.orbitalia.org\/pt-pt\/wp-json\/wp\/v2\/types\/product"}],"wp:featuredmedia":[{"embeddable":true,"href":"https:\/\/olemosaic.orbitalia.org\/pt-pt\/wp-json\/wp\/v2\/media\/10908"}],"wp:attachment":[{"href":"https:\/\/olemosaic.orbitalia.org\/pt-pt\/wp-json\/wp\/v2\/media?parent=33160"}],"wp:term":[{"taxonomy":"product_brand","embeddable":true,"href":"https:\/\/olemosaic.orbitalia.org\/pt-pt\/wp-json\/wp\/v2\/product_brand?post=33160"},{"taxonomy":"product_cat","embeddable":true,"href":"https:\/\/olemosaic.orbitalia.org\/pt-pt\/wp-json\/wp\/v2\/product_cat?post=33160"},{"taxonomy":"product_tag","embeddable":true,"href":"https:\/\/olemosaic.orbitalia.org\/pt-pt\/wp-json\/wp\/v2\/product_tag?post=33160"}],"curies":[{"name":"wp","href":"https:\/\/api.w.org\/{rel}","templated":true}]}}