{"id":33158,"date":"2025-02-20T23:33:08","date_gmt":"2025-02-20T22:33:08","guid":{"rendered":"https:\/\/olemosaic.orbitalia.org\/producto\/llavero-de-madera-letra-s\/"},"modified":"2025-07-25T18:44:05","modified_gmt":"2025-07-25T16:44:05","slug":"porta-chaves-de-madeira-letra-s","status":"publish","type":"product","link":"https:\/\/olemosaic.orbitalia.org\/pt-pt\/produto\/porta-chaves-de-madeira-letra-s\/","title":{"rendered":"Porta-chaves de madeira. Letra S."},"content":{"rendered":"<p>Este porta-chaves de madeira com a forma da letra &#8220;S&#8221; \u00e9 uma vibrante homenagem ao ic\u00f3nico trencad\u00eds de Gaud\u00ed, captando a ess\u00eancia do design modernista barcelon\u00eas. O seu colorido, composto por fragmentos vermelhos, azuis, verdes e pretos, destaca-se sobre um fundo branco que potencia o brilho de cada tonalidade. Este acess\u00f3rio, leve e funcional, n\u00e3o s\u00f3 organiza as suas chaves, como tamb\u00e9m acrescenta um toque art\u00edstico e contempor\u00e2neo ao seu dia a dia. A meticulosa t\u00e9cnica de acabamento assegura que cada pe\u00e7a seja \u00fanica, real\u00e7ando o seu valor como recorda\u00e7\u00e3o representativa da arquitetura catal\u00e3.<\/p>\n<p>O trencad\u00eds, uma t\u00e9cnica popularizada por Gaud\u00ed nas suas obras, reflete-se neste porta-chaves, tornando-o na recorda\u00e7\u00e3o perfeita da beleza arquitet\u00f3nica que impregna Barcelona. Al\u00e9m disso, o seu design singular convida \u00e0 reflex\u00e3o sobre a fus\u00e3o de arte e funcionalidade, selo distintivo da cidade. Este porta-chaves \u00e9 uma excelente op\u00e7\u00e3o para turistas que procuram uma recorda\u00e7\u00e3o aut\u00eantica e significativa, para levarem consigo um peda\u00e7o de Barcelona diariamente. Na Ol\u00e9 Mosaic, orgulhamo-nos de oferecer recorda\u00e7\u00f5es de qualidade por grosso, ideais para lojas de presentes tur\u00edsticos que desejem oferecer produtos culturais e representativos, como este acess\u00edvel porta-chaves de madeira.<\/p>\n","protected":false},"excerpt":{"rendered":"<p>Porta-chaves de madeira com a forma da letra S, inspirado no famoso trencad\u00eds de Gaud\u00ed. Este distintivo porta-chaves apresenta um design colorido que combina fragmentos vermelhos, azuis, verdes e pretos sobre um fundo branco. O acabamento real\u00e7a a singularidade de cada pe\u00e7a, tornando este acess\u00f3rio numa recorda\u00e7\u00e3o ideal da arquitetura barcelonesa. Leve e funcional, \u00e9 perfeito para organizar as suas chaves com um toque art\u00edstico.<\/p>\n","protected":false},"featured_media":10938,"template":"","meta":{"_acf_changed":false},"product_brand":[],"product_cat":[611],"product_tag":[612],"class_list":{"0":"post-33158","1":"product","2":"type-product","3":"status-publish","4":"has-post-thumbnail","6":"product_cat-porta-chaves","7":"product_tag-cartas","8":"pa_motivo-letra-s","10":"first","11":"instock","12":"shipping-taxable","13":"product-type-simple"},"acf":[],"_links":{"self":[{"href":"https:\/\/olemosaic.orbitalia.org\/pt-pt\/wp-json\/wp\/v2\/product\/33158","targetHints":{"allow":["GET"]}}],"collection":[{"href":"https:\/\/olemosaic.orbitalia.org\/pt-pt\/wp-json\/wp\/v2\/product"}],"about":[{"href":"https:\/\/olemosaic.orbitalia.org\/pt-pt\/wp-json\/wp\/v2\/types\/product"}],"wp:featuredmedia":[{"embeddable":true,"href":"https:\/\/olemosaic.orbitalia.org\/pt-pt\/wp-json\/wp\/v2\/media\/10938"}],"wp:attachment":[{"href":"https:\/\/olemosaic.orbitalia.org\/pt-pt\/wp-json\/wp\/v2\/media?parent=33158"}],"wp:term":[{"taxonomy":"product_brand","embeddable":true,"href":"https:\/\/olemosaic.orbitalia.org\/pt-pt\/wp-json\/wp\/v2\/product_brand?post=33158"},{"taxonomy":"product_cat","embeddable":true,"href":"https:\/\/olemosaic.orbitalia.org\/pt-pt\/wp-json\/wp\/v2\/product_cat?post=33158"},{"taxonomy":"product_tag","embeddable":true,"href":"https:\/\/olemosaic.orbitalia.org\/pt-pt\/wp-json\/wp\/v2\/product_tag?post=33158"}],"curies":[{"name":"wp","href":"https:\/\/api.w.org\/{rel}","templated":true}]}}