{"id":33148,"date":"2025-02-20T23:33:07","date_gmt":"2025-02-20T22:33:07","guid":{"rendered":"https:\/\/olemosaic.orbitalia.org\/producto\/llavero-de-madera-letra-n-madrid\/"},"modified":"2025-07-25T19:57:57","modified_gmt":"2025-07-25T17:57:57","slug":"porta-chaves-de-madeira-letra-n-madrid","status":"publish","type":"product","link":"https:\/\/olemosaic.orbitalia.org\/pt-pt\/produto\/porta-chaves-de-madeira-letra-n-madrid\/","title":{"rendered":"Porta-chaves de madeira. Letra N. Madrid."},"content":{"rendered":"<p>Este porta-chaves de madeira com a forma da letra &#8220;N&#8221; \u00e9 uma recorda\u00e7\u00e3o encantadora que presta homenagem \u00e0 emblem\u00e1tica Puerta del Sol de Madrid, um ponto nevr\u00e1lgico da capital espanhola. O seu design colorido e vibrante inclui ilustra\u00e7\u00f5es de elementos ic\u00f3nicos como o rel\u00f3gio da Casa de Correos, um s\u00edmbolo imprescind\u00edvel do cora\u00e7\u00e3o da cidade. A representa\u00e7\u00e3o de figuras do folclore madrileno real\u00e7a a autenticidade cultural do objeto, tornando-o uma recorda\u00e7\u00e3o \u00fanica e significativa da rica tradi\u00e7\u00e3o de Madrid.<\/p>\n<p>O porta-chaves est\u00e1 decorado com um estilo de mosaico, utilizando uma paleta de tons alegres que inclui azuis profundos e vermelhos intensos, capturando a ess\u00eancia festiva da cidade. Cada detalhe \u00e9 cuidadosamente desenhado, desde os padr\u00f5es do mosaico, que evocam a arquitetura da zona, at\u00e9 \u00e0 representa\u00e7\u00e3o das figuras tradicionais, que adicionam um toque de vida e cultura ao artigo.<\/p>\n<p>Este porta-chaves \u00e9 uma op\u00e7\u00e3o ideal n\u00e3o s\u00f3 como recorda\u00e7\u00e3o para quem visita Madrid, mas tamb\u00e9m como presente para amigos e familiares, encapsulando uma experi\u00eancia cultural \u00fanica. Na Ol\u00e9 Mosaic, especializamo-nos na distribui\u00e7\u00e3o de recorda\u00e7\u00f5es por grosso, assegurando que cada porta-chaves seja uma pe\u00e7a aut\u00eantica e culturalmente relevante. Sem d\u00favida, este porta-chaves de Madrid \u00e9 uma excelente escolha para lojas de presentes tur\u00edsticos que procuram oferecer produtos que realcem a beleza e o patrim\u00f3nio da capital espanhola.<\/p>\n","protected":false},"excerpt":{"rendered":"<p>Porta-chaves de madeira com a forma da letra &#8220;N&#8221;, inspirado na emblem\u00e1tica Puerta del Sol de Madrid. Este atraente porta-chaves apresenta um design colorido com ilustra\u00e7\u00f5es de elementos ic\u00f3nicos como o rel\u00f3gio da Casa de Correos e figuras caracter\u00edsticas do folclore madrileno. Decorado com um estilo de mosaico, destaca-se em tons vibrantes, ideal para recordar a capital espanhola e a sua rica cultura. Perfeito como recorda\u00e7\u00e3o ou presente.<\/p>\n","protected":false},"featured_media":10846,"template":"","meta":{"_acf_changed":false},"product_brand":[],"product_cat":[611],"product_tag":[612],"class_list":{"0":"post-33148","1":"product","2":"type-product","3":"status-publish","4":"has-post-thumbnail","6":"product_cat-porta-chaves","7":"product_tag-cartas","8":"pa_ciudad-madrid","9":"pa_motivo-letra-n","10":"pa_pais-espana","12":"first","13":"instock","14":"shipping-taxable","15":"product-type-simple"},"acf":[],"_links":{"self":[{"href":"https:\/\/olemosaic.orbitalia.org\/pt-pt\/wp-json\/wp\/v2\/product\/33148","targetHints":{"allow":["GET"]}}],"collection":[{"href":"https:\/\/olemosaic.orbitalia.org\/pt-pt\/wp-json\/wp\/v2\/product"}],"about":[{"href":"https:\/\/olemosaic.orbitalia.org\/pt-pt\/wp-json\/wp\/v2\/types\/product"}],"wp:featuredmedia":[{"embeddable":true,"href":"https:\/\/olemosaic.orbitalia.org\/pt-pt\/wp-json\/wp\/v2\/media\/10846"}],"wp:attachment":[{"href":"https:\/\/olemosaic.orbitalia.org\/pt-pt\/wp-json\/wp\/v2\/media?parent=33148"}],"wp:term":[{"taxonomy":"product_brand","embeddable":true,"href":"https:\/\/olemosaic.orbitalia.org\/pt-pt\/wp-json\/wp\/v2\/product_brand?post=33148"},{"taxonomy":"product_cat","embeddable":true,"href":"https:\/\/olemosaic.orbitalia.org\/pt-pt\/wp-json\/wp\/v2\/product_cat?post=33148"},{"taxonomy":"product_tag","embeddable":true,"href":"https:\/\/olemosaic.orbitalia.org\/pt-pt\/wp-json\/wp\/v2\/product_tag?post=33148"}],"curies":[{"name":"wp","href":"https:\/\/api.w.org\/{rel}","templated":true}]}}