{"id":33140,"date":"2025-02-20T23:33:07","date_gmt":"2025-02-20T22:33:07","guid":{"rendered":"https:\/\/olemosaic.orbitalia.org\/producto\/llavero-de-madera-letra-l-valencia\/"},"modified":"2025-07-25T18:45:00","modified_gmt":"2025-07-25T16:45:00","slug":"porta-chaves-de-madeira-letra-l-valencia","status":"publish","type":"product","link":"https:\/\/olemosaic.orbitalia.org\/pt-pt\/produto\/porta-chaves-de-madeira-letra-l-valencia\/","title":{"rendered":"Porta-chaves de madeira. Letra L. Val\u00eancia."},"content":{"rendered":"<p>Este porta-chaves de madeira com a forma da letra &#8220;L&#8221; \u00e9 uma encantadora recorda\u00e7\u00e3o que presta homenagem \u00e0 vibrante cidade de Val\u00eancia. O seu design original apresenta motivos arquitet\u00f3nicos coloridos e ricos, inspirados na ic\u00f3nica Cidade das Artes e das Ci\u00eancias, um s\u00edmbolo indiscut\u00edvel da modernidade e da cultura desta brilhante regi\u00e3o. A letra &#8220;L&#8221; destaca-se n\u00e3o s\u00f3 pela sua forma, mas tamb\u00e9m pela sua t\u00e9cnica de impress\u00e3o a v\u00e1rias cores, que captura na perfei\u00e7\u00e3o os detalhes do fascinante complexo arquitet\u00f3nico, com o seu caracter\u00edstico uso de mosaicos e formas onduladas.<\/p>\n<p>O design complementa-se com elementos tradicionais que representam a ess\u00eancia cultural valenciana, tornando este porta-chaves n\u00e3o apenas num objeto funcional, mas num aut\u00eantico s\u00edmbolo da identidade local. Com o seu design vibrante e cheio de vida, este porta-chaves torna-se na recorda\u00e7\u00e3o perfeita para quem procura levar um pequeno peda\u00e7o de Val\u00eancia sempre consigo, evocando as cores e a criatividade da cidade. Na Ol\u00e9 Mosaic, somos especialistas na distribui\u00e7\u00e3o de recorda\u00e7\u00f5es por grosso, oferecendo produtos aut\u00eanticos que capturam a ess\u00eancia cultural de cada regi\u00e3o. Este porta-chaves \u00e9 ideal para lojas de presentes tur\u00edsticos que desejem oferecer recorda\u00e7\u00f5es de Val\u00eancia \u00fanicas e de qualidade. Como grossistas de porta-chaves, asseguramos que cada pe\u00e7a combina artesanato e originalidade, tornando-se uma excelente escolha para o cliente que procura uma recorda\u00e7\u00e3o significativa.<\/p>\n","protected":false},"excerpt":{"rendered":"<p>Porta-chaves de madeira com a letra &#8220;L&#8221;, inspirado na vibrante cidade de Val\u00eancia. Este design original apresenta coloridos motivos arquitet\u00f3nicos, como a famosa Cidade das Artes e das Ci\u00eancias, complementados com elementos tradicionais da cidade. Com uma t\u00e9cnica de impress\u00e3o em m\u00faltiplas cores e detalhes em mosaico, este porta-chaves combina funcionalidade e arte, tornando-se numa recorda\u00e7\u00e3o perfeita para quem deseja levar um peda\u00e7o de Val\u00eancia sempre consigo.<\/p>\n","protected":false},"featured_media":10870,"template":"","meta":{"_acf_changed":false},"product_brand":[],"product_cat":[611],"product_tag":[612],"class_list":{"0":"post-33140","1":"product","2":"type-product","3":"status-publish","4":"has-post-thumbnail","6":"product_cat-porta-chaves","7":"product_tag-cartas","8":"pa_ciudad-valencia","9":"pa_motivo-letra-l","10":"pa_pais-espana","12":"first","13":"instock","14":"shipping-taxable","15":"product-type-simple"},"acf":[],"_links":{"self":[{"href":"https:\/\/olemosaic.orbitalia.org\/pt-pt\/wp-json\/wp\/v2\/product\/33140","targetHints":{"allow":["GET"]}}],"collection":[{"href":"https:\/\/olemosaic.orbitalia.org\/pt-pt\/wp-json\/wp\/v2\/product"}],"about":[{"href":"https:\/\/olemosaic.orbitalia.org\/pt-pt\/wp-json\/wp\/v2\/types\/product"}],"wp:featuredmedia":[{"embeddable":true,"href":"https:\/\/olemosaic.orbitalia.org\/pt-pt\/wp-json\/wp\/v2\/media\/10870"}],"wp:attachment":[{"href":"https:\/\/olemosaic.orbitalia.org\/pt-pt\/wp-json\/wp\/v2\/media?parent=33140"}],"wp:term":[{"taxonomy":"product_brand","embeddable":true,"href":"https:\/\/olemosaic.orbitalia.org\/pt-pt\/wp-json\/wp\/v2\/product_brand?post=33140"},{"taxonomy":"product_cat","embeddable":true,"href":"https:\/\/olemosaic.orbitalia.org\/pt-pt\/wp-json\/wp\/v2\/product_cat?post=33140"},{"taxonomy":"product_tag","embeddable":true,"href":"https:\/\/olemosaic.orbitalia.org\/pt-pt\/wp-json\/wp\/v2\/product_tag?post=33140"}],"curies":[{"name":"wp","href":"https:\/\/api.w.org\/{rel}","templated":true}]}}