{"id":33088,"date":"2025-02-20T23:33:06","date_gmt":"2025-02-20T22:33:06","guid":{"rendered":"https:\/\/olemosaic.orbitalia.org\/producto\/llavero-de-madera-letra-c-2\/"},"modified":"2025-07-25T19:31:29","modified_gmt":"2025-07-25T17:31:29","slug":"porta-chaves-de-madeira-letra-c-mosaico-pt-pt","status":"publish","type":"product","link":"https:\/\/olemosaic.orbitalia.org\/pt-pt\/produto\/porta-chaves-de-madeira-letra-c-mosaico-pt-pt\/","title":{"rendered":"Porta-chaves de madeira. Letra C. Mosaico."},"content":{"rendered":"<p>Este porta-chaves de madeira com a forma da letra &#8220;C&#8221; \u00e9 uma pe\u00e7a excecional que capta a ess\u00eancia da arte de Gaud\u00ed e o vibrante esp\u00edrito de Espanha. Decorado com um intrincado mosaico que exibe uma paleta de cores em tons de vermelho, azul, amarelo e verde, este porta-chaves destaca-se pela sua t\u00e9cnica de trencad\u00eds, que consiste em fragmentos de cer\u00e2mica brilhantes dispostos artisticamente. O design \u00e9 leve e duradouro, ideal para personalizar as suas chaves ou como uma preciosa recorda\u00e7\u00e3o que guardar\u00e1 com carinho.<\/p>\n<p>A letra &#8220;C&#8221; foi escolhida com um prop\u00f3sito especial, tornando-o um presente personalizado e significativo, perfeito para quem procura uma recorda\u00e7\u00e3o aut\u00eantica da sua viagem. Este porta-chaves n\u00e3o \u00e9 apenas funcional, mas tamb\u00e9m serve como um lembrete tang\u00edvel da rica cultura e da tradi\u00e7\u00e3o art\u00edstica de Espanha, inspirada numa das suas figuras mais emblem\u00e1ticas. Cada detalhe \u00e9 meticulosamente trabalhado, e a sua combina\u00e7\u00e3o de cores vibrantes e formas fluidas torna-o uma pe\u00e7a \u00fanica que atrair\u00e1 a aten\u00e7\u00e3o de quem a vir.<\/p>\n<p>Na Ol\u00e9 Mosaic, orgulhamo-nos de oferecer recorda\u00e7\u00f5es de qualidade por grosso, e este porta-chaves com a letra &#8220;C&#8221; \u00e9 uma op\u00e7\u00e3o ideal para lojas de presentes tur\u00edsticos que desejem oferecer produtos aut\u00eanticos e culturalmente relevantes. Este porta-chaves representa a liga\u00e7\u00e3o com a tradi\u00e7\u00e3o art\u00edstica espanhola e \u00e9 uma excelente op\u00e7\u00e3o para quem procura uma recorda\u00e7\u00e3o que fale da sua experi\u00eancia no pa\u00eds.<\/p>\n","protected":false},"excerpt":{"rendered":"<p>Porta-chaves de madeira com a forma da letra &#8220;C&#8221;, decorado com um mosaico vibrante em tons de vermelho, azul, amarelo e verde. Este porta-chaves apresenta um design inspirado na arte de Gaud\u00ed, destacando a t\u00e9cnica do trencad\u00eds. A pe\u00e7a \u00e9 leve e duradoura, perfeita para personalizar as suas chaves ou como uma bonita recorda\u00e7\u00e3o de Espanha. A sua atraente combina\u00e7\u00e3o de cores e formas torna-o um presente ideal para os amantes da cultura espanhola.<\/p>\n","protected":false},"featured_media":10922,"template":"","meta":{"_acf_changed":false},"product_brand":[],"product_cat":[611],"product_tag":[612],"class_list":{"0":"post-33088","1":"product","2":"type-product","3":"status-publish","4":"has-post-thumbnail","6":"product_cat-porta-chaves","7":"product_tag-cartas","8":"pa_motivo-letra-c","10":"first","11":"instock","12":"shipping-taxable","13":"product-type-simple"},"acf":[],"_links":{"self":[{"href":"https:\/\/olemosaic.orbitalia.org\/pt-pt\/wp-json\/wp\/v2\/product\/33088","targetHints":{"allow":["GET"]}}],"collection":[{"href":"https:\/\/olemosaic.orbitalia.org\/pt-pt\/wp-json\/wp\/v2\/product"}],"about":[{"href":"https:\/\/olemosaic.orbitalia.org\/pt-pt\/wp-json\/wp\/v2\/types\/product"}],"wp:featuredmedia":[{"embeddable":true,"href":"https:\/\/olemosaic.orbitalia.org\/pt-pt\/wp-json\/wp\/v2\/media\/10922"}],"wp:attachment":[{"href":"https:\/\/olemosaic.orbitalia.org\/pt-pt\/wp-json\/wp\/v2\/media?parent=33088"}],"wp:term":[{"taxonomy":"product_brand","embeddable":true,"href":"https:\/\/olemosaic.orbitalia.org\/pt-pt\/wp-json\/wp\/v2\/product_brand?post=33088"},{"taxonomy":"product_cat","embeddable":true,"href":"https:\/\/olemosaic.orbitalia.org\/pt-pt\/wp-json\/wp\/v2\/product_cat?post=33088"},{"taxonomy":"product_tag","embeddable":true,"href":"https:\/\/olemosaic.orbitalia.org\/pt-pt\/wp-json\/wp\/v2\/product_tag?post=33088"}],"curies":[{"name":"wp","href":"https:\/\/api.w.org\/{rel}","templated":true}]}}