{"id":33087,"date":"2025-02-20T23:33:06","date_gmt":"2025-02-20T22:33:06","guid":{"rendered":"https:\/\/olemosaic.orbitalia.org\/producto\/llavero-de-madera-letra-c\/"},"modified":"2025-07-25T18:44:32","modified_gmt":"2025-07-25T16:44:32","slug":"porta-chaves-de-madeira-letra-c","status":"publish","type":"product","link":"https:\/\/olemosaic.orbitalia.org\/pt-pt\/produto\/porta-chaves-de-madeira-letra-c\/","title":{"rendered":"Porta-chaves de madeira. Letra C."},"content":{"rendered":"<p>Este porta-chaves de madeira com a forma da letra &#8220;C&#8221; \u00e9 uma magn\u00edfica representa\u00e7\u00e3o da rica heran\u00e7a cultural espanhola, ideal para quem deseja levar consigo um peda\u00e7o de tradi\u00e7\u00e3o. De design artesanal, este porta-chaves destaca-se pelo seu vibrante design decorado com motivos de azulejos tradicionais, evocando a arte cer\u00e2mica que adorna as paredes de diversas regi\u00f5es de Espanha. As cores vermelho, azul e amarelo combinam-se harmoniosamente, criando um efeito visual atraente e en\u00e9rgico que capta a aten\u00e7\u00e3o instantaneamente.<\/p>\n<p>A superf\u00edcie deste porta-chaves \u00e9 suave ao toque e apresenta um acabamento que real\u00e7a os padr\u00f5es geom\u00e9tricos, contribuindo para o seu apelo est\u00e9tico. Cada pe\u00e7a procura criar uma liga\u00e7\u00e3o emocional com o patrim\u00f3nio cultural, recordando as majestosas pra\u00e7as e edif\u00edcios decorados que caracterizam cidades como Sevilha e Lisboa. Este porta-chaves n\u00e3o \u00e9 apenas um acess\u00f3rio funcional, mas tamb\u00e9m uma recorda\u00e7\u00e3o significativa, ideal para turistas que procuram uma forma aut\u00eantica de eternizar a sua visita a Espanha.<\/p>\n<p>A Ol\u00e9 Mosaic orgulha-se de oferecer recorda\u00e7\u00f5es de alta qualidade por grosso, como este exclusivo porta-chaves de madeira, perfeito para lojas de presentes tur\u00edsticos que valorizam a autenticidade e o valor cultural nos seus produtos. Como distribuidor de porta-chaves artesanais, garantimos que cada pe\u00e7a reflete a est\u00e9tica vibrante do patrim\u00f3nio ib\u00e9rico, tornando este porta-chaves numa excelente escolha para quem deseja uma recorda\u00e7\u00e3o \u00fanica e representativa.<\/p>\n","protected":false},"excerpt":{"rendered":"<p>Porta-chaves de madeira com a forma da letra &#8220;C&#8221;, decorado com motivos vibrantes de azulejos tradicionais. Este produto artesanal destaca-se pelo seu design \u00fanico, que combina cores como o vermelho, o azul e o amarelo, evocando o rico patrim\u00f3nio cultural espanhol. A superf\u00edcie \u00e9 suave ao toque, com um acabamento que real\u00e7a os padr\u00f5es geom\u00e9tricos, o que o torna uma recorda\u00e7\u00e3o ideal para levar um peda\u00e7o de Espanha consigo.<\/p>\n","protected":false},"featured_media":9593,"template":"","meta":{"_acf_changed":false},"product_brand":[],"product_cat":[611],"product_tag":[612],"class_list":{"0":"post-33087","1":"product","2":"type-product","3":"status-publish","4":"has-post-thumbnail","6":"product_cat-porta-chaves","7":"product_tag-cartas","8":"pa_motivo-letra-c","10":"first","11":"instock","12":"shipping-taxable","13":"product-type-simple"},"acf":[],"_links":{"self":[{"href":"https:\/\/olemosaic.orbitalia.org\/pt-pt\/wp-json\/wp\/v2\/product\/33087","targetHints":{"allow":["GET"]}}],"collection":[{"href":"https:\/\/olemosaic.orbitalia.org\/pt-pt\/wp-json\/wp\/v2\/product"}],"about":[{"href":"https:\/\/olemosaic.orbitalia.org\/pt-pt\/wp-json\/wp\/v2\/types\/product"}],"wp:featuredmedia":[{"embeddable":true,"href":"https:\/\/olemosaic.orbitalia.org\/pt-pt\/wp-json\/wp\/v2\/media\/9593"}],"wp:attachment":[{"href":"https:\/\/olemosaic.orbitalia.org\/pt-pt\/wp-json\/wp\/v2\/media?parent=33087"}],"wp:term":[{"taxonomy":"product_brand","embeddable":true,"href":"https:\/\/olemosaic.orbitalia.org\/pt-pt\/wp-json\/wp\/v2\/product_brand?post=33087"},{"taxonomy":"product_cat","embeddable":true,"href":"https:\/\/olemosaic.orbitalia.org\/pt-pt\/wp-json\/wp\/v2\/product_cat?post=33087"},{"taxonomy":"product_tag","embeddable":true,"href":"https:\/\/olemosaic.orbitalia.org\/pt-pt\/wp-json\/wp\/v2\/product_tag?post=33087"}],"curies":[{"name":"wp","href":"https:\/\/api.w.org\/{rel}","templated":true}]}}