{"id":33082,"date":"2025-02-20T22:33:04","date_gmt":"2025-02-20T22:33:04","guid":{"rendered":"https:\/\/olemosaic.orbitalia.org\/producto\/llavero-de-madera-flamenco\/"},"modified":"2025-07-25T18:44:07","modified_gmt":"2025-07-25T16:44:07","slug":"porta-chaves-de-madeira-flamingo","status":"publish","type":"product","link":"https:\/\/olemosaic.orbitalia.org\/pt-pt\/produto\/porta-chaves-de-madeira-flamingo\/","title":{"rendered":"Porta-chaves de madeira. Flamingo."},"content":{"rendered":"<p>Este porta-chaves de madeira com forma de flamingo \u00e9 uma recorda\u00e7\u00e3o vibrante e art\u00edstica que captura a ess\u00eancia da fauna andaluza. Desenhado com cuidado, este original porta-chaves apresenta uma ilustra\u00e7\u00e3o interior que evoca uma paisagem cativante onde a vegeta\u00e7\u00e3o verde se funde com um c\u00e9u de tons quentes, oferecendo uma vista colorida que recorda a vibrante natureza da Andaluzia. O seu acabamento num colorido estilo mosaico, com predom\u00ednio de rosas e verdes, real\u00e7a a sua est\u00e9tica \u00fanica, tornando-o uma pe\u00e7a que atrai todos os olhares.<\/p>\n<p>Este porta-chaves n\u00e3o \u00e9 apenas um acess\u00f3rio pr\u00e1tico para levar as chaves, mas tamb\u00e9m uma representa\u00e7\u00e3o aut\u00eantica da cultura espanhola e das suas tradi\u00e7\u00f5es, ideal para quem procura uma recorda\u00e7\u00e3o representativa da sua visita. Os flamingos s\u00e3o aves ic\u00f3nicas da regi\u00e3o, e este design incorpora a sua eleg\u00e2ncia e singularidade, fazendo refer\u00eancia \u00e0s paisagens que os rodeiam.<\/p>\n<p>Na Ol\u00e9 Mosaic especializamo-nos na distribui\u00e7\u00e3o de souvenirs por grosso, oferecendo produtos aut\u00eanticos que celebram a riqueza do patrim\u00f3nio espanhol. Este porta-chaves de flamingo \u00e9 uma excelente op\u00e7\u00e3o para lojas de presentes tur\u00edsticos que procuram artigos de qualidade com um forte valor cultural. Como grossistas de souvenirs, garantimos autenticidade e design em cada pe\u00e7a.<\/p>\n","protected":false},"excerpt":{"rendered":"<p>Porta-chaves de madeira com forma de flamingo, desenhado com um estilo vibrante e art\u00edstico. Este original porta-chaves apresenta uma ilustra\u00e7\u00e3o interna que captura uma paisagem com vegeta\u00e7\u00e3o e um c\u00e9u colorido, evocando a fauna andaluza. O seu acabamento detalha uma colorida t\u00e9cnica de mosaico, com predom\u00ednio de tons rosas e verdes que real\u00e7am a sua est\u00e9tica \u00fanica. Ideal para quem procura uma recorda\u00e7\u00e3o representativa da cultura espanhola.<\/p>\n","protected":false},"featured_media":10780,"template":"","meta":{"_acf_changed":false},"product_brand":[],"product_cat":[611],"product_tag":[516],"class_list":{"0":"post-33082","1":"product","2":"type-product","3":"status-publish","4":"has-post-thumbnail","6":"product_cat-porta-chaves","7":"product_tag-animais","8":"pa_motivo-flamingos","10":"first","11":"instock","12":"shipping-taxable","13":"product-type-simple"},"acf":[],"_links":{"self":[{"href":"https:\/\/olemosaic.orbitalia.org\/pt-pt\/wp-json\/wp\/v2\/product\/33082","targetHints":{"allow":["GET"]}}],"collection":[{"href":"https:\/\/olemosaic.orbitalia.org\/pt-pt\/wp-json\/wp\/v2\/product"}],"about":[{"href":"https:\/\/olemosaic.orbitalia.org\/pt-pt\/wp-json\/wp\/v2\/types\/product"}],"wp:featuredmedia":[{"embeddable":true,"href":"https:\/\/olemosaic.orbitalia.org\/pt-pt\/wp-json\/wp\/v2\/media\/10780"}],"wp:attachment":[{"href":"https:\/\/olemosaic.orbitalia.org\/pt-pt\/wp-json\/wp\/v2\/media?parent=33082"}],"wp:term":[{"taxonomy":"product_brand","embeddable":true,"href":"https:\/\/olemosaic.orbitalia.org\/pt-pt\/wp-json\/wp\/v2\/product_brand?post=33082"},{"taxonomy":"product_cat","embeddable":true,"href":"https:\/\/olemosaic.orbitalia.org\/pt-pt\/wp-json\/wp\/v2\/product_cat?post=33082"},{"taxonomy":"product_tag","embeddable":true,"href":"https:\/\/olemosaic.orbitalia.org\/pt-pt\/wp-json\/wp\/v2\/product_tag?post=33082"}],"curies":[{"name":"wp","href":"https:\/\/api.w.org\/{rel}","templated":true}]}}