{"id":33081,"date":"2025-02-20T22:33:04","date_gmt":"2025-02-20T22:33:04","guid":{"rendered":"https:\/\/olemosaic.orbitalia.org\/producto\/llavero-de-madera-dromedario\/"},"modified":"2025-07-25T19:11:34","modified_gmt":"2025-07-25T17:11:34","slug":"porta-chaves-de-madeira-dromedario","status":"publish","type":"product","link":"https:\/\/olemosaic.orbitalia.org\/pt-pt\/produto\/porta-chaves-de-madeira-dromedario\/","title":{"rendered":"Porta-chaves de madeira. Dromed\u00e1rio."},"content":{"rendered":"<p>Este porta-chaves de madeira com forma de dromed\u00e1rio \u00e9 uma recorda\u00e7\u00e3o encantadora que captura a ess\u00eancia do folclore do Norte de \u00c1frica. O seu design vibrante e decorativo, inspirado na rica tradi\u00e7\u00e3o da arte cer\u00e2mica, apresenta um intrincado padr\u00e3o de mosaico que combina tons de vermelho, azul e amarelo, evocando o calor e a energia dos mercados tradicionais da regi\u00e3o. A figura do dromed\u00e1rio, s\u00edmbolo de resist\u00eancia e travessia no deserto, destaca-se pelo seu acabamento detalhado e pela sua forma ligeiramente tridimensional, o que lhe confere um car\u00e1cter atraente e distintivo.<\/p>\n<p>A estrutura do porta-chaves \u00e9 leve mas duradoura, garantindo que as suas chaves n\u00e3o s\u00f3 estejam organizadas, mas que tamb\u00e9m levem consigo um peda\u00e7o de cultura e tradi\u00e7\u00e3o. Ideal para turistas e viajantes, este porta-chaves \u00e9 uma excelente recorda\u00e7\u00e3o de viagem que representa a autenticidade da arte norte-africana. Perfeito para quem procura uma lembran\u00e7a significativa das suas aventuras, para al\u00e9m do convencional. Na Ol\u00e9 Mosaic, como grossista de souvenirs, oferecemos produtos que se destacam pelo seu design e relev\u00e2ncia cultural. Este porta-chaves de dromed\u00e1rio \u00e9 uma op\u00e7\u00e3o encantadora para lojas de presentes tur\u00edsticos que desejam oferecer aos seus clientes recorda\u00e7\u00f5es \u00fanicas e representativas da rica heran\u00e7a cultural da regi\u00e3o.<\/p>\n","protected":false},"excerpt":{"rendered":"<p>Porta-chaves de madeira com forma de dromed\u00e1rio, inspirado na colorida arte da cer\u00e2mica tradicional. Este porta-chaves apresenta um design vibrante e decorativo com um padr\u00e3o de mosaico que combina tons vermelhos, azuis e amarelos, evocando o folclore do Norte de \u00c1frica. Ideal para levar as suas chaves com um toque cultural, a sua estrutura leve e resistente garante durabilidade, enquanto o seu design art\u00edstico o torna uma atraente recorda\u00e7\u00e3o de viagem.<\/p>\n","protected":false},"featured_media":10785,"template":"","meta":{"_acf_changed":false},"product_brand":[],"product_cat":[611],"product_tag":[516],"class_list":{"0":"post-33081","1":"product","2":"type-product","3":"status-publish","4":"has-post-thumbnail","6":"product_cat-porta-chaves","7":"product_tag-animais","8":"pa_motivo-dromedarios","10":"first","11":"instock","12":"shipping-taxable","13":"product-type-simple"},"acf":[],"_links":{"self":[{"href":"https:\/\/olemosaic.orbitalia.org\/pt-pt\/wp-json\/wp\/v2\/product\/33081","targetHints":{"allow":["GET"]}}],"collection":[{"href":"https:\/\/olemosaic.orbitalia.org\/pt-pt\/wp-json\/wp\/v2\/product"}],"about":[{"href":"https:\/\/olemosaic.orbitalia.org\/pt-pt\/wp-json\/wp\/v2\/types\/product"}],"wp:featuredmedia":[{"embeddable":true,"href":"https:\/\/olemosaic.orbitalia.org\/pt-pt\/wp-json\/wp\/v2\/media\/10785"}],"wp:attachment":[{"href":"https:\/\/olemosaic.orbitalia.org\/pt-pt\/wp-json\/wp\/v2\/media?parent=33081"}],"wp:term":[{"taxonomy":"product_brand","embeddable":true,"href":"https:\/\/olemosaic.orbitalia.org\/pt-pt\/wp-json\/wp\/v2\/product_brand?post=33081"},{"taxonomy":"product_cat","embeddable":true,"href":"https:\/\/olemosaic.orbitalia.org\/pt-pt\/wp-json\/wp\/v2\/product_cat?post=33081"},{"taxonomy":"product_tag","embeddable":true,"href":"https:\/\/olemosaic.orbitalia.org\/pt-pt\/wp-json\/wp\/v2\/product_tag?post=33081"}],"curies":[{"name":"wp","href":"https:\/\/api.w.org\/{rel}","templated":true}]}}