{"id":33080,"date":"2025-02-20T22:33:04","date_gmt":"2025-02-20T22:33:04","guid":{"rendered":"https:\/\/olemosaic.orbitalia.org\/producto\/llavero-de-madera-delfin\/"},"modified":"2025-07-25T18:48:48","modified_gmt":"2025-07-25T16:48:48","slug":"porta-chaves-de-madeira-golfinho","status":"publish","type":"product","link":"https:\/\/olemosaic.orbitalia.org\/pt-pt\/produto\/porta-chaves-de-madeira-golfinho\/","title":{"rendered":"Porta-chaves de madeira. Golfinho."},"content":{"rendered":"<p>Este porta-chaves de madeira com forma de golfinho \u00e9 uma aut\u00eantica joia que transporta quem o usa para o encantador ambiente mar\u00edtimo das costas espanholas. Com um design vibrante e colorido, o porta-chaves apresenta uma fus\u00e3o de azuis, amarelos e verdes, evocando o brilho do oceano e a alegria da vida marinha. A forma estilizada do golfinho est\u00e1 magnificamente decorada com padr\u00f5es que recordam a ic\u00f3nica arte do mosaico, destacando la influ\u00eancia do famoso arquiteto Antoni Gaud\u00ed, o que o torna uma lembran\u00e7a ideal para quem deseje levar consigo um peda\u00e7o da rica cultura mediterr\u00e2nica.<\/p>\n<p>Cada detalhe do porta-chaves \u00e9 cuidadosamente elaborado, mostrando uma combina\u00e7\u00e3o de formas fluidas e linhas art\u00edsticas que capturam a ess\u00eancia do golfinho e do seu ambiente aqu\u00e1tico. A mestria por tr\u00e1s desta recorda\u00e7\u00e3o n\u00e3o s\u00f3 real\u00e7a a sua funcionalidade como porta-chaves, como tamb\u00e9m a converte numa pe\u00e7a decorativa que pode ser exibida em qualquer lugar.<\/p>\n<p>Perfeito para turistas que procuram lembran\u00e7as de qualidade, este porta-chaves de golfinho destaca a autenticidade da sua origem e a sua relev\u00e2ncia cultural como s\u00edmbolo do mar e da vida costeira. Na Ol\u00e9 Mosaic, especializamo-nos na distribui\u00e7\u00e3o de lembran\u00e7as por grosso, e este porta-chaves de madeira \u00e9 uma excelente op\u00e7\u00e3o para lojas de presentes tur\u00edsticos que procuram oferecer produtos \u00fanicos e representativos da tradi\u00e7\u00e3o espanhola.<\/p>\n","protected":false},"excerpt":{"rendered":"<p>Porta-chaves de madeira com forma de golfinho, inspirado na arte do mosaico. Este atraente porta-chaves apresenta um design colorido com detalhes em azuis, amarelos e verdes que evocam o ambiente mar\u00edtimo das costas espanholas. A sua forma estilizada e os padr\u00f5es decorativos recordam a tradi\u00e7\u00e3o art\u00edstica de Gaud\u00ed, o que o torna uma lembran\u00e7a ideal para quem deseje levar um peda\u00e7o de cultura mediterr\u00e2nica no seu dia a dia.<\/p>\n","protected":false},"featured_media":10982,"template":"","meta":{"_acf_changed":false},"product_brand":[],"product_cat":[611],"product_tag":[516],"class_list":{"0":"post-33080","1":"product","2":"type-product","3":"status-publish","4":"has-post-thumbnail","6":"product_cat-porta-chaves","7":"product_tag-animais","8":"pa_motivo-golfinhos","10":"first","11":"instock","12":"shipping-taxable","13":"product-type-simple"},"acf":[],"_links":{"self":[{"href":"https:\/\/olemosaic.orbitalia.org\/pt-pt\/wp-json\/wp\/v2\/product\/33080","targetHints":{"allow":["GET"]}}],"collection":[{"href":"https:\/\/olemosaic.orbitalia.org\/pt-pt\/wp-json\/wp\/v2\/product"}],"about":[{"href":"https:\/\/olemosaic.orbitalia.org\/pt-pt\/wp-json\/wp\/v2\/types\/product"}],"wp:featuredmedia":[{"embeddable":true,"href":"https:\/\/olemosaic.orbitalia.org\/pt-pt\/wp-json\/wp\/v2\/media\/10982"}],"wp:attachment":[{"href":"https:\/\/olemosaic.orbitalia.org\/pt-pt\/wp-json\/wp\/v2\/media?parent=33080"}],"wp:term":[{"taxonomy":"product_brand","embeddable":true,"href":"https:\/\/olemosaic.orbitalia.org\/pt-pt\/wp-json\/wp\/v2\/product_brand?post=33080"},{"taxonomy":"product_cat","embeddable":true,"href":"https:\/\/olemosaic.orbitalia.org\/pt-pt\/wp-json\/wp\/v2\/product_cat?post=33080"},{"taxonomy":"product_tag","embeddable":true,"href":"https:\/\/olemosaic.orbitalia.org\/pt-pt\/wp-json\/wp\/v2\/product_tag?post=33080"}],"curies":[{"name":"wp","href":"https:\/\/api.w.org\/{rel}","templated":true}]}}