{"id":33077,"date":"2025-02-20T23:33:03","date_gmt":"2025-02-20T22:33:03","guid":{"rendered":"https:\/\/olemosaic.orbitalia.org\/producto\/llavero-de-madera-bulldog-2\/"},"modified":"2025-07-25T19:36:11","modified_gmt":"2025-07-25T17:36:11","slug":"porta-chaves-de-madeira-bulldog-2","status":"publish","type":"product","link":"https:\/\/olemosaic.orbitalia.org\/pt-pt\/produto\/porta-chaves-de-madeira-bulldog-2\/","title":{"rendered":"Porta-chaves de madeira. Bulldog. Azulejos."},"content":{"rendered":"<p>Este porta-chaves de madeira com forma de bulldog \u00e9 uma pe\u00e7a encantadora que funde a admira\u00e7\u00e3o pelos animais com a rica tradi\u00e7\u00e3o artesanal espanhola. O seu design estilizado e l\u00fadico representa um bulldog adornado com vibrantes padr\u00f5es de azulejos, evocando a ess\u00eancia colorida da cer\u00e2mica espanhola. Predominam os tons azuis, laranjas e amarelos, que n\u00e3o s\u00f3 se destacam no porta-chaves, como tamb\u00e9m prestam homenagem \u00e0s tradi\u00e7\u00f5es decorativas de diversas regi\u00f5es do pa\u00eds. Este atraente acess\u00f3rio n\u00e3o s\u00f3 \u00e9 funcional, como tamb\u00e9m serve como uma recorda\u00e7\u00e3o cativante da liga\u00e7\u00e3o cultural que outrora se desfrutava nas ruas de Espanha, onde os azulejos desempenham um papel fundamental na arquitetura e na decora\u00e7\u00e3o.<\/p>\n<p>O bulldog, s\u00edmbolo de lealdade e amizade, converte-se num objeto de cole\u00e7\u00e3o perfeito para quem aprecia tanto a fauna como a cultura espanhola. Este porta-chaves n\u00e3o \u00e9 apenas uma lembran\u00e7a, mas uma genu\u00edna representa\u00e7\u00e3o da alegria e da diversidade que caracteriza a Espanha, fazendo com que, cada vez que o veja, recorde momentos e lugares especiais da sua viagem. Na Ol\u00e9 Mosaic, a distribui\u00e7\u00e3o de lembran\u00e7as por grosso \u00e9 a nossa especialidade, e este porta-chaves de bulldog \u00e9 ideal para turistas e lojas de presentes que procuram oferecer produtos aut\u00eanticos e chamativos que reflitam o esp\u00edrito vibrante de Espanha. \u00c9, sem d\u00favida, um presente perfeito para quem deseja levar consigo um peda\u00e7o desta rica heran\u00e7a cultural.<\/p>\n","protected":false},"excerpt":{"rendered":"<p>Porta-chaves de madeira com forma de bulldog, decorado com alegres padr\u00f5es de azulejos t\u00edpicos. Este original porta-chaves destaca-se pelo seu design colorido, onde predominam os tons azuis, laranjas e amarelos, inspirados na rica tradi\u00e7\u00e3o cer\u00e2mica espanhola. O bulldog, s\u00edmbolo de lealdade e amizade, apresenta-se com um estilo estilizado e l\u00fadico, tornando-o um acess\u00f3rio atraente tanto para amantes de animais como da cultura espanhola.<\/p>\n","protected":false},"featured_media":10966,"template":"","meta":{"_acf_changed":false},"product_brand":[],"product_cat":[611],"product_tag":[516],"class_list":{"0":"post-33077","1":"product","2":"type-product","3":"status-publish","4":"has-post-thumbnail","6":"product_cat-porta-chaves","7":"product_tag-animais","8":"pa_motivo-bulldogs","10":"first","11":"instock","12":"shipping-taxable","13":"product-type-simple"},"acf":[],"_links":{"self":[{"href":"https:\/\/olemosaic.orbitalia.org\/pt-pt\/wp-json\/wp\/v2\/product\/33077","targetHints":{"allow":["GET"]}}],"collection":[{"href":"https:\/\/olemosaic.orbitalia.org\/pt-pt\/wp-json\/wp\/v2\/product"}],"about":[{"href":"https:\/\/olemosaic.orbitalia.org\/pt-pt\/wp-json\/wp\/v2\/types\/product"}],"wp:featuredmedia":[{"embeddable":true,"href":"https:\/\/olemosaic.orbitalia.org\/pt-pt\/wp-json\/wp\/v2\/media\/10966"}],"wp:attachment":[{"href":"https:\/\/olemosaic.orbitalia.org\/pt-pt\/wp-json\/wp\/v2\/media?parent=33077"}],"wp:term":[{"taxonomy":"product_brand","embeddable":true,"href":"https:\/\/olemosaic.orbitalia.org\/pt-pt\/wp-json\/wp\/v2\/product_brand?post=33077"},{"taxonomy":"product_cat","embeddable":true,"href":"https:\/\/olemosaic.orbitalia.org\/pt-pt\/wp-json\/wp\/v2\/product_cat?post=33077"},{"taxonomy":"product_tag","embeddable":true,"href":"https:\/\/olemosaic.orbitalia.org\/pt-pt\/wp-json\/wp\/v2\/product_tag?post=33077"}],"curies":[{"name":"wp","href":"https:\/\/api.w.org\/{rel}","templated":true}]}}