{"id":33018,"date":"2025-02-20T23:33:02","date_gmt":"2025-02-20T22:33:02","guid":{"rendered":"https:\/\/olemosaic.orbitalia.org\/producto\/ref-2\/"},"modified":"2025-07-25T20:37:22","modified_gmt":"2025-07-25T18:37:22","slug":"bola-de-natal-com-caixa-caminho-de-santiago-2","status":"publish","type":"product","link":"https:\/\/olemosaic.orbitalia.org\/pt-pt\/produto\/bola-de-natal-com-caixa-caminho-de-santiago-2\/","title":{"rendered":"Bola de Natal com caixa. Caminho de Santiago. Leque."},"content":{"rendered":"<p>Este porta-chaves de cer\u00e2mica, inspirado no Caminho de Santiago, \u00e9 uma recorda\u00e7\u00e3o vibrante e significativa de uma das rotas de peregrina\u00e7\u00e3o mais emblem\u00e1ticas do mundo. Com o seu design colorido, o porta-chaves combina a ic\u00f3nica Catedral de Santiago, reconhecida pela sua majestosa arquitetura, e um vistoso leque, s\u00edmbolo do alegre folclore espanhol. O seu acabamento brilhante e os detalhes pintados \u00e0 m\u00e3o garantem que cada pe\u00e7a seja \u00fanica, capturando a ess\u00eancia da rica cultura galega e a sua tradi\u00e7\u00e3o de acolher os peregrinos.<\/p>\n<p>No centro do porta-chaves, o texto &#8220;CAMINO DE&#8221; destaca-se com letras divertidas, ladeado por uma base decorativa de mosaico que apresenta tonalidades verdes e rosadas, evocando a paisagem e a vida das terras por onde passa esta famosa rota. Este design n\u00e3o \u00e9 apenas visualmente atraente, mas tamb\u00e9m presta homenagem \u00e0 experi\u00eancia transformadora do caminho e \u00e0s suas hist\u00f3rias.<\/p>\n<p>O porta-chaves \u00e9 mais do que um simples acess\u00f3rio; \u00e9 uma aut\u00eantica recorda\u00e7\u00e3o do Caminho de Santiago, ideal para turistas que procuram levar um pedacinho de Espanha. As recorda\u00e7\u00f5es do Caminho t\u00eam um profundo significado cultural, representando a unidade, a espiritualidade e a beleza da viagem. Na Ol\u00e9 Mosaic, como grossistas de recorda\u00e7\u00f5es, oferecemos produtos que captam a autenticidade e a diversidade do patrim\u00f3nio espanhol, tornando-os perfeitos para lojas de presentes tur\u00edsticos que desejem oferecer recorda\u00e7\u00f5es memor\u00e1veis.<\/p>\n","protected":false},"excerpt":{"rendered":"<p>Porta-chaves de cer\u00e2mica inspirado no Caminho de Santiago, com um design colorido que combina a ic\u00f3nica Catedral de Santiago e um vistoso leque. Este porta-chaves, de acabamento brilhante e com detalhes pintados \u00e0 m\u00e3o, capta a ess\u00eancia do folclore espanhol. No centro, destaca-se o texto &#8220;CAMINO DE&#8221;, emoldurado por uma base decorativa de mosaico em tons verdes e rosados, ideal para recordar a sua rota por esta famosa peregrina\u00e7\u00e3o.<\/p>\n","protected":false},"featured_media":9846,"template":"","meta":{"_acf_changed":false},"product_brand":[],"product_cat":[652],"product_tag":[],"class_list":{"0":"post-33018","1":"product","2":"type-product","3":"status-publish","4":"has-post-thumbnail","6":"product_cat-bolas-de-natal","7":"pa_ciudad-santiago","8":"pa_pais-espana","10":"first","11":"instock","12":"shipping-taxable","13":"product-type-simple"},"acf":[],"_links":{"self":[{"href":"https:\/\/olemosaic.orbitalia.org\/pt-pt\/wp-json\/wp\/v2\/product\/33018","targetHints":{"allow":["GET"]}}],"collection":[{"href":"https:\/\/olemosaic.orbitalia.org\/pt-pt\/wp-json\/wp\/v2\/product"}],"about":[{"href":"https:\/\/olemosaic.orbitalia.org\/pt-pt\/wp-json\/wp\/v2\/types\/product"}],"wp:featuredmedia":[{"embeddable":true,"href":"https:\/\/olemosaic.orbitalia.org\/pt-pt\/wp-json\/wp\/v2\/media\/9846"}],"wp:attachment":[{"href":"https:\/\/olemosaic.orbitalia.org\/pt-pt\/wp-json\/wp\/v2\/media?parent=33018"}],"wp:term":[{"taxonomy":"product_brand","embeddable":true,"href":"https:\/\/olemosaic.orbitalia.org\/pt-pt\/wp-json\/wp\/v2\/product_brand?post=33018"},{"taxonomy":"product_cat","embeddable":true,"href":"https:\/\/olemosaic.orbitalia.org\/pt-pt\/wp-json\/wp\/v2\/product_cat?post=33018"},{"taxonomy":"product_tag","embeddable":true,"href":"https:\/\/olemosaic.orbitalia.org\/pt-pt\/wp-json\/wp\/v2\/product_tag?post=33018"}],"curies":[{"name":"wp","href":"https:\/\/api.w.org\/{rel}","templated":true}]}}