{"id":33014,"date":"2025-02-20T23:33:02","date_gmt":"2025-02-20T22:33:02","guid":{"rendered":"https:\/\/olemosaic.orbitalia.org\/producto\/4-bols-de-coco-de-13-x-6-cm-animales-del-mar\/"},"modified":"2025-07-25T20:22:11","modified_gmt":"2025-07-25T18:22:11","slug":"4-tacas-de-coco-de-13-x-6-cm-animais-do-mar","status":"publish","type":"product","link":"https:\/\/olemosaic.orbitalia.org\/pt-pt\/produto\/4-tacas-de-coco-de-13-x-6-cm-animais-do-mar\/","title":{"rendered":"4 Ta\u00e7as de coco de 13 x 6 cm. Animais do mar."},"content":{"rendered":"<p>Este conjunto de ta\u00e7as de cer\u00e2mica pintadas \u00e0 m\u00e3o \u00e9 uma aut\u00eantica joia que captura a ess\u00eancia do litoral mediterr\u00e2nico. Cada ta\u00e7a apresenta um requintado design de mosaico em tons vibrantes de azul, rosa e dourado, evocando a frescura das \u00e1guas do mar. As ilustra\u00e7\u00f5es, meticulosamente elaboradas, destacam representa\u00e7\u00f5es de um cavalo-marinho, um golfinho, um peixe e uma tartaruga, com um detalhe art\u00edstico que real\u00e7a a sua beleza natural e simboliza a rica biodiversidade da costa mediterr\u00e2nica.<\/p>\n<p>Estas ta\u00e7as n\u00e3o s\u00f3 s\u00e3o ideais para servir aperitivos, como tamb\u00e9m funcionam como elementos decorativos. O seu design elegante acrescenta um toque distintivo e colorido a qualquer ambiente, tornando-as uma pe\u00e7a central em mesas ou prateleiras. A autenticidade da sua elabora\u00e7\u00e3o artesanal garante um produto \u00fanico, perfeito para quem procura recorda\u00e7\u00f5es que representem a cultura espanhola e a sua rela\u00e7\u00e3o com o mar.<\/p>\n<p>Ol\u00e9 Mosaic, como distribuidor de artigos de cer\u00e2mica por grosso, oferece este atraente conjunto de ta\u00e7as como uma recorda\u00e7\u00e3o representativa que real\u00e7a a beleza e a diversidade dos produtos mediterr\u00e2nicos. Este conjunto \u00e9 uma excelente op\u00e7\u00e3o para lojas de presentes tur\u00edsticos que desejam oferecer aos seus clientes uma experi\u00eancia memor\u00e1vel atrav\u00e9s de artigos aut\u00eanticos e culturalmente significativos.<\/p>\n","protected":false},"excerpt":{"rendered":"<p>Conjunto de ta\u00e7as de cer\u00e2mica pintadas \u00e0 m\u00e3o, com motivos marinhos t\u00edpicos da costa mediterr\u00e2nica. Cada ta\u00e7a apresenta um elegante design de mosaico em tons vibrantes de azul, rosa e dourado, que real\u00e7a as figuras de um cavalo-marinho, um peixe, um golfinho e uma tartaruga. S\u00e3o ideais tanto para decorar como para servir aperitivos, evocando a frescura e a beleza do mar.<\/p>\n","protected":false},"featured_media":13814,"template":"","meta":{"_acf_changed":false},"product_brand":[],"product_cat":[513],"product_tag":[516],"class_list":{"0":"post-33014","1":"product","2":"type-product","3":"status-publish","4":"has-post-thumbnail","6":"product_cat-bols","7":"product_tag-animais","8":"pa_motivo-animais-marinhos","10":"first","11":"instock","12":"shipping-taxable","13":"product-type-simple"},"acf":[],"_links":{"self":[{"href":"https:\/\/olemosaic.orbitalia.org\/pt-pt\/wp-json\/wp\/v2\/product\/33014","targetHints":{"allow":["GET"]}}],"collection":[{"href":"https:\/\/olemosaic.orbitalia.org\/pt-pt\/wp-json\/wp\/v2\/product"}],"about":[{"href":"https:\/\/olemosaic.orbitalia.org\/pt-pt\/wp-json\/wp\/v2\/types\/product"}],"wp:featuredmedia":[{"embeddable":true,"href":"https:\/\/olemosaic.orbitalia.org\/pt-pt\/wp-json\/wp\/v2\/media\/13814"}],"wp:attachment":[{"href":"https:\/\/olemosaic.orbitalia.org\/pt-pt\/wp-json\/wp\/v2\/media?parent=33014"}],"wp:term":[{"taxonomy":"product_brand","embeddable":true,"href":"https:\/\/olemosaic.orbitalia.org\/pt-pt\/wp-json\/wp\/v2\/product_brand?post=33014"},{"taxonomy":"product_cat","embeddable":true,"href":"https:\/\/olemosaic.orbitalia.org\/pt-pt\/wp-json\/wp\/v2\/product_cat?post=33014"},{"taxonomy":"product_tag","embeddable":true,"href":"https:\/\/olemosaic.orbitalia.org\/pt-pt\/wp-json\/wp\/v2\/product_tag?post=33014"}],"curies":[{"name":"wp","href":"https:\/\/api.w.org\/{rel}","templated":true}]}}