{"id":33013,"date":"2025-02-20T23:33:02","date_gmt":"2025-02-20T22:33:02","guid":{"rendered":"https:\/\/olemosaic.orbitalia.org\/producto\/4-bols-de-coco-de-13-x-6-cm-caballito-de-mar-mallorca-3\/"},"modified":"2025-07-25T19:39:36","modified_gmt":"2025-07-25T17:39:36","slug":"4-tacas-de-coco-de-13-x-6-cm-cavalo-marinho-maiorca-pt-pt","status":"publish","type":"product","link":"https:\/\/olemosaic.orbitalia.org\/pt-pt\/produto\/4-tacas-de-coco-de-13-x-6-cm-cavalo-marinho-maiorca-pt-pt\/","title":{"rendered":"4 Ta\u00e7as de coco de 13 x 6 cm. Cavalo-marinho. Ilha. Maiorca."},"content":{"rendered":"<p>Este conjunto de quatro ta\u00e7as de coco, cada uma com 13 cm de di\u00e2metro e 6 cm de altura, est\u00e1 decorado com motivos de cavalos-marinhos, representa\u00e7\u00f5es emblem\u00e1ticas da ilha de Maiorca. Cada ta\u00e7a apresenta um design \u00fanico, com mosaicos vibrantes em tons de azul, amarelo e florais que evocam a espl\u00eandida beleza do mar Mediterr\u00e2neo, criando uma liga\u00e7\u00e3o visual imediata com o ambiente natural da ilha. Os detalhes met\u00e1licos na figura do cavalo-marinho e o texto &#8220;Mallorca&#8221; acrescentam um toque distintivo e elegante a cada pe\u00e7a, real\u00e7ando a sua autenticidade como recorda\u00e7\u00e3o desta regi\u00e3o.<\/p>\n<p>Estas ta\u00e7as de coco n\u00e3o s\u00f3 s\u00e3o ideais para servir aperitivos em reuni\u00f5es e celebra\u00e7\u00f5es, como tamb\u00e9m funcionam como elementos decorativos que conferem um estilo insular cativante a qualquer casa. A combina\u00e7\u00e3o de funcionalidade e est\u00e9tica torna-as recorda\u00e7\u00f5es perfeitas para os turistas que procuram levar consigo um peda\u00e7o da cultura de Maiorca. Na Ol\u00e9 Mosaic, somos especialistas na distribui\u00e7\u00e3o de recorda\u00e7\u00f5es por grosso, oferecendo produtos aut\u00eanticos que real\u00e7am a riqueza cultural de Espanha. Este conjunto de ta\u00e7as de coco \u00e9 uma op\u00e7\u00e3o excecional para lojas de presentes tur\u00edsticos que procuram oferecer recorda\u00e7\u00f5es que combinam qualidade e tradi\u00e7\u00e3o.<\/p>\n","protected":false},"excerpt":{"rendered":"<p>Ta\u00e7as de coco de 13 x 6 cm, decoradas com motivos de cavalos-marinhos, um s\u00edmbolo emblem\u00e1tico de Maiorca. Cada ta\u00e7a apresenta um design \u00fanico, com mosaicos coloridos em tons de azul, amarelo e florais que evocam a beleza do mar Mediterr\u00e2neo. Os detalhes met\u00e1licos do cavalo-marinho e la inscri\u00e7\u00e3o &#8220;Mallorca&#8221; acrescentam um toque distintivo a cada pe\u00e7a. Ideais para servir aperitivos ou como elementos decorativos, combinam funcionalidade e um atraente estilo insular.<\/p>\n","protected":false},"featured_media":10701,"template":"","meta":{"_acf_changed":false},"product_brand":[],"product_cat":[513],"product_tag":[516],"class_list":{"0":"post-33013","1":"product","2":"type-product","3":"status-publish","4":"has-post-thumbnail","6":"product_cat-bols","7":"product_tag-animais","8":"pa_ciudad-mallorca","9":"pa_motivo-cavalos-marinhos","10":"pa_pais-espana","12":"first","13":"instock","14":"shipping-taxable","15":"product-type-simple"},"acf":[],"_links":{"self":[{"href":"https:\/\/olemosaic.orbitalia.org\/pt-pt\/wp-json\/wp\/v2\/product\/33013","targetHints":{"allow":["GET"]}}],"collection":[{"href":"https:\/\/olemosaic.orbitalia.org\/pt-pt\/wp-json\/wp\/v2\/product"}],"about":[{"href":"https:\/\/olemosaic.orbitalia.org\/pt-pt\/wp-json\/wp\/v2\/types\/product"}],"wp:featuredmedia":[{"embeddable":true,"href":"https:\/\/olemosaic.orbitalia.org\/pt-pt\/wp-json\/wp\/v2\/media\/10701"}],"wp:attachment":[{"href":"https:\/\/olemosaic.orbitalia.org\/pt-pt\/wp-json\/wp\/v2\/media?parent=33013"}],"wp:term":[{"taxonomy":"product_brand","embeddable":true,"href":"https:\/\/olemosaic.orbitalia.org\/pt-pt\/wp-json\/wp\/v2\/product_brand?post=33013"},{"taxonomy":"product_cat","embeddable":true,"href":"https:\/\/olemosaic.orbitalia.org\/pt-pt\/wp-json\/wp\/v2\/product_cat?post=33013"},{"taxonomy":"product_tag","embeddable":true,"href":"https:\/\/olemosaic.orbitalia.org\/pt-pt\/wp-json\/wp\/v2\/product_tag?post=33013"}],"curies":[{"name":"wp","href":"https:\/\/api.w.org\/{rel}","templated":true}]}}