{"id":33000,"date":"2025-02-20T23:33:01","date_gmt":"2025-02-20T22:33:01","guid":{"rendered":"https:\/\/olemosaic.orbitalia.org\/producto\/4-bols-de-coco-de-13-x-6-cm-delfin-gran-canaria-3\/"},"modified":"2025-07-25T18:34:20","modified_gmt":"2025-07-25T16:34:20","slug":"4-tacas-de-coco-de-13-x-6-cm-golfinho-gran-canaria-3","status":"publish","type":"product","link":"https:\/\/olemosaic.orbitalia.org\/pt-pt\/produto\/4-tacas-de-coco-de-13-x-6-cm-golfinho-gran-canaria-3\/","title":{"rendered":"Conjunto de 4 ta\u00e7as de coco de 13 x 6 cm. Golfinho. Gran Canaria. Padr\u00e3o de cora\u00e7\u00f5es."},"content":{"rendered":"<p>Este conjunto de quatro ta\u00e7as de coco decoradas com simp\u00e1ticos golfinhos \u00e9 uma magn\u00edfica representa\u00e7\u00e3o da beleza natural de Gran Canaria. Cada ta\u00e7a, de 13 x 6 cm, apresenta um design vibrante e \u00fanico, pintado \u00e0 m\u00e3o, com encantadores golfinhos a dan\u00e7ar num mar de cora\u00e7\u00f5es. As cores chamativas \u2014 azul, laranja, vermelho e f\u00facsia \u2014 acrescentam uma explos\u00e3o de alegria perfeita para qualquer ocasi\u00e3o, seja para servir aperitivos numa reuni\u00e3o ou como elemento decorativo no lar.<\/p>\n<p>A inscri\u00e7\u00e3o &#8220;Gran Canaria&#8221; em cada ta\u00e7a real\u00e7a a sua autenticidade e liga\u00e7\u00e3o cultural, tornando-as uma recorda\u00e7\u00e3o ideal para quem visita esta bela ilha. Estas ta\u00e7as de coco n\u00e3o s\u00e3o apenas funcionais, mas tamb\u00e9m evocam o esp\u00edrito alegre e caloroso de Gran Canaria, um destino conhecido pelas suas paisagens impressionantes e pela sua vida marinha exuberante, onde os golfinhos s\u00e3o s\u00edmbolo de alegria e liberdade.<\/p>\n<p>Na Ol\u00e9 Mosaic, somos distribuidores de lembran\u00e7as por grosso e oferecemos este conjunto de ta\u00e7as de coco como uma excelente op\u00e7\u00e3o para lojas de presentes tur\u00edsticos que procuram produtos aut\u00eanticos e atraentes. Este conjunto \u00e9 uma recorda\u00e7\u00e3o perfeita da idiossincrasia can\u00e1ria, ideal para quem deseja levar consigo um pedacinho desta ilha m\u00e1gica.<\/p>\n","protected":false},"excerpt":{"rendered":"<p>Conjunto de 4 ta\u00e7as de coco de 13 x 6 cm, decoradas com simp\u00e1ticos golfinhos que representam a beleza natural de Gran Canaria. Cada ta\u00e7a apresenta uma cor vibrante distinta: azul, laranja, vermelho e f\u00facsia, com um design artesanal, pintado \u00e0 m\u00e3o, que inclui cora\u00e7\u00f5es e a inscri\u00e7\u00e3o &#8220;Gran Canaria&#8221;. Estas ta\u00e7as s\u00e3o perfeitas para servir aperitivos ou como elemento decorativo, acrescentando um toque colorido e alegre a qualquer ambiente.<\/p>\n","protected":false},"featured_media":10680,"template":"","meta":{"_acf_changed":false},"product_brand":[],"product_cat":[513],"product_tag":[516],"class_list":{"0":"post-33000","1":"product","2":"type-product","3":"status-publish","4":"has-post-thumbnail","6":"product_cat-bols","7":"product_tag-animais","8":"pa_ciudad-gran-canaria","9":"pa_motivo-golfinhos","10":"pa_pais-espana","12":"first","13":"instock","14":"shipping-taxable","15":"product-type-simple"},"acf":[],"_links":{"self":[{"href":"https:\/\/olemosaic.orbitalia.org\/pt-pt\/wp-json\/wp\/v2\/product\/33000","targetHints":{"allow":["GET"]}}],"collection":[{"href":"https:\/\/olemosaic.orbitalia.org\/pt-pt\/wp-json\/wp\/v2\/product"}],"about":[{"href":"https:\/\/olemosaic.orbitalia.org\/pt-pt\/wp-json\/wp\/v2\/types\/product"}],"wp:featuredmedia":[{"embeddable":true,"href":"https:\/\/olemosaic.orbitalia.org\/pt-pt\/wp-json\/wp\/v2\/media\/10680"}],"wp:attachment":[{"href":"https:\/\/olemosaic.orbitalia.org\/pt-pt\/wp-json\/wp\/v2\/media?parent=33000"}],"wp:term":[{"taxonomy":"product_brand","embeddable":true,"href":"https:\/\/olemosaic.orbitalia.org\/pt-pt\/wp-json\/wp\/v2\/product_brand?post=33000"},{"taxonomy":"product_cat","embeddable":true,"href":"https:\/\/olemosaic.orbitalia.org\/pt-pt\/wp-json\/wp\/v2\/product_cat?post=33000"},{"taxonomy":"product_tag","embeddable":true,"href":"https:\/\/olemosaic.orbitalia.org\/pt-pt\/wp-json\/wp\/v2\/product_tag?post=33000"}],"curies":[{"name":"wp","href":"https:\/\/api.w.org\/{rel}","templated":true}]}}