{"id":32999,"date":"2025-02-20T23:33:01","date_gmt":"2025-02-20T22:33:01","guid":{"rendered":"https:\/\/olemosaic.orbitalia.org\/producto\/4-bols-de-coco-de-13-x-6-cm-isla-gran-canaria-3\/"},"modified":"2025-07-25T20:23:29","modified_gmt":"2025-07-25T18:23:29","slug":"4-tacas-de-coco-de-13-x-6-cm-ilha-gran-canaria-3","status":"publish","type":"product","link":"https:\/\/olemosaic.orbitalia.org\/pt-pt\/produto\/4-tacas-de-coco-de-13-x-6-cm-ilha-gran-canaria-3\/","title":{"rendered":"Conjunto de 4 ta\u00e7as de coco de 13 x 6 cm. Ilha. Gran Canaria. Padr\u00e3o de cora\u00e7\u00f5es."},"content":{"rendered":"<p>Este conjunto de 4 ta\u00e7as de coco de 13 x 6 cm \u00e9 uma lembran\u00e7a vibrante que capta a ess\u00eancia festiva de Gran Canaria. Cada ta\u00e7a \u00e9 cuidadosamente decorada com cores alegres e chamativas: um azul radiante, um vermelho intenso, um laranja quente e um f\u00facsia brilhante. Todas apresentam um design muito especial com cora\u00e7\u00f5es, o que lhes confere um car\u00e1cter \u00fanico e juvenil. A inscri\u00e7\u00e3o &#8220;Gran Canaria&#8221; no interior de cada ta\u00e7a real\u00e7a o esp\u00edrito da ilha e estabelece uma liga\u00e7\u00e3o direta com a sua cultura vibrante.<\/p>\n<p>Estas ta\u00e7as s\u00e3o perfeitas tanto para servir aperitivos como para serem usadas como elementos decorativos no lar, trazendo um toque da energia can\u00e1ria a qualquer ambiente. O seu design vers\u00e1til n\u00e3o s\u00f3 as torna uma op\u00e7\u00e3o pr\u00e1tica, mas tamb\u00e9m uma pe\u00e7a atraente que encantar\u00e1 quem procura levar consigo um pedacinho da ilha. Na Ol\u00e9 Mosaic, orgulhamo-nos de oferecer lembran\u00e7as aut\u00eanticas que refletem a riqueza cultural das suas origens. Este conjunto de ta\u00e7as de coco \u00e9 uma excelente escolha para lojas de presentes tur\u00edsticos que desejem oferecer produtos que combinem funcionalidade e beleza.<\/p>\n<p>Ao adquirir este conjunto de ta\u00e7as de coco, n\u00e3o s\u00f3 obt\u00e9m um artigo de alta qualidade, mas tamb\u00e9m uma representa\u00e7\u00e3o alegre de Gran Canaria que ser\u00e1 recordada por quem a visita.<\/p>\n","protected":false},"excerpt":{"rendered":"<p>Conjunto de 4 ta\u00e7as de coco de 13 x 6 cm, decoradas com cores vibrantes que refletem a energia de Gran Canaria. Cada ta\u00e7a apresenta um design muito especial com cora\u00e7\u00f5es e a inscri\u00e7\u00e3o &#8220;Gran Canaria&#8221; no seu interior, real\u00e7ando o seu apelo visual. Os tons azuis, vermelhos, laranjas e f\u00facsias trazem um toque alegre e festivo, ideal para servir aperitivos ou como elemento decorativo. Uma recorda\u00e7\u00e3o \u00fanica que capta a ess\u00eancia da ilha.<\/p>\n","protected":false},"featured_media":10668,"template":"","meta":{"_acf_changed":false},"product_brand":[],"product_cat":[513],"product_tag":[],"class_list":{"0":"post-32999","1":"product","2":"type-product","3":"status-publish","4":"has-post-thumbnail","6":"product_cat-bols","7":"pa_ciudad-gran-canaria","8":"pa_motivo-ilhas","9":"pa_pais-espana","11":"first","12":"instock","13":"shipping-taxable","14":"product-type-simple"},"acf":[],"_links":{"self":[{"href":"https:\/\/olemosaic.orbitalia.org\/pt-pt\/wp-json\/wp\/v2\/product\/32999","targetHints":{"allow":["GET"]}}],"collection":[{"href":"https:\/\/olemosaic.orbitalia.org\/pt-pt\/wp-json\/wp\/v2\/product"}],"about":[{"href":"https:\/\/olemosaic.orbitalia.org\/pt-pt\/wp-json\/wp\/v2\/types\/product"}],"wp:featuredmedia":[{"embeddable":true,"href":"https:\/\/olemosaic.orbitalia.org\/pt-pt\/wp-json\/wp\/v2\/media\/10668"}],"wp:attachment":[{"href":"https:\/\/olemosaic.orbitalia.org\/pt-pt\/wp-json\/wp\/v2\/media?parent=32999"}],"wp:term":[{"taxonomy":"product_brand","embeddable":true,"href":"https:\/\/olemosaic.orbitalia.org\/pt-pt\/wp-json\/wp\/v2\/product_brand?post=32999"},{"taxonomy":"product_cat","embeddable":true,"href":"https:\/\/olemosaic.orbitalia.org\/pt-pt\/wp-json\/wp\/v2\/product_cat?post=32999"},{"taxonomy":"product_tag","embeddable":true,"href":"https:\/\/olemosaic.orbitalia.org\/pt-pt\/wp-json\/wp\/v2\/product_tag?post=32999"}],"curies":[{"name":"wp","href":"https:\/\/api.w.org\/{rel}","templated":true}]}}