{"id":32955,"date":"2025-02-20T22:32:59","date_gmt":"2025-02-20T22:32:59","guid":{"rendered":"https:\/\/olemosaic.orbitalia.org\/producto\/iman-de-metal-mariposa-8-cm\/"},"modified":"2025-07-25T20:32:31","modified_gmt":"2025-07-25T18:32:31","slug":"iman-de-metal-borboleta-8-cm","status":"publish","type":"product","link":"https:\/\/olemosaic.orbitalia.org\/pt-pt\/produto\/iman-de-metal-borboleta-8-cm\/","title":{"rendered":"\u00cdman de metal. Borboleta. 8 cm."},"content":{"rendered":"<p>Este \u00edman decorativo de metal de 8 cm \u00e9 uma pequena obra de arte que capta a ess\u00eancia vibrante da natureza espanhola. Com um deslumbrante design de borboletas, este \u00edman apresenta ilustra\u00e7\u00f5es coloridas em tons brilhantes como o azul, o preto e o rosa, complementadas com flores vermelhas e amarelas. A combina\u00e7\u00e3o destas cores, sobre um fundo azul claro, evoca um ambiente alegre e festivo, ideal para recordar a beleza da fauna ib\u00e9rica.<\/p>\n<p>O design inspira-se na arte do mosaico, um elemento distintivo da cultura espanhola, conhecido pela sua rica hist\u00f3ria e pelo seu uso na decora\u00e7\u00e3o de espa\u00e7os emblem\u00e1ticos, como a Casa Batll\u00f3 em Barcelona. A delicadeza das borboletas, cada uma com detalhes \u00fanicos e chamativos, entrela\u00e7a-se com um fundo que simula um mosaico, real\u00e7ando n\u00e3o s\u00f3 a diversidade das esp\u00e9cies, mas tamb\u00e9m a habilidade art\u00edstica que caracteriza o artesanato espanhol.<\/p>\n<p>Este \u00edman de borboletas n\u00e3o \u00e9 apenas uma recorda\u00e7\u00e3o preciosa, mas tamb\u00e9m um aut\u00eantico souvenir que celebra as tradi\u00e7\u00f5es culturais de Espanha. Perfeito para turistas que procuram um detalhe significativo e colorido, este produto \u00e9 uma excelente op\u00e7\u00e3o para lojas de presentes tur\u00edsticos que desejem oferecer artigos de qualidade. Na Ol\u00e9 Mosaic, como distribuidores de souvenirs por grosso, garantimos a autenticidade e o design \u00fanico de cada pe\u00e7a, fazendo deste \u00edman um complemento ideal para qualquer cole\u00e7\u00e3o.<\/p>\n","protected":false},"excerpt":{"rendered":"<p>\u00cdman met\u00e1lico de 8 cm com um design vibrante de borboletas sobre um fundo azul. Este atraente \u00edman apresenta borboletas coloridas em tons brilhantes como azul, preto e rosa, acompanhadas de flores vermelhas e amarelas. O design evoca a arte do mosaico, com um acabamento que real\u00e7a a beleza da fauna num contexto alegre e colorido, ideal para recordar as tradi\u00e7\u00f5es culturais de Espanha.<\/p>\n","protected":false},"featured_media":11446,"template":"","meta":{"_acf_changed":false},"product_brand":[],"product_cat":[699],"product_tag":[516],"class_list":{"0":"post-32955","1":"product","2":"type-product","3":"status-publish","4":"has-post-thumbnail","6":"product_cat-imanes","7":"product_tag-animais","8":"pa_motivo-borboletas","10":"first","11":"instock","12":"shipping-taxable","13":"product-type-simple"},"acf":[],"_links":{"self":[{"href":"https:\/\/olemosaic.orbitalia.org\/pt-pt\/wp-json\/wp\/v2\/product\/32955","targetHints":{"allow":["GET"]}}],"collection":[{"href":"https:\/\/olemosaic.orbitalia.org\/pt-pt\/wp-json\/wp\/v2\/product"}],"about":[{"href":"https:\/\/olemosaic.orbitalia.org\/pt-pt\/wp-json\/wp\/v2\/types\/product"}],"wp:featuredmedia":[{"embeddable":true,"href":"https:\/\/olemosaic.orbitalia.org\/pt-pt\/wp-json\/wp\/v2\/media\/11446"}],"wp:attachment":[{"href":"https:\/\/olemosaic.orbitalia.org\/pt-pt\/wp-json\/wp\/v2\/media?parent=32955"}],"wp:term":[{"taxonomy":"product_brand","embeddable":true,"href":"https:\/\/olemosaic.orbitalia.org\/pt-pt\/wp-json\/wp\/v2\/product_brand?post=32955"},{"taxonomy":"product_cat","embeddable":true,"href":"https:\/\/olemosaic.orbitalia.org\/pt-pt\/wp-json\/wp\/v2\/product_cat?post=32955"},{"taxonomy":"product_tag","embeddable":true,"href":"https:\/\/olemosaic.orbitalia.org\/pt-pt\/wp-json\/wp\/v2\/product_tag?post=32955"}],"curies":[{"name":"wp","href":"https:\/\/api.w.org\/{rel}","templated":true}]}}