{"id":32953,"date":"2025-02-20T22:32:59","date_gmt":"2025-02-20T22:32:59","guid":{"rendered":"https:\/\/olemosaic.orbitalia.org\/producto\/funda-de-telefono-para-iphone-11-promax-tpu-mosaico-blanco\/"},"modified":"2025-07-25T19:38:18","modified_gmt":"2025-07-25T17:38:18","slug":"capa-de-telemovel-para-iphone-11-pro-max-tpu-mosaico-branco","status":"publish","type":"product","link":"https:\/\/olemosaic.orbitalia.org\/pt-pt\/produto\/capa-de-telemovel-para-iphone-11-pro-max-tpu-mosaico-branco\/","title":{"rendered":"Capa de telem\u00f3vel para iPhone 11 Pro Max (TPU). Mosaico. Branco"},"content":{"rendered":"<p>Esta capa decorativa para iPhone 11 Pro Max funde funcionalidade e arte, perfeita para quem procura uma recorda\u00e7\u00e3o aut\u00eantica da vibrante cultura espanhola. Fabricada em TPU de alta qualidade, esta capa n\u00e3o s\u00f3 protege o seu dispositivo, como tamb\u00e9m exibe um requintado design de mosaico que evoca a rica tradi\u00e7\u00e3o art\u00edstica da cer\u00e2mica mediterr\u00e2nica. O seu padr\u00e3o colorido combina tons azuis, vermelhos, laranjas e brancos, criando uma atraente sinfonia visual que recorda os mosaicos que adornam pra\u00e7as e edif\u00edcios emblem\u00e1ticos de Espanha.<\/p>\n<p>Cada forma geom\u00e9trica e floral desta capa foi desenhada para captar a ess\u00eancia do folclore mediterr\u00e2nico, conferindo um toque contempor\u00e2neo a um cl\u00e1ssico muito procurado pelos turistas. O acabamento brilhante real\u00e7a cada detalhe, tornando-a um objeto de admira\u00e7\u00e3o e conversa. Este souvenir n\u00e3o s\u00f3 reflete a autenticidade da cultura art\u00edstica espanhola, como tamb\u00e9m \u00e9 uma excelente escolha para lojas de presentes tur\u00edsticos que desejem oferecer produtos com valor cultural. Na Ol\u00e9 Mosaic, como grossista de acess\u00f3rios, garantimos qualidade e singularidade em cada produto, fazendo desta capa uma op\u00e7\u00e3o ideal para quem procura recorda\u00e7\u00f5es \u00fanicas e funcionais da sua visita a Espanha.<\/p>\n","protected":false},"excerpt":{"rendered":"<p>Capa de telem\u00f3vel para iPhone 11 Pro Max fabricada em TPU, decorada com um vibrante design de mosaico. Esta capa apresenta uma variada combina\u00e7\u00e3o de padr\u00f5es em azul, vermelho, laranja e branco, que evoca a rica tradi\u00e7\u00e3o art\u00edstica da cer\u00e2mica espanhola. Ideal para proteger o seu dispositivo, o seu acabamento exibe uma encantadora fus\u00e3o de formas geom\u00e9tricas e florais, que evoca o esp\u00edrito do folclore e da cultura mediterr\u00e2nica.<\/p>\n","protected":false},"featured_media":12995,"template":"","meta":{"_acf_changed":false},"product_brand":[],"product_cat":[685],"product_tag":[],"class_list":{"0":"post-32953","1":"product","2":"type-product","3":"status-publish","4":"has-post-thumbnail","6":"product_cat-capas-para-telemoveis","7":"pa_motivo-mosaico","9":"first","10":"instock","11":"shipping-taxable","12":"product-type-simple"},"acf":[],"_links":{"self":[{"href":"https:\/\/olemosaic.orbitalia.org\/pt-pt\/wp-json\/wp\/v2\/product\/32953","targetHints":{"allow":["GET"]}}],"collection":[{"href":"https:\/\/olemosaic.orbitalia.org\/pt-pt\/wp-json\/wp\/v2\/product"}],"about":[{"href":"https:\/\/olemosaic.orbitalia.org\/pt-pt\/wp-json\/wp\/v2\/types\/product"}],"wp:featuredmedia":[{"embeddable":true,"href":"https:\/\/olemosaic.orbitalia.org\/pt-pt\/wp-json\/wp\/v2\/media\/12995"}],"wp:attachment":[{"href":"https:\/\/olemosaic.orbitalia.org\/pt-pt\/wp-json\/wp\/v2\/media?parent=32953"}],"wp:term":[{"taxonomy":"product_brand","embeddable":true,"href":"https:\/\/olemosaic.orbitalia.org\/pt-pt\/wp-json\/wp\/v2\/product_brand?post=32953"},{"taxonomy":"product_cat","embeddable":true,"href":"https:\/\/olemosaic.orbitalia.org\/pt-pt\/wp-json\/wp\/v2\/product_cat?post=32953"},{"taxonomy":"product_tag","embeddable":true,"href":"https:\/\/olemosaic.orbitalia.org\/pt-pt\/wp-json\/wp\/v2\/product_tag?post=32953"}],"curies":[{"name":"wp","href":"https:\/\/api.w.org\/{rel}","templated":true}]}}