{"id":32942,"date":"2025-02-20T23:32:58","date_gmt":"2025-02-20T22:32:58","guid":{"rendered":"https:\/\/olemosaic.orbitalia.org\/producto\/iman-de-resina-salamandra-9-cm-4\/"},"modified":"2025-07-25T20:16:56","modified_gmt":"2025-07-25T18:16:56","slug":"iman-de-resina-salamandra-9-cm-4-pt-pt","status":"publish","type":"product","link":"https:\/\/olemosaic.orbitalia.org\/pt-pt\/produto\/iman-de-resina-salamandra-9-cm-4-pt-pt\/","title":{"rendered":"\u00cdman de resina. Salamandra. Mosaico. 9 cm."},"content":{"rendered":"<p>Este \u00edman de resina com forma de salamandra \u00e9 uma pe\u00e7a vibrante e \u00fanica que capta a ess\u00eancia da arte mediterr\u00e2nica, inspirado na obra do famoso arquiteto Antoni Gaud\u00ed. Com dimens\u00f5es de 9 cm, este \u00edman apresenta um belo design de mosaico que combina uma paleta de cores vivas, como azuis, laranjas e verdes, recriando um espet\u00e1culo visual que alegra qualquer frigor\u00edfico. A salamandra, s\u00edmbolo de renova\u00e7\u00e3o e transforma\u00e7\u00e3o, destaca-se n\u00e3o s\u00f3 pela sua forma distintiva, mas tamb\u00e9m pelo seu acabamento detalhado que resulta muito atraente.<\/p>\n<p>Esta pe\u00e7a torna-se uma recorda\u00e7\u00e3o perfeita da rica flora e fauna da regi\u00e3o mediterr\u00e2nica, refletindo a biodiversidade que caracteriza a Espanha. Utilizado tradicionalmente na iconografia de Gaud\u00ed, o design do mosaico evoca a est\u00e9tica modernista, recordando aos visitantes a profunda liga\u00e7\u00e3o da cultura espanhola com o seu ambiente natural. Na Ol\u00e9 Mosaic, oferecemos este \u00edman como um souvenir aut\u00eantico e representativo, ideal para turistas que procuram levar um pedacinho da hist\u00f3ria e da cultura espanholas. \u00c9 uma excelente op\u00e7\u00e3o para lojas de presentes tur\u00edsticos que desejem oferecer produtos que encarnem a riqueza do patrim\u00f3nio cultural, tornando-o um artigo atraente e relevante na sua gama de souvenirs.<\/p>\n","protected":false},"excerpt":{"rendered":"<p>\u00cdman com forma de salamandra de 9 cm, decorado com um vibrante design de mosaico que evoca o estilo art\u00edstico de Gaud\u00ed. Este chamativo \u00edman apresenta uma paleta de cores vivas, com azuis, laranjas e verdes, ideal para dar um toque alegre a qualquer frigor\u00edfico. O seu acabamento detalhado e a sua forma distintiva tornam-no na recorda\u00e7\u00e3o perfeita da rica cultura e arte de Espanha, captando a ess\u00eancia da fauna mediterr\u00e2nica.<\/p>\n","protected":false},"featured_media":9264,"template":"","meta":{"_acf_changed":false},"product_brand":[],"product_cat":[699],"product_tag":[516],"class_list":{"0":"post-32942","1":"product","2":"type-product","3":"status-publish","4":"has-post-thumbnail","6":"product_cat-imanes","7":"product_tag-animais","8":"pa_motivo-salamandras","10":"first","11":"instock","12":"shipping-taxable","13":"product-type-simple"},"acf":[],"_links":{"self":[{"href":"https:\/\/olemosaic.orbitalia.org\/pt-pt\/wp-json\/wp\/v2\/product\/32942","targetHints":{"allow":["GET"]}}],"collection":[{"href":"https:\/\/olemosaic.orbitalia.org\/pt-pt\/wp-json\/wp\/v2\/product"}],"about":[{"href":"https:\/\/olemosaic.orbitalia.org\/pt-pt\/wp-json\/wp\/v2\/types\/product"}],"wp:featuredmedia":[{"embeddable":true,"href":"https:\/\/olemosaic.orbitalia.org\/pt-pt\/wp-json\/wp\/v2\/media\/9264"}],"wp:attachment":[{"href":"https:\/\/olemosaic.orbitalia.org\/pt-pt\/wp-json\/wp\/v2\/media?parent=32942"}],"wp:term":[{"taxonomy":"product_brand","embeddable":true,"href":"https:\/\/olemosaic.orbitalia.org\/pt-pt\/wp-json\/wp\/v2\/product_brand?post=32942"},{"taxonomy":"product_cat","embeddable":true,"href":"https:\/\/olemosaic.orbitalia.org\/pt-pt\/wp-json\/wp\/v2\/product_cat?post=32942"},{"taxonomy":"product_tag","embeddable":true,"href":"https:\/\/olemosaic.orbitalia.org\/pt-pt\/wp-json\/wp\/v2\/product_tag?post=32942"}],"curies":[{"name":"wp","href":"https:\/\/api.w.org\/{rel}","templated":true}]}}