{"id":32941,"date":"2025-02-20T23:32:58","date_gmt":"2025-02-20T22:32:58","guid":{"rendered":"https:\/\/olemosaic.orbitalia.org\/producto\/iman-de-resina-salamandra-10-cm-2\/"},"modified":"2025-07-25T19:37:22","modified_gmt":"2025-07-25T17:37:22","slug":"iman-de-resina-salamandra-10-cm-2-pt-pt","status":"publish","type":"product","link":"https:\/\/olemosaic.orbitalia.org\/pt-pt\/produto\/iman-de-resina-salamandra-10-cm-2-pt-pt\/","title":{"rendered":"\u00cdman de resina. Salamandra. Mosaico. 10 cm."},"content":{"rendered":"<p>Este \u00edman de resina com forma de salamandra \u00e9 uma recorda\u00e7\u00e3o vibrante que capta a ess\u00eancia da arte mediterr\u00e2nica. Com dimens\u00f5es de 10 cm, este atraente souvenir exibe um design colorido inspirado na rica tradi\u00e7\u00e3o art\u00edstica espanhola. A salamandra apresenta uma paleta de cores que abrange azuis profundos, vermelhos intensos e amarelos brilhantes, refletindo n\u00e3o s\u00f3 a beleza natural destes r\u00e9pteis no seu habitat, mas tamb\u00e9m o calor e a diversidade da cultura mediterr\u00e2nica.<\/p>\n<p>O design \u00e9 meticulosamente elaborado com detalhes art\u00edsticos que evocam a cer\u00e2mica com efeito pintado \u00e0 m\u00e3o, conferindo um ar artesanal que real\u00e7a a sua autenticidade. Cada \u00edman \u00e9 uma pequena obra-prima, perfeita para quem deseja levar um peda\u00e7o de Espanha para casa. Este \u00edman n\u00e3o \u00e9 apenas funcional, mas tamb\u00e9m atua como uma pe\u00e7a decorativa que embeleza qualquer espa\u00e7o, recordando aos turistas a experi\u00eancia \u00fanica vivida durante a sua visita.<\/p>\n<p>Na Ol\u00e9 Mosaic, dedicamo-nos \u00e0 distribui\u00e7\u00e3o de souvenirs por grosso, e este \u00edman de salamandra \u00e9 uma excelente op\u00e7\u00e3o para lojas de presentes tur\u00edsticos que procuram oferecer produtos aut\u00eanticos e representativos da riqueza cultural espanhola. Uma recorda\u00e7\u00e3o que conjuga arte e funcionalidade, ideal para quem aprecia a beleza e a tradi\u00e7\u00e3o.<\/p>\n","protected":false},"excerpt":{"rendered":"<p>\u00cdman com forma de salamandra e um design vibrante de mosaico inspirado na cultura mediterr\u00e2nica. Este atraente souvenir de 10 cm apresenta uma paleta de cores que inclui azuis, vermelhos e amarelos, refletindo a beleza natural destes r\u00e9pteis no seu habitat. Os detalhes art\u00edsticos de cer\u00e2mica com design artesanal, pintado \u00e0 m\u00e3o, conferem-lhe um ar artesanal, ideal para recordar a ess\u00eancia de Espanha e a sua rica tradi\u00e7\u00e3o art\u00edstica.<\/p>\n","protected":false},"featured_media":6416,"template":"","meta":{"_acf_changed":false},"product_brand":[],"product_cat":[699],"product_tag":[516],"class_list":{"0":"post-32941","1":"product","2":"type-product","3":"status-publish","4":"has-post-thumbnail","6":"product_cat-imanes","7":"product_tag-animais","8":"pa_motivo-salamandras","10":"first","11":"instock","12":"shipping-taxable","13":"product-type-simple"},"acf":[],"_links":{"self":[{"href":"https:\/\/olemosaic.orbitalia.org\/pt-pt\/wp-json\/wp\/v2\/product\/32941","targetHints":{"allow":["GET"]}}],"collection":[{"href":"https:\/\/olemosaic.orbitalia.org\/pt-pt\/wp-json\/wp\/v2\/product"}],"about":[{"href":"https:\/\/olemosaic.orbitalia.org\/pt-pt\/wp-json\/wp\/v2\/types\/product"}],"wp:featuredmedia":[{"embeddable":true,"href":"https:\/\/olemosaic.orbitalia.org\/pt-pt\/wp-json\/wp\/v2\/media\/6416"}],"wp:attachment":[{"href":"https:\/\/olemosaic.orbitalia.org\/pt-pt\/wp-json\/wp\/v2\/media?parent=32941"}],"wp:term":[{"taxonomy":"product_brand","embeddable":true,"href":"https:\/\/olemosaic.orbitalia.org\/pt-pt\/wp-json\/wp\/v2\/product_brand?post=32941"},{"taxonomy":"product_cat","embeddable":true,"href":"https:\/\/olemosaic.orbitalia.org\/pt-pt\/wp-json\/wp\/v2\/product_cat?post=32941"},{"taxonomy":"product_tag","embeddable":true,"href":"https:\/\/olemosaic.orbitalia.org\/pt-pt\/wp-json\/wp\/v2\/product_tag?post=32941"}],"curies":[{"name":"wp","href":"https:\/\/api.w.org\/{rel}","templated":true}]}}