{"id":32910,"date":"2025-02-20T23:32:58","date_gmt":"2025-02-20T22:32:58","guid":{"rendered":"https:\/\/olemosaic.orbitalia.org\/producto\/iman-de-resina-salamandra-12-cm\/"},"modified":"2025-07-25T19:57:40","modified_gmt":"2025-07-25T17:57:40","slug":"iman-de-resina-salamandra-12-cm-pt-pt","status":"publish","type":"product","link":"https:\/\/olemosaic.orbitalia.org\/pt-pt\/produto\/iman-de-resina-salamandra-12-cm-pt-pt\/","title":{"rendered":"\u00cdman de resina. Salamandra. 12 cm."},"content":{"rendered":"<p>Este \u00edman de resina com forma de salamandra \u00e9 uma recorda\u00e7\u00e3o vibrante que capta a ess\u00eancia da arte do mosaico, t\u00e3o caracter\u00edstica das regi\u00f5es mediterr\u00e2nicas. Com dimens\u00f5es de 12 cm, este \u00edman destaca-se pela sua intrincada e colorida combina\u00e7\u00e3o de tons azuis, verdes, laranjas e amarelos, que d\u00e3o vida a uma representa\u00e7\u00e3o estilizada deste \u00edcone s\u00edmbolo da fauna mediterr\u00e2nica.<\/p>\n<p>O design da salamandra n\u00e3o \u00e9 apenas atraente, mas tamb\u00e9m revela uma aten\u00e7\u00e3o meticulosa aos detalhes, garantindo que cada pe\u00e7a seja \u00fanica e cheia de personalidade. O seu acabamento brilhante real\u00e7a as cores, conferindo um toque distintivo que o torna uma excelente op\u00e7\u00e3o para adornar qualquer superf\u00edcie met\u00e1lica, desde frigor\u00edficos a pain\u00e9is magn\u00e9ticos em casas ou neg\u00f3cios.<\/p>\n<p>A salamandra, considerada um s\u00edmbolo de transforma\u00e7\u00e3o e renascimento, tem uma forte liga\u00e7\u00e3o cultural, representando a diversidade da natureza e a beleza da fauna que rodeia o Mediterr\u00e2neo. Este \u00edman n\u00e3o \u00e9 apenas uma recorda\u00e7\u00e3o encantadora, mas tamb\u00e9m uma pe\u00e7a que celebra a rica heran\u00e7a cultural da regi\u00e3o.<\/p>\n<p>Na Ol\u00e9 Mosaic, especializamo-nos na venda por grosso de recorda\u00e7\u00f5es, oferecendo produtos que refletem a autenticidade e o valor cultural dos seus locais de origem. Este \u00edman de resina \u00e9 uma excelente op\u00e7\u00e3o para lojas de presentes tur\u00edsticos que procuram oferecer aos seus clientes uma recorda\u00e7\u00e3o representativa e de qualidade das suas viagens. Como distribuidores de recorda\u00e7\u00f5es, garantimos que cada artigo \u00e9 uma combina\u00e7\u00e3o perfeita de arte e tradi\u00e7\u00e3o.<\/p>\n","protected":false},"excerpt":{"rendered":"<p>\u00cdman com forma de salamandra, um design vibrante e colorido que evoca a arte do mosaico. Este \u00edman, de 12 cm, destaca-se pela sua intrincada combina\u00e7\u00e3o de tons azuis, verdes, laranjas e amarelos, que representam de forma estilizada um s\u00edmbolo ic\u00f3nico da fauna mediterr\u00e2nica. Perfeito para adornar qualquer superf\u00edcie met\u00e1lica, o seu acabamento brilhante e os seus pormenores minuciosos acrescentam um toque distintivo \u00e0 decora\u00e7\u00e3o da sua casa.<\/p>\n","protected":false},"featured_media":9257,"template":"","meta":{"_acf_changed":false},"product_brand":[],"product_cat":[699],"product_tag":[516],"class_list":{"0":"post-32910","1":"product","2":"type-product","3":"status-publish","4":"has-post-thumbnail","6":"product_cat-imanes","7":"product_tag-animais","8":"pa_motivo-salamandras","10":"first","11":"instock","12":"shipping-taxable","13":"product-type-simple"},"acf":[],"_links":{"self":[{"href":"https:\/\/olemosaic.orbitalia.org\/pt-pt\/wp-json\/wp\/v2\/product\/32910","targetHints":{"allow":["GET"]}}],"collection":[{"href":"https:\/\/olemosaic.orbitalia.org\/pt-pt\/wp-json\/wp\/v2\/product"}],"about":[{"href":"https:\/\/olemosaic.orbitalia.org\/pt-pt\/wp-json\/wp\/v2\/types\/product"}],"wp:featuredmedia":[{"embeddable":true,"href":"https:\/\/olemosaic.orbitalia.org\/pt-pt\/wp-json\/wp\/v2\/media\/9257"}],"wp:attachment":[{"href":"https:\/\/olemosaic.orbitalia.org\/pt-pt\/wp-json\/wp\/v2\/media?parent=32910"}],"wp:term":[{"taxonomy":"product_brand","embeddable":true,"href":"https:\/\/olemosaic.orbitalia.org\/pt-pt\/wp-json\/wp\/v2\/product_brand?post=32910"},{"taxonomy":"product_cat","embeddable":true,"href":"https:\/\/olemosaic.orbitalia.org\/pt-pt\/wp-json\/wp\/v2\/product_cat?post=32910"},{"taxonomy":"product_tag","embeddable":true,"href":"https:\/\/olemosaic.orbitalia.org\/pt-pt\/wp-json\/wp\/v2\/product_tag?post=32910"}],"curies":[{"name":"wp","href":"https:\/\/api.w.org\/{rel}","templated":true}]}}